{"id":394042,"date":"2025-09-16T13:14:37","date_gmt":"2025-09-16T11:14:37","guid":{"rendered":"https:\/\/ab-marineservice.com\/product\/volvo-penta-wasserpumpe-21192325\/"},"modified":"2026-04-29T19:25:54","modified_gmt":"2026-04-29T17:25:54","slug":"volvo-penta-d1-d2-wasserpumpe-21192325","status":"publish","type":"product","link":"https:\/\/ab-marineservice.com\/de\/produkt\/volvo-penta-d1-d2-wasserpumpe-21192325\/","title":{"rendered":"Volvo Penta D1, D2 Wasserpumpe &#8211; 21192325"},"content":{"rendered":"<p><strong>Geeignet f\u00fcr:<\/strong><br \/>\nVolvo Penta D1-30<br \/>\nVolvo Penta D1-30B<br \/>\nVolvo Penta D1-30F<br \/>\nVolvo Penta D2-40<br \/>\nVolvo Penta D2-40B<br \/>\nVolvo Penta D2-40F<\/p>\n","protected":false},"excerpt":{"rendered":"<p>Volvo Penta Wasserpumpe 21192325 ist eine vollst\u00e4ndige Wasserpumpe f\u00fcr D1- und D2-Dieselmotoren, die f\u00fcr eine zuverl\u00e4ssige Zirkulation des K\u00fchlwassers durch das K\u00fchlsystem sorgt. Durch das effektive Umw\u00e4lzen des K\u00fchlwassers verhindert diese Wasserpumpe \u00dcberhitzung und sch\u00fctzt den Motor vor Sch\u00e4den durch hohe Temperaturen bei l\u00e4ngerem Betrieb oder hoher Belastung.<\/p>\n<h4>Wichtigste Merkmale und Vorteile:<\/h4>\n<p>Verhindert \u00dcberhitzung: Pumpt K\u00fchlwasser effizient durch den Motor und den W\u00e4rmetauscher f\u00fcr stabile Betriebstemperaturen.<br \/>\nZuverl\u00e4ssige K\u00fchlung: Wesentliches Bauteil des K\u00fchlsystems, das f\u00fcr konstanten Wasserfluss sorgt.<br \/>\nLanglebiges Design: Original Volvo Penta-Qualit\u00e4t f\u00fcr zuverl\u00e4ssigen Betrieb unter maritimen Bedingungen.<br \/>\nEinfache Ersatzteil: Direkter Ersatz f\u00fcr D1- und D2-Motoren bei Wartung oder Reparatur.<\/p>\n<h4>Teile<\/h4>\n<p>Dichtung: <a href=\"\n\n<p>Volvo Penta Wasserpumpe 21192325 ist eine vollst\u00e4ndige Wasserpumpe f\u00fcr D1- und D2-Dieselmotoren, die f\u00fcr eine zuverl\u00e4ssige Zirkulation des K\u00fchlwassers durch das K\u00fchlsystem sorgt. Durch das effektive Umw\u00e4lzen des K\u00fchlwassers verhindert diese Wasserpumpe \u00dcberhitzung und sch\u00fctzt den Motor vor Sch\u00e4den durch hohe Temperaturen bei l\u00e4ngerem Betrieb oder hoher Belastung.<\/p>\n<h4>Wichtigste Merkmale und Vorteile:<\/h4>\n<p>Verhindert \u00dcberhitzung: Pumpt K\u00fchlwasser effizient durch den Motor und den W\u00e4rmetauscher f\u00fcr stabile Betriebstemperaturen.<br \/>\nZuverl\u00e4ssige K\u00fchlung: Wesentliches Bauteil des K\u00fchlsystems, das f\u00fcr konstanten Wasserfluss sorgt.<br \/>\nLanglebiges Design: Original Volvo Penta-Qualit\u00e4t f\u00fcr zuverl\u00e4ssigen Betrieb unter maritimen Bedingungen.<br \/>\nEinfache Ersatzteil: Direkter Ersatz f\u00fcr D1- und D2-Motoren bei Wartung oder Reparatur.<\/p>\n<h4>Teile<\/h4>\n<p>Dichtung: <a href=\"https:\/\/ab-marineservice.com\/de\/produkt\/volvo-penta-dichtung-3884539\/\">3884539<\/a><br \/>\nAbdeckplatte: 3884538<br \/>\nRiemenscheibe: 21192097<\/p>\n<p>&#8220;>3884539<\/a><br \/>\nAbdeckplatte: 3884538<br \/>\nRiemenscheibe: 21192097<\/p>\n","protected":false},"featured_media":417286,"comment_status":"open","ping_status":"closed","template":"","meta":[],"location":[28168],"product_brand":[25895],"product_cat":[1222,22116,25254],"product_tag":[],"class_list":{"0":"post-394042","1":"product","2":"type-product","3":"status-publish","4":"has-post-thumbnail","6":"location-middelzee-motoren","7":"product_brand-volvo-penta","8":"product_cat-motorteile","9":"product_cat-teile-nach-marke","10":"product_cat-weitere-volvo-penta-teile","11":"product_shipping_class-paket-0-10-kg","13":"first","14":"instock","15":"sale","16":"taxable","17":"shipping-taxable","18":"purchasable","19":"product-type-simple"},"group_of_quantity":0,"min_quantity":0,"max_quantity":"","exclude_order_quantity_value_rules":"no","exclude_category_quantity_rules":"no","combine_variations":"no","locations":[{"id":28168,"name":"Middelzee motoren","slug":"middelzee-motoren","quantity":""}],"_links":{"self":[{"href":"https:\/\/ab-marineservice.com\/de\/wp-json\/wp\/v2\/product\/394042","targetHints":{"allow":["GET"]}}],"collection":[{"href":"https:\/\/ab-marineservice.com\/de\/wp-json\/wp\/v2\/product"}],"about":[{"href":"https:\/\/ab-marineservice.com\/de\/wp-json\/wp\/v2\/types\/product"}],"replies":[{"embeddable":true,"href":"https:\/\/ab-marineservice.com\/de\/wp-json\/wp\/v2\/comments?post=394042"}],"wp:featuredmedia":[{"embeddable":true,"href":"https:\/\/ab-marineservice.com\/de\/wp-json\/wp\/v2\/media\/417286"}],"wp:attachment":[{"href":"https:\/\/ab-marineservice.com\/de\/wp-json\/wp\/v2\/media?parent=394042"}],"wp:term":[{"taxonomy":"location","embeddable":true,"href":"https:\/\/ab-marineservice.com\/de\/wp-json\/wp\/v2\/location?post=394042"},{"taxonomy":"product_brand","embeddable":true,"href":"https:\/\/ab-marineservice.com\/de\/wp-json\/wp\/v2\/product_brand?post=394042"},{"taxonomy":"product_cat","embeddable":true,"href":"https:\/\/ab-marineservice.com\/de\/wp-json\/wp\/v2\/product_cat?post=394042"},{"taxonomy":"product_tag","embeddable":true,"href":"https:\/\/ab-marineservice.com\/de\/wp-json\/wp\/v2\/product_tag?post=394042"}],"curies":[{"name":"wp","href":"https:\/\/api.w.org\/{rel}","templated":true}]}}