{"id":394043,"date":"2025-09-16T13:14:37","date_gmt":"2025-09-16T11:14:37","guid":{"rendered":"https:\/\/ab-marineservice.com\/product\/volvo-penta-wasserpumpe-21282005\/"},"modified":"2026-05-04T17:24:22","modified_gmt":"2026-05-04T15:24:22","slug":"volvo-penta-wasserpumpe-21282005","status":"publish","type":"product","link":"https:\/\/ab-marineservice.com\/de\/produkt\/volvo-penta-wasserpumpe-21282005\/","title":{"rendered":"Volvo Penta 22-Serie Umw\u00e4lzpumpe &#8211; 21282005"},"content":{"rendered":"<p><strong>Geeignet f\u00fcr:<\/strong><br \/>\nVolvo Penta MD22<br \/>\nVolvo Penta MD22A<br \/>\nVolvo Penta MD22L<br \/>\nVolvo Penta MD22P<br \/>\nVolvo Penta TAMD22P-B<br \/>\nVolvo Penta TMD22A<br \/>\nVolvo Penta TMD22B<br \/>\nVolvo Penta TMD22P-C<\/p>\n","protected":false},"excerpt":{"rendered":"<p>Die Volvo Penta Wasserpumpe 21282005 (auch als Umw\u00e4lzpumpe bezeichnet) ist eine wichtige Pumpe f\u00fcr das K\u00fchlsystem des Motors. Diese Pumpe sorgt f\u00fcr die Zirkulation von K\u00fchlfl\u00fcssigkeit, um den Motor auf einer optimalen Temperatur zu halten. Das Teil wurde speziell f\u00fcr den Einsatz in verschiedenen Volvo Penta 22-Serie Dieselmotoren entwickelt und ersetzt die \u00e4ltere Artikelnummer 859774.<\/p>\n<h4>Hauptmerkmale und Vorteile:<\/h4>\n<p><strong>Optimale Motork\u00fchlung:<\/strong> Sorgt f\u00fcr die Zirkulation von K\u00fchlfl\u00fcssigkeit, um den Motor auf der richtigen Temperatur zu halten.<br \/>\n<strong>Speziell f\u00fcr Volvo Penta 22-Serie:<\/strong> Entwickelt f\u00fcr verschiedene Dieselmotoren in dieser Serie.<br \/>\n<strong>Ersetzt \u00e4lteres Teil:<\/strong> Ersetzt unter anderem die Artikelnummer 859774 f\u00fcr verbesserte Leistung.<br \/>\n<strong>Zuverl\u00e4ssig und effizient:<\/strong> Essentiell f\u00fcr die langfristige Aufrechterhaltung der Motorleistung.<\/p>\n<h4>Die folgenden Teile werden f\u00fcr die Volvo Penta 22-Serie Umw\u00e4lzpumpe (Teilenummer: 21282005) empfohlen:<\/h4>\n<p><strong>Keilriemen (Teilenummer: 966912):<\/strong> Dieser Riemen ist entscheidend f\u00fcr den Antrieb der Pumpe. <a href=\"https:\/\/ab-marineservice.com\/de\/produkt\/volvo-penta-keilriemen-966912\/\">Produkt hier ansehen<\/a>.<br \/>\n<strong>Dichtmasse (Teilenummer: 22618327):<\/strong> Essenziell f\u00fcr das Abdichten von Verbindungen. <a href=\"https:\/\/ab-marineservice.com\/de\/produkt\/volvo-penta-dichtmittel-22618327\/\">Produkt hier ansehen<\/a>.<\/p>\n","protected":false},"featured_media":418838,"comment_status":"open","ping_status":"closed","template":"","meta":[],"location":[],"product_brand":[25895],"product_cat":[1222,22116,25254],"product_tag":[],"class_list":{"0":"post-394043","1":"product","2":"type-product","3":"status-publish","4":"has-post-thumbnail","6":"product_brand-volvo-penta","7":"product_cat-motorteile","8":"product_cat-teile-nach-marke","9":"product_cat-weitere-volvo-penta-teile","10":"product_shipping_class-paket-0-10-kg","12":"first","13":"instock","14":"sale","15":"taxable","16":"shipping-taxable","17":"purchasable","18":"product-type-simple"},"group_of_quantity":0,"min_quantity":0,"max_quantity":"","exclude_order_quantity_value_rules":"no","exclude_category_quantity_rules":"no","combine_variations":"no","locations":[{"id":28168,"name":"Middelzee motoren","slug":"middelzee-motoren","quantity":""}],"_links":{"self":[{"href":"https:\/\/ab-marineservice.com\/de\/wp-json\/wp\/v2\/product\/394043","targetHints":{"allow":["GET"]}}],"collection":[{"href":"https:\/\/ab-marineservice.com\/de\/wp-json\/wp\/v2\/product"}],"about":[{"href":"https:\/\/ab-marineservice.com\/de\/wp-json\/wp\/v2\/types\/product"}],"replies":[{"embeddable":true,"href":"https:\/\/ab-marineservice.com\/de\/wp-json\/wp\/v2\/comments?post=394043"}],"wp:featuredmedia":[{"embeddable":true,"href":"https:\/\/ab-marineservice.com\/de\/wp-json\/wp\/v2\/media\/418838"}],"wp:attachment":[{"href":"https:\/\/ab-marineservice.com\/de\/wp-json\/wp\/v2\/media?parent=394043"}],"wp:term":[{"taxonomy":"location","embeddable":true,"href":"https:\/\/ab-marineservice.com\/de\/wp-json\/wp\/v2\/location?post=394043"},{"taxonomy":"product_brand","embeddable":true,"href":"https:\/\/ab-marineservice.com\/de\/wp-json\/wp\/v2\/product_brand?post=394043"},{"taxonomy":"product_cat","embeddable":true,"href":"https:\/\/ab-marineservice.com\/de\/wp-json\/wp\/v2\/product_cat?post=394043"},{"taxonomy":"product_tag","embeddable":true,"href":"https:\/\/ab-marineservice.com\/de\/wp-json\/wp\/v2\/product_tag?post=394043"}],"curies":[{"name":"wp","href":"https:\/\/api.w.org\/{rel}","templated":true}]}}