{"id":394046,"date":"2025-09-16T13:15:00","date_gmt":"2025-09-16T11:15:00","guid":{"rendered":"https:\/\/ab-marineservice.com\/product\/volvo-penta-verschleisssatz-21951400\/"},"modified":"2026-01-30T13:36:32","modified_gmt":"2026-01-30T12:36:32","slug":"volvo-penta-verschleisssatz-21951400","status":"publish","type":"product","link":"https:\/\/ab-marineservice.com\/de\/produkt\/volvo-penta-verschleisssatz-21951400\/","title":{"rendered":"Volvo Penta Verschlei\u00dfkit f\u00fcr Meerwasserpumpe &#8211; 21951400"},"content":{"rendered":"<p><strong>Geeignet f\u00fcr:<\/strong><br \/>\nVolvo Penta AD30<br \/>\nVolvo Penta AD31<br \/>\nVolvo Penta AD40<br \/>\nVolvo Penta AD41<br \/>\nVolvo Penta AQAD30<br \/>\nVolvo Penta AQAD40<br \/>\nVolvo Penta AQD40<br \/>\nVolvo Penta MD30<br \/>\nVolvo Penta MD31<br \/>\nVolvo Penta MD40<br \/>\nVolvo Penta TAMD30<br \/>\nVolvo Penta TAMD31<br \/>\nVolvo Penta TAMD40<br \/>\nVolvo Penta TMD30<br \/>\nVolvo Penta TMD31<br \/>\nVolvo Penta TMD40<br \/>\nVolvo Penta 290<br \/>\nVolvo Penta DP-B<br \/>\nVolvo Penta SP-A<\/p>\n","protected":false},"excerpt":{"rendered":"<p>Volvo Penta Verschlei\u00dfkit f\u00fcr Meerwasserpumpe, OEM 21951400. Originalteil zur Wartung der Meerwasserpumpe und zur Sicherstellung einer effizienten Funktion.<\/p>\n","protected":false},"featured_media":0,"comment_status":"open","ping_status":"closed","template":"","meta":[],"location":[28168],"product_brand":[25895],"product_cat":[1222,22116,25254],"product_tag":[],"class_list":{"0":"post-394046","1":"product","2":"type-product","3":"status-publish","5":"location-middelzee-motoren","6":"product_brand-volvo-penta","7":"product_cat-motorteile","8":"product_cat-teile-nach-marke","9":"product_cat-weitere-volvo-penta-teile","10":"product_shipping_class-paket-0-10-kg","12":"first","13":"instock","14":"sale","15":"taxable","16":"shipping-taxable","17":"purchasable","18":"product-type-simple"},"group_of_quantity":0,"min_quantity":0,"max_quantity":"","exclude_order_quantity_value_rules":"no","exclude_category_quantity_rules":"no","combine_variations":"no","locations":[{"id":28168,"name":"Middelzee motoren","slug":"middelzee-motoren","quantity":""}],"_links":{"self":[{"href":"https:\/\/ab-marineservice.com\/de\/wp-json\/wp\/v2\/product\/394046","targetHints":{"allow":["GET"]}}],"collection":[{"href":"https:\/\/ab-marineservice.com\/de\/wp-json\/wp\/v2\/product"}],"about":[{"href":"https:\/\/ab-marineservice.com\/de\/wp-json\/wp\/v2\/types\/product"}],"replies":[{"embeddable":true,"href":"https:\/\/ab-marineservice.com\/de\/wp-json\/wp\/v2\/comments?post=394046"}],"wp:attachment":[{"href":"https:\/\/ab-marineservice.com\/de\/wp-json\/wp\/v2\/media?parent=394046"}],"wp:term":[{"taxonomy":"location","embeddable":true,"href":"https:\/\/ab-marineservice.com\/de\/wp-json\/wp\/v2\/location?post=394046"},{"taxonomy":"product_brand","embeddable":true,"href":"https:\/\/ab-marineservice.com\/de\/wp-json\/wp\/v2\/product_brand?post=394046"},{"taxonomy":"product_cat","embeddable":true,"href":"https:\/\/ab-marineservice.com\/de\/wp-json\/wp\/v2\/product_cat?post=394046"},{"taxonomy":"product_tag","embeddable":true,"href":"https:\/\/ab-marineservice.com\/de\/wp-json\/wp\/v2\/product_tag?post=394046"}],"curies":[{"name":"wp","href":"https:\/\/api.w.org\/{rel}","templated":true}]}}