{"id":394057,"date":"2025-09-16T13:15:54","date_gmt":"2025-09-16T11:15:54","guid":{"rendered":"https:\/\/ab-marineservice.com\/product\/volvo-penta-kabelbaum-21287072\/"},"modified":"2026-05-06T17:38:55","modified_gmt":"2026-05-06T15:38:55","slug":"volvo-penta-kabelbaum-21287072","status":"publish","type":"product","link":"https:\/\/ab-marineservice.com\/de\/produkt\/volvo-penta-kabelbaum-21287072\/","title":{"rendered":"Volvo Penta Kabelbaum T-Kabel Multilink EVC 2.0 &#8211; 21287072"},"content":{"rendered":"<p><strong>Geeignet f\u00fcr:<\/strong><br \/>\nVolvo Penta D11<br \/>\nVolvo Penta D13<br \/>\nVolvo Penta D16<br \/>\nVolvo Penta D3<br \/>\nVolvo Penta D4<br \/>\nVolvo Penta D6<br \/>\nVolvo Penta D8<br \/>\nVolvo Penta D9<br \/>\nVolvo Penta 4.3GXiE<br \/>\nVolvo Penta 5.0GiCE<br \/>\nVolvo Penta 5.0GXiCE<br \/>\nVolvo Penta 5.0GXiE<br \/>\nVolvo Penta 5.7GiCE<br \/>\nVolvo Penta 5.7GiE<br \/>\nVolvo Penta 5.7GXiCE<br \/>\nVolvo Penta 5.7GXiE<br \/>\nVolvo Penta 8.1GiCE<br \/>\nVolvo Penta 8.1GiE<br \/>\nVolvo Penta 8.1GXiE<br \/>\nVolvo Penta 8.1IPSCE<br \/>\nVolvo Penta 8.1IPSE<br \/>\nVolvo Penta 8.1OSiE<br \/>\nVolvo Penta V6<br \/>\nVolvo Penta V8<\/p>\n","protected":false},"excerpt":{"rendered":"<p>Volvo Penta Kabelbaum 21287072 ist ein originaler T-Kabel Multilink-Kabelbaum, der f\u00fcr die Verbindung zwischen verschiedenen elektronischen Komponenten in Volvo Penta Motoren unerl\u00e4sslich ist. Dieses Teil wird haupts\u00e4chlich in Verbindung mit dem EVC 2.0-System (Electronic Vessel Control) verwendet, um eine zuverl\u00e4ssige Datenkommunikation zwischen Sensoren, Displays und der Motorsteuerung zu gew\u00e4hrleisten. Ohne einen gut funktionierenden Kabelbaum kann die Kommunikation zwischen den Systemen gest\u00f6rt werden, was zu fehlerhaften Anzeigen oder St\u00f6rungen in den Motor- und Navigationssystemen f\u00fchren kann.<\/p>\n<h4>Hauptmerkmale und Vorteile:<\/h4>\n<p><strong>Zuverl\u00e4ssige EVC 2.0 Kommunikation:<\/strong> Verbindet Sensoren, Displays und ECU f\u00fcr stabile Daten\u00fcbertragung.<br \/>\n<strong>T-Kabel Multilink-Design:<\/strong> Erm\u00f6glicht korrekte Multilink-Verbindungen zwischen EVC-Komponenten.<br \/>\n<strong>Original Volvo Penta Teil:<\/strong> OEM-Qualit\u00e4t f\u00fcr perfekte Passform und langlebige Leistung.<br \/>\n<strong>Einfache Integration:<\/strong> Standard Multilink-Steckverbinder f\u00fcr fehlerfreie Installation.<\/p>\n","protected":false},"featured_media":432983,"comment_status":"open","ping_status":"closed","template":"","meta":[],"location":[28168],"product_brand":[25895],"product_cat":[1222,22116,25254],"product_tag":[],"class_list":{"0":"post-394057","1":"product","2":"type-product","3":"status-publish","4":"has-post-thumbnail","6":"location-middelzee-motoren","7":"product_brand-volvo-penta","8":"product_cat-motorteile","9":"product_cat-teile-nach-marke","10":"product_cat-weitere-volvo-penta-teile","11":"product_shipping_class-paket-0-10-kg","13":"first","14":"instock","15":"sale","16":"taxable","17":"shipping-taxable","18":"purchasable","19":"product-type-simple"},"group_of_quantity":0,"min_quantity":0,"max_quantity":"","exclude_order_quantity_value_rules":"no","exclude_category_quantity_rules":"no","combine_variations":"no","locations":[{"id":28168,"name":"Middelzee motoren","slug":"middelzee-motoren","quantity":""}],"_links":{"self":[{"href":"https:\/\/ab-marineservice.com\/de\/wp-json\/wp\/v2\/product\/394057","targetHints":{"allow":["GET"]}}],"collection":[{"href":"https:\/\/ab-marineservice.com\/de\/wp-json\/wp\/v2\/product"}],"about":[{"href":"https:\/\/ab-marineservice.com\/de\/wp-json\/wp\/v2\/types\/product"}],"replies":[{"embeddable":true,"href":"https:\/\/ab-marineservice.com\/de\/wp-json\/wp\/v2\/comments?post=394057"}],"wp:featuredmedia":[{"embeddable":true,"href":"https:\/\/ab-marineservice.com\/de\/wp-json\/wp\/v2\/media\/432983"}],"wp:attachment":[{"href":"https:\/\/ab-marineservice.com\/de\/wp-json\/wp\/v2\/media?parent=394057"}],"wp:term":[{"taxonomy":"location","embeddable":true,"href":"https:\/\/ab-marineservice.com\/de\/wp-json\/wp\/v2\/location?post=394057"},{"taxonomy":"product_brand","embeddable":true,"href":"https:\/\/ab-marineservice.com\/de\/wp-json\/wp\/v2\/product_brand?post=394057"},{"taxonomy":"product_cat","embeddable":true,"href":"https:\/\/ab-marineservice.com\/de\/wp-json\/wp\/v2\/product_cat?post=394057"},{"taxonomy":"product_tag","embeddable":true,"href":"https:\/\/ab-marineservice.com\/de\/wp-json\/wp\/v2\/product_tag?post=394057"}],"curies":[{"name":"wp","href":"https:\/\/api.w.org\/{rel}","templated":true}]}}