{"id":394062,"date":"2025-09-16T13:16:18","date_gmt":"2025-09-16T11:16:18","guid":{"rendered":"https:\/\/ab-marineservice.com\/product\/volvo-penta-kabelbaum-23561740\/"},"modified":"2026-03-28T10:52:42","modified_gmt":"2026-03-28T09:52:42","slug":"volvo-penta-kabelbaum-23561740","status":"publish","type":"product","link":"https:\/\/ab-marineservice.com\/de\/produkt\/volvo-penta-kabelbaum-23561740\/","title":{"rendered":"Volvo Penta Kabelbaum f\u00fcr BTS\/IPS Trimtabs, 11 Meter &#8211; 23561740"},"content":{"rendered":"<p><strong>Geeignet f\u00fcr:<\/strong><br \/>\nVolvo Penta D11<br \/>\nVolvo Penta D12<br \/>\nVolvo Penta D13<br \/>\nVolvo Penta D16<br \/>\nVolvo Penta D3<br \/>\nVolvo Penta D4<br \/>\nVolvo Penta D6<br \/>\nVolvo Penta D8<br \/>\nVolvo Penta D9<br \/>\nVolvo Penta 4.3<br \/>\nVolvo Penta 5.0<br \/>\nVolvo Penta 5.7<br \/>\nVolvo Penta 8.1<br \/>\nVolvo Penta V6<br \/>\nVolvo Penta V8<\/p>\n","protected":false},"excerpt":{"rendered":"<p>Volvo Penta Kabelbaum 23561740 ist ein 6-poliges Kabelset, das speziell f\u00fcr das Boat Trim System (BTS) und bestimmte IPS-Antriebe verwendet wird. Dieses 11 Meter lange Kabelset verbindet die Trimtabs (Interceptors) mit dem Bedienungssystem des Bootes und sorgt f\u00fcr eine zuverl\u00e4ssige Kommunikation. Dadurch reagiert der Trim schneller und genauer, was hilft, schneller auf Plane zu kommen und den Kraftstoffverbrauch zu senken, indem die optimale Trimposition automatisch oder manuell beibehalten wird.<\/p>\n<h4>Wichtige Merkmale und Vorteile:<\/h4>\n<p><strong>Zuverl\u00e4ssige BTS-Verbindung:<\/strong> Verbindet die Interceptors mit dem Bedienungssystem, sodass der Trim korrekt auf Lenkbewegungen reagiert.<br \/>\n<strong>11 m Kabell\u00e4nge:<\/strong> Bietet ausreichend L\u00e4nge f\u00fcr die Verlegung zwischen Trimtabs und BTS-Modulen ohne zus\u00e4tzliche Verl\u00e4ngerungen.<br \/>\n<strong>6-poliges Kabelset:<\/strong> Standardanschl\u00fcsse f\u00fcr eine einfache Installation in BTS- und IPS-Systemen.<br \/>\n<strong>Optimiert die Bootsergebnisse:<\/strong> Tr\u00e4gt dazu bei, schneller auf Plane zu kommen und den Kraftstoffverbrauch effizienter zu gestalten.<\/p>\n","protected":false},"featured_media":399959,"comment_status":"open","ping_status":"closed","template":"","meta":[],"location":[28168],"product_brand":[25895],"product_cat":[1222,22116,25254],"product_tag":[],"class_list":{"0":"post-394062","1":"product","2":"type-product","3":"status-publish","4":"has-post-thumbnail","6":"location-middelzee-motoren","7":"product_brand-volvo-penta","8":"product_cat-motorteile","9":"product_cat-teile-nach-marke","10":"product_cat-weitere-volvo-penta-teile","11":"product_shipping_class-paket-0-10-kg","13":"first","14":"instock","15":"sale","16":"taxable","17":"shipping-taxable","18":"purchasable","19":"product-type-simple"},"group_of_quantity":0,"min_quantity":0,"max_quantity":"","exclude_order_quantity_value_rules":"no","exclude_category_quantity_rules":"no","combine_variations":"no","locations":[{"id":28168,"name":"Middelzee motoren","slug":"middelzee-motoren","quantity":""}],"_links":{"self":[{"href":"https:\/\/ab-marineservice.com\/de\/wp-json\/wp\/v2\/product\/394062","targetHints":{"allow":["GET"]}}],"collection":[{"href":"https:\/\/ab-marineservice.com\/de\/wp-json\/wp\/v2\/product"}],"about":[{"href":"https:\/\/ab-marineservice.com\/de\/wp-json\/wp\/v2\/types\/product"}],"replies":[{"embeddable":true,"href":"https:\/\/ab-marineservice.com\/de\/wp-json\/wp\/v2\/comments?post=394062"}],"wp:featuredmedia":[{"embeddable":true,"href":"https:\/\/ab-marineservice.com\/de\/wp-json\/wp\/v2\/media\/399959"}],"wp:attachment":[{"href":"https:\/\/ab-marineservice.com\/de\/wp-json\/wp\/v2\/media?parent=394062"}],"wp:term":[{"taxonomy":"location","embeddable":true,"href":"https:\/\/ab-marineservice.com\/de\/wp-json\/wp\/v2\/location?post=394062"},{"taxonomy":"product_brand","embeddable":true,"href":"https:\/\/ab-marineservice.com\/de\/wp-json\/wp\/v2\/product_brand?post=394062"},{"taxonomy":"product_cat","embeddable":true,"href":"https:\/\/ab-marineservice.com\/de\/wp-json\/wp\/v2\/product_cat?post=394062"},{"taxonomy":"product_tag","embeddable":true,"href":"https:\/\/ab-marineservice.com\/de\/wp-json\/wp\/v2\/product_tag?post=394062"}],"curies":[{"name":"wp","href":"https:\/\/api.w.org\/{rel}","templated":true}]}}