{"id":394063,"date":"2025-09-16T13:16:18","date_gmt":"2025-09-16T11:16:18","guid":{"rendered":"https:\/\/ab-marineservice.com\/product\/volvo-penta-kabelbaum-23561741\/"},"modified":"2026-04-29T19:25:29","modified_gmt":"2026-04-29T17:25:29","slug":"volvo-penta-kabelbaum-23561741","status":"publish","type":"product","link":"https:\/\/ab-marineservice.com\/de\/produkt\/volvo-penta-kabelbaum-23561741\/","title":{"rendered":"Volvo Penta Kabelbaum f\u00fcr das Boat Trim System BTS, 13 Meter &#8211; 23561741"},"content":{"rendered":"<p><strong>Geeignet f\u00fcr:<\/strong><br \/>\nVolvo Penta D11<br \/>\nVolvo Penta D12<br \/>\nVolvo Penta D13<br \/>\nVolvo Penta D16<br \/>\nVolvo Penta D3<br \/>\nVolvo Penta D4<br \/>\nVolvo Penta D6<br \/>\nVolvo Penta D8<br \/>\nVolvo Penta D9<br \/>\nVolvo Penta 4.3<br \/>\nVolvo Penta 5.0<br \/>\nVolvo Penta 5.7<br \/>\nVolvo Penta 8.1<br \/>\nVolvo Penta V6<br \/>\nVolvo Penta V8<\/p>\n","protected":false},"excerpt":{"rendered":"<p>Volvo Penta Kabelbaum 23561741 ist ein originales 6-poliges Kabel, das speziell f\u00fcr das Boat Trim System (BTS) von Volvo Penta entwickelt wurde, um eine optimale Trimtab-Steuerung zu gew\u00e4hrleisten. Dieses Standard-EVC-Buskabel von ca. 13 Metern (42 Fu\u00df) mit zwei 6-poligen weiblichen Deutsch-Steckverbindern sorgt f\u00fcr eine zuverl\u00e4ssige elektrische Verbindung zwischen dem BTS-Controller und den Trimtabs. Es verhindert Signalverlust und St\u00f6rungen in der Steuerung der Trimtabs, was entscheidend ist, um die Stabilit\u00e4t, den Kurs und die Leistung des Bootes unter verschiedenen Fahrbedingungen zu erhalten, insbesondere beim Planen, bei dem die Trimtabs dem Boot helfen, effizienter auf die Plane zu kommen.<\/p>\n<p>Wichtige Merkmale und Vorteile:<\/p>\n<p>Zuverl\u00e4ssige Verbindung f\u00fcr die BTS-Steuerung: Sorgt f\u00fcr stabile elektrische Signale zwischen dem Controller und den Trimtabs, sodass die Tabs genau reagieren.<br \/>\nLange Kabell\u00e4nge (~13 m): Bietet ausreichend L\u00e4nge f\u00fcr die Verlegung im Rumpf zu den BTS-Modulen ohne zus\u00e4tzliche Verl\u00e4ngerungskabel.<br \/>\nOriginal Volvo Penta Teil: OEM-Qualit\u00e4t bietet direkte Kompatibilit\u00e4t und Langlebigkeit in maritimen Umgebungen.<br \/>\n6-polige weibliche Deutsch-Steckverbinder: Standardm\u00e4\u00dfige, langlebige Verbindungen f\u00fcr eine einfache Installation und sichere Verbindung.<\/p>\n","protected":false},"featured_media":399963,"comment_status":"open","ping_status":"closed","template":"","meta":[],"location":[],"product_brand":[25895],"product_cat":[1222,22116,25254],"product_tag":[],"class_list":{"0":"post-394063","1":"product","2":"type-product","3":"status-publish","4":"has-post-thumbnail","6":"product_brand-volvo-penta","7":"product_cat-motorteile","8":"product_cat-teile-nach-marke","9":"product_cat-weitere-volvo-penta-teile","10":"product_shipping_class-paket-0-10-kg","12":"first","13":"instock","14":"sale","15":"taxable","16":"shipping-taxable","17":"purchasable","18":"product-type-simple"},"group_of_quantity":0,"min_quantity":0,"max_quantity":"","exclude_order_quantity_value_rules":"no","exclude_category_quantity_rules":"no","combine_variations":"no","locations":[],"_links":{"self":[{"href":"https:\/\/ab-marineservice.com\/de\/wp-json\/wp\/v2\/product\/394063","targetHints":{"allow":["GET"]}}],"collection":[{"href":"https:\/\/ab-marineservice.com\/de\/wp-json\/wp\/v2\/product"}],"about":[{"href":"https:\/\/ab-marineservice.com\/de\/wp-json\/wp\/v2\/types\/product"}],"replies":[{"embeddable":true,"href":"https:\/\/ab-marineservice.com\/de\/wp-json\/wp\/v2\/comments?post=394063"}],"wp:featuredmedia":[{"embeddable":true,"href":"https:\/\/ab-marineservice.com\/de\/wp-json\/wp\/v2\/media\/399963"}],"wp:attachment":[{"href":"https:\/\/ab-marineservice.com\/de\/wp-json\/wp\/v2\/media?parent=394063"}],"wp:term":[{"taxonomy":"location","embeddable":true,"href":"https:\/\/ab-marineservice.com\/de\/wp-json\/wp\/v2\/location?post=394063"},{"taxonomy":"product_brand","embeddable":true,"href":"https:\/\/ab-marineservice.com\/de\/wp-json\/wp\/v2\/product_brand?post=394063"},{"taxonomy":"product_cat","embeddable":true,"href":"https:\/\/ab-marineservice.com\/de\/wp-json\/wp\/v2\/product_cat?post=394063"},{"taxonomy":"product_tag","embeddable":true,"href":"https:\/\/ab-marineservice.com\/de\/wp-json\/wp\/v2\/product_tag?post=394063"}],"curies":[{"name":"wp","href":"https:\/\/api.w.org\/{rel}","templated":true}]}}