{"id":394066,"date":"2025-09-16T13:16:45","date_gmt":"2025-09-16T11:16:45","guid":{"rendered":"https:\/\/ab-marineservice.com\/product\/volvo-penta-kabelbaum-3594745\/"},"modified":"2026-03-27T10:07:39","modified_gmt":"2026-03-27T09:07:39","slug":"volvo-penta-kabelbaum-3594745","status":"publish","type":"product","link":"https:\/\/ab-marineservice.com\/de\/produkt\/volvo-penta-kabelbaum-3594745\/","title":{"rendered":"Volvo Penta Kabelbaum EVC-System &#8211; 3594745"},"content":{"rendered":"<p><strong>Geeignet f\u00fcr:<\/strong><br \/>\nVolvo Penta D1<br \/>\nVolvo Penta D2<\/p>\n","protected":false},"excerpt":{"rendered":"<p>Volvo Penta Kabelbaum 3594745 ist ein originaler Kabelbaum f\u00fcr EVC-Systeme, der ungenaue oder unterbrochene elektrische Kommunikation verhindert. Dieser Kabelbaum sorgt f\u00fcr eine zuverl\u00e4ssige Verbindung zwischen dem Motor und den Instrumenten, was zu einer korrekten Daten\u00fcbertragung und optimaler Motorsteuerung beitr\u00e4gt.<\/p>\n","protected":false},"featured_media":0,"comment_status":"open","ping_status":"closed","template":"","meta":[],"location":[],"product_brand":[25895],"product_cat":[1222,22116,25254],"product_tag":[],"class_list":{"0":"post-394066","1":"product","2":"type-product","3":"status-publish","5":"product_brand-volvo-penta","6":"product_cat-motorteile","7":"product_cat-teile-nach-marke","8":"product_cat-weitere-volvo-penta-teile","9":"product_shipping_class-paket-0-10-kg","11":"first","12":"instock","13":"sale","14":"taxable","15":"shipping-taxable","16":"purchasable","17":"product-type-simple"},"group_of_quantity":0,"min_quantity":0,"max_quantity":"","exclude_order_quantity_value_rules":"no","exclude_category_quantity_rules":"no","combine_variations":"no","locations":[],"_links":{"self":[{"href":"https:\/\/ab-marineservice.com\/de\/wp-json\/wp\/v2\/product\/394066","targetHints":{"allow":["GET"]}}],"collection":[{"href":"https:\/\/ab-marineservice.com\/de\/wp-json\/wp\/v2\/product"}],"about":[{"href":"https:\/\/ab-marineservice.com\/de\/wp-json\/wp\/v2\/types\/product"}],"replies":[{"embeddable":true,"href":"https:\/\/ab-marineservice.com\/de\/wp-json\/wp\/v2\/comments?post=394066"}],"wp:attachment":[{"href":"https:\/\/ab-marineservice.com\/de\/wp-json\/wp\/v2\/media?parent=394066"}],"wp:term":[{"taxonomy":"location","embeddable":true,"href":"https:\/\/ab-marineservice.com\/de\/wp-json\/wp\/v2\/location?post=394066"},{"taxonomy":"product_brand","embeddable":true,"href":"https:\/\/ab-marineservice.com\/de\/wp-json\/wp\/v2\/product_brand?post=394066"},{"taxonomy":"product_cat","embeddable":true,"href":"https:\/\/ab-marineservice.com\/de\/wp-json\/wp\/v2\/product_cat?post=394066"},{"taxonomy":"product_tag","embeddable":true,"href":"https:\/\/ab-marineservice.com\/de\/wp-json\/wp\/v2\/product_tag?post=394066"}],"curies":[{"name":"wp","href":"https:\/\/api.w.org\/{rel}","templated":true}]}}