{"id":394069,"date":"2025-09-16T13:16:45","date_gmt":"2025-09-16T11:16:45","guid":{"rendered":"https:\/\/ab-marineservice.com\/product\/volvo-penta-kabelbaum-3888589\/"},"modified":"2026-04-29T19:25:20","modified_gmt":"2026-04-29T17:25:20","slug":"volvo-penta-kabelbaum-3888589","status":"publish","type":"product","link":"https:\/\/ab-marineservice.com\/de\/produkt\/volvo-penta-kabelbaum-3888589\/","title":{"rendered":"Volvo Penta D1, D2 Kabelbaum Multilink EVC &#8211; 3888589"},"content":{"rendered":"<p><strong>Geeignet f\u00fcr:<\/strong><br \/>\nVolvo Penta D1<br \/>\nVolvo Penta D2<\/p>\n","protected":false},"excerpt":{"rendered":"<p>Volvo Penta D1, D2 Kabelbaum 3888589 ist ein originales System Multilink Kabelset, das f\u00fcr das elektrische System verschiedener Volvo Penta Schiffsmotoren unerl\u00e4sslich ist. Dieser Kabelbaum wird im Electronic Vessel Control (EVC) System verwendet, um Instrumente, Sensoren und die Steuereinheit miteinander zu verbinden, wodurch eine zuverl\u00e4ssige Kommunikation und Datenaustausch erm\u00f6glicht werden. Ohne einen gut funktionierenden Kabelbaum k\u00f6nnen Signale verloren gehen oder Instrumente falsche Werte anzeigen, was zu fehlerhaften Steuerinformationen und St\u00f6rungen w\u00e4hrend der Fahrt f\u00fchren kann.<\/p>\n<h4>Wichtige Merkmale und Vorteile:<\/h4>\n<p><strong>Zuverl\u00e4ssige Multilink-Verbindung:<\/strong> Sorgt f\u00fcr stabile Kommunikation zwischen EVC-Komponenten und Instrumenten.<br \/>\n<strong>Original Volvo Penta Teil:<\/strong> OEM-Qualit\u00e4t f\u00fcr optimale Kompatibilit\u00e4t und langlebige Leistung.<br \/>\n<strong>Speziell f\u00fcr EVC-Systeme:<\/strong> Entwickelt f\u00fcr den Einsatz in D1\/D2 Motoren mit Multilink-Kommunikation.<\/p>\n","protected":false},"featured_media":432826,"comment_status":"open","ping_status":"closed","template":"","meta":[],"location":[28168],"product_brand":[25895],"product_cat":[1222,22116,25254],"product_tag":[],"class_list":{"0":"post-394069","1":"product","2":"type-product","3":"status-publish","4":"has-post-thumbnail","6":"location-middelzee-motoren","7":"product_brand-volvo-penta","8":"product_cat-motorteile","9":"product_cat-teile-nach-marke","10":"product_cat-weitere-volvo-penta-teile","11":"product_shipping_class-paket-0-10-kg","13":"first","14":"instock","15":"sale","16":"taxable","17":"shipping-taxable","18":"purchasable","19":"product-type-simple"},"group_of_quantity":0,"min_quantity":0,"max_quantity":"","exclude_order_quantity_value_rules":"no","exclude_category_quantity_rules":"no","combine_variations":"no","locations":[{"id":28168,"name":"Middelzee motoren","slug":"middelzee-motoren","quantity":""}],"_links":{"self":[{"href":"https:\/\/ab-marineservice.com\/de\/wp-json\/wp\/v2\/product\/394069","targetHints":{"allow":["GET"]}}],"collection":[{"href":"https:\/\/ab-marineservice.com\/de\/wp-json\/wp\/v2\/product"}],"about":[{"href":"https:\/\/ab-marineservice.com\/de\/wp-json\/wp\/v2\/types\/product"}],"replies":[{"embeddable":true,"href":"https:\/\/ab-marineservice.com\/de\/wp-json\/wp\/v2\/comments?post=394069"}],"wp:featuredmedia":[{"embeddable":true,"href":"https:\/\/ab-marineservice.com\/de\/wp-json\/wp\/v2\/media\/432826"}],"wp:attachment":[{"href":"https:\/\/ab-marineservice.com\/de\/wp-json\/wp\/v2\/media?parent=394069"}],"wp:term":[{"taxonomy":"location","embeddable":true,"href":"https:\/\/ab-marineservice.com\/de\/wp-json\/wp\/v2\/location?post=394069"},{"taxonomy":"product_brand","embeddable":true,"href":"https:\/\/ab-marineservice.com\/de\/wp-json\/wp\/v2\/product_brand?post=394069"},{"taxonomy":"product_cat","embeddable":true,"href":"https:\/\/ab-marineservice.com\/de\/wp-json\/wp\/v2\/product_cat?post=394069"},{"taxonomy":"product_tag","embeddable":true,"href":"https:\/\/ab-marineservice.com\/de\/wp-json\/wp\/v2\/product_tag?post=394069"}],"curies":[{"name":"wp","href":"https:\/\/api.w.org\/{rel}","templated":true}]}}