{"id":400645,"date":"2025-10-14T15:19:02","date_gmt":"2025-10-14T13:19:02","guid":{"rendered":"https:\/\/ab-marineservice.com\/?post_type=product&#038;p=400645"},"modified":"2025-10-17T17:33:37","modified_gmt":"2025-10-17T15:33:37","slug":"abschaltmagnet-24v-17kg-16n-zweiadrig","status":"publish","type":"product","link":"https:\/\/ab-marineservice.com\/de\/produkt\/abschaltmagnet-24v-17kg-16n-zweiadrig\/","title":{"rendered":"Abschaltmagnet 24V 1,7kg (16N) Zweiadrig"},"content":{"rendered":"","protected":false},"excerpt":{"rendered":"<p><strong>Abschaltmagnet<\/strong><br \/>\nSpannung 24V<\/p>\n<p>Original OEM<\/p>\n<p>E421AM1F, E-0421, E421, 1504-24C7U1, 1502-24C7U1, 150424C7U1,<br \/>\n150224C7U1, 366-07198, 36607198, SA4849-24, 1502-24C6U1B2S1A,<br \/>\nSA-2944T-24, SA-4849<\/p>\n<p>Hinweis: Der Abschaltmagnet muss seinen vollst\u00e4ndigen Hub ausf\u00fchren k\u00f6nnen.<\/p>\n<p>24V, 2 Spulen,<br \/>\nDauerbetrieb,<br \/>\nAnzugsstrom: 15,2A,<br \/>\nHaltestrom: 0,29A,<br \/>\nHub: 40mm,<br \/>\nAnfangskraft: 1,7kg (16N),<br \/>\nElettrostart, 2 Kabel (blau) f\u00fcr Anziehen und Halten,<br \/>\nPolarisationsunabh\u00e4ngig<\/p>\n","protected":false},"featured_media":400652,"comment_status":"open","ping_status":"closed","template":"","meta":[],"location":[15423],"product_brand":[],"product_cat":[1222,1510],"product_tag":[],"class_list":{"0":"post-400645","1":"product","2":"type-product","3":"status-publish","4":"has-post-thumbnail","6":"location-berman-techniek","7":"product_cat-motorteile","8":"product_cat-stopprelais","9":"product_shipping_class-paket-0-10-kg","11":"first","12":"outofstock","13":"taxable","14":"shipping-taxable","15":"purchasable","16":"product-type-simple"},"group_of_quantity":0,"min_quantity":0,"max_quantity":"","exclude_order_quantity_value_rules":"no","exclude_category_quantity_rules":"no","combine_variations":"no","locations":[{"id":15423,"name":"Berman techniek","slug":"berman-techniek","quantity":""}],"_links":{"self":[{"href":"https:\/\/ab-marineservice.com\/de\/wp-json\/wp\/v2\/product\/400645","targetHints":{"allow":["GET"]}}],"collection":[{"href":"https:\/\/ab-marineservice.com\/de\/wp-json\/wp\/v2\/product"}],"about":[{"href":"https:\/\/ab-marineservice.com\/de\/wp-json\/wp\/v2\/types\/product"}],"replies":[{"embeddable":true,"href":"https:\/\/ab-marineservice.com\/de\/wp-json\/wp\/v2\/comments?post=400645"}],"wp:featuredmedia":[{"embeddable":true,"href":"https:\/\/ab-marineservice.com\/de\/wp-json\/wp\/v2\/media\/400652"}],"wp:attachment":[{"href":"https:\/\/ab-marineservice.com\/de\/wp-json\/wp\/v2\/media?parent=400645"}],"wp:term":[{"taxonomy":"location","embeddable":true,"href":"https:\/\/ab-marineservice.com\/de\/wp-json\/wp\/v2\/location?post=400645"},{"taxonomy":"product_brand","embeddable":true,"href":"https:\/\/ab-marineservice.com\/de\/wp-json\/wp\/v2\/product_brand?post=400645"},{"taxonomy":"product_cat","embeddable":true,"href":"https:\/\/ab-marineservice.com\/de\/wp-json\/wp\/v2\/product_cat?post=400645"},{"taxonomy":"product_tag","embeddable":true,"href":"https:\/\/ab-marineservice.com\/de\/wp-json\/wp\/v2\/product_tag?post=400645"}],"curies":[{"name":"wp","href":"https:\/\/api.w.org\/{rel}","templated":true}]}}