{"id":400754,"date":"2025-10-14T18:27:16","date_gmt":"2025-10-14T16:27:16","guid":{"rendered":"https:\/\/ab-marineservice.com\/?post_type=product&#038;p=400754"},"modified":"2025-10-17T16:12:22","modified_gmt":"2025-10-17T14:12:22","slug":"oldrucksensor-und-schalter-in-einem-0-10-bar-1-8-npt-10-184-ohm","status":"publish","type":"product","link":"https:\/\/ab-marineservice.com\/de\/produkt\/oldrucksensor-und-schalter-in-einem-0-10-bar-1-8-npt-10-184-ohm\/","title":{"rendered":"\u00d6ldrucksensor und Schalter in einem 0\u201310 bar 1\/8 NPT 10\u2013184 Ohm"},"content":{"rendered":"","protected":false},"excerpt":{"rendered":"<p>Dieser Sensor und Schalter sind parallel zur Masse geschaltet. Der Stromkreis verl\u00e4uft \u00fcber die Kontakte zum Geh\u00e4use\/Gewinde.<\/p>\n<p>Kontakt G = Anzeige 10\u2013184 Ohm<br \/>\nKontakt WK = \u00d6ldruckkontrollleuchte<\/p>\n<p>&nbsp;<\/p>\n<p><strong>Elektrische Spezifikationen<\/strong><br \/>\nGeeignet f\u00fcr 12 und 24 Volt<\/p>\n<p><strong>Physikalische Spezifikationen<\/strong><\/p>\n<p>Au\u00dfengewinde 1\/8-27 NPT<br \/>\nMessbereich Sensor 10\u2013184 Ohm (0\u201310 bar)<br \/>\n\u00d6ldruckschalter 0,5 bar (Kontrollleuchte)<\/p>\n<p><strong>Weitere Informationen<\/strong><br \/>\nVerwendet bei Artikelnummer: <a href=\"https:\/\/ab-marineservice.com\/de\/produkt\/oldruckmessersatz-m-sender-12-v\/\">160700<\/a>, <a href=\"https:\/\/ab-marineservice.com\/de\/produkt\/oldruckmessersatz-m-sender-24-v\/\">160779<\/a><\/p>\n","protected":false},"featured_media":400758,"comment_status":"open","ping_status":"closed","template":"","meta":[],"location":[],"product_brand":[],"product_cat":[1208,1209,1258,1262,1815],"product_tag":[],"class_list":{"0":"post-400754","1":"product","2":"type-product","3":"status-publish","4":"has-post-thumbnail","6":"product_cat-elektrische-bauteile","7":"product_cat-instrumente-und-sensoren","8":"product_cat-sensoren-adapter","9":"product_cat-oldrucksensoren","10":"product_cat-armaturenbrett-komplett","11":"product_shipping_class-paket-0-10-kg","13":"first","14":"instock","15":"sale","16":"taxable","17":"shipping-taxable","18":"purchasable","19":"product-type-simple"},"group_of_quantity":0,"min_quantity":0,"max_quantity":"","exclude_order_quantity_value_rules":"no","exclude_category_quantity_rules":"no","combine_variations":"no","locations":[{"id":3905,"name":"AB Marine","slug":"ab-marine-service","quantity":""}],"_links":{"self":[{"href":"https:\/\/ab-marineservice.com\/de\/wp-json\/wp\/v2\/product\/400754","targetHints":{"allow":["GET"]}}],"collection":[{"href":"https:\/\/ab-marineservice.com\/de\/wp-json\/wp\/v2\/product"}],"about":[{"href":"https:\/\/ab-marineservice.com\/de\/wp-json\/wp\/v2\/types\/product"}],"replies":[{"embeddable":true,"href":"https:\/\/ab-marineservice.com\/de\/wp-json\/wp\/v2\/comments?post=400754"}],"wp:featuredmedia":[{"embeddable":true,"href":"https:\/\/ab-marineservice.com\/de\/wp-json\/wp\/v2\/media\/400758"}],"wp:attachment":[{"href":"https:\/\/ab-marineservice.com\/de\/wp-json\/wp\/v2\/media?parent=400754"}],"wp:term":[{"taxonomy":"location","embeddable":true,"href":"https:\/\/ab-marineservice.com\/de\/wp-json\/wp\/v2\/location?post=400754"},{"taxonomy":"product_brand","embeddable":true,"href":"https:\/\/ab-marineservice.com\/de\/wp-json\/wp\/v2\/product_brand?post=400754"},{"taxonomy":"product_cat","embeddable":true,"href":"https:\/\/ab-marineservice.com\/de\/wp-json\/wp\/v2\/product_cat?post=400754"},{"taxonomy":"product_tag","embeddable":true,"href":"https:\/\/ab-marineservice.com\/de\/wp-json\/wp\/v2\/product_tag?post=400754"}],"curies":[{"name":"wp","href":"https:\/\/api.w.org\/{rel}","templated":true}]}}