{"id":401345,"date":"2025-10-16T15:53:10","date_gmt":"2025-10-16T13:53:10","guid":{"rendered":"https:\/\/ab-marineservice.com\/product\/hydrofoor-wasserpumpe-typ-24-maxhd4-12v\/"},"modified":"2025-10-16T15:53:10","modified_gmt":"2025-10-16T13:53:10","slug":"hydrofoor-wasserpumpe-typ-24-maxhd4-12v","status":"publish","type":"product","link":"https:\/\/ab-marineservice.com\/de\/produkt\/hydrofoor-wasserpumpe-typ-24-maxhd4-12v\/","title":{"rendered":"Hydrofoor Wasserpumpe Typ 24 MaxHD4 + 12V"},"content":{"rendered":"","protected":false},"excerpt":{"rendered":"<p>Hydrofoor Wasserpumpe Typ 24 MaxHD4 + 12 V<\/p>\n<p>Hydrofoor Typ 24<br \/>\nEine leistungsstarke und vielseitige Wasserpumpe f\u00fcr verschiedene Anwendungen.<\/p>\n<p>Hauptmerkmale:<\/p>\n<p>Erh\u00e4ltlich in zwei Leistungsvarianten: 12 V und 24 V \u2013 so k\u00f6nnen Sie die passende Spannung f\u00fcr Ihre Anwendung w\u00e4hlen.<\/p>\n<p>Mit einer beeindruckenden F\u00f6rderleistung von 15 Litern pro Minute sorgt diese Hydrofoor f\u00fcr eine schnelle und effiziente Wasserf\u00f6rderung.<br \/>\nZuverl\u00e4ssiges und langlebiges Design f\u00fcr verschiedene Wasserpumpenanforderungen.<\/p>\n<p>Die Hydrofoor Typ 24 mit einer F\u00f6rderleistung von 15 Litern pro Minute ist die ideale Wahl f\u00fcr Situationen, in denen Sie Wasser schnell und zuverl\u00e4ssig pumpen m\u00fcssen. Ob f\u00fcr den Einsatz auf See, zur Gartenbew\u00e4sserung oder f\u00fcr andere Anwendungen \u2013 diese Hydrofoor bietet die Leistung, die Sie ben\u00f6tigen. Entscheiden Sie sich f\u00fcr Zuverl\u00e4ssigkeit und Effizienz mit der Hollex Hydrofoor Typ 24.<\/p>\n","protected":false},"featured_media":401340,"comment_status":"open","ping_status":"closed","template":"","meta":[],"location":[6695],"product_brand":[],"product_cat":[1312,24121],"product_tag":[],"class_list":{"0":"post-401345","1":"product","2":"type-product","3":"status-publish","4":"has-post-thumbnail","6":"location-exalto","7":"product_cat-elektrische-pumpen","8":"product_cat-hydrofoor","10":"first","11":"instock","12":"sale","13":"taxable","14":"shipping-taxable","15":"purchasable","16":"product-type-simple"},"group_of_quantity":0,"min_quantity":0,"max_quantity":"","exclude_order_quantity_value_rules":"no","exclude_category_quantity_rules":"no","combine_variations":"no","locations":[{"id":6695,"name":"Exalto","slug":"exalto","quantity":""}],"_links":{"self":[{"href":"https:\/\/ab-marineservice.com\/de\/wp-json\/wp\/v2\/product\/401345","targetHints":{"allow":["GET"]}}],"collection":[{"href":"https:\/\/ab-marineservice.com\/de\/wp-json\/wp\/v2\/product"}],"about":[{"href":"https:\/\/ab-marineservice.com\/de\/wp-json\/wp\/v2\/types\/product"}],"replies":[{"embeddable":true,"href":"https:\/\/ab-marineservice.com\/de\/wp-json\/wp\/v2\/comments?post=401345"}],"wp:featuredmedia":[{"embeddable":true,"href":"https:\/\/ab-marineservice.com\/de\/wp-json\/wp\/v2\/media\/401340"}],"wp:attachment":[{"href":"https:\/\/ab-marineservice.com\/de\/wp-json\/wp\/v2\/media?parent=401345"}],"wp:term":[{"taxonomy":"location","embeddable":true,"href":"https:\/\/ab-marineservice.com\/de\/wp-json\/wp\/v2\/location?post=401345"},{"taxonomy":"product_brand","embeddable":true,"href":"https:\/\/ab-marineservice.com\/de\/wp-json\/wp\/v2\/product_brand?post=401345"},{"taxonomy":"product_cat","embeddable":true,"href":"https:\/\/ab-marineservice.com\/de\/wp-json\/wp\/v2\/product_cat?post=401345"},{"taxonomy":"product_tag","embeddable":true,"href":"https:\/\/ab-marineservice.com\/de\/wp-json\/wp\/v2\/product_tag?post=401345"}],"curies":[{"name":"wp","href":"https:\/\/api.w.org\/{rel}","templated":true}]}}