{"id":401396,"date":"2025-10-16T16:30:41","date_gmt":"2025-10-16T14:30:41","guid":{"rendered":"https:\/\/ab-marineservice.com\/product\/balg-druckbehalter-8-liter\/"},"modified":"2025-10-16T16:30:41","modified_gmt":"2025-10-16T14:30:41","slug":"balg-druckbehalter-8-liter","status":"publish","type":"product","link":"https:\/\/ab-marineservice.com\/de\/produkt\/balg-druckbehalter-8-liter\/","title":{"rendered":"Balg druckbeh\u00e4lter 8 Liter"},"content":{"rendered":"","protected":false},"excerpt":{"rendered":"<p>Balg druckbeh\u00e4lter 8 Liter<\/p>\n<p>8-Liter-Faltenbalg<br \/>\nDieser Balg wurde speziell f\u00fcr den Druckbeh\u00e4lter Typ 8 entwickelt und gew\u00e4hrleistet optimale Leistung und konstanten Wasserdruck an Bord Ihres Bootes.<\/p>\n<p>Hauptmerkmale:<\/p>\n<p>Speziell f\u00fcr den Druckbeh\u00e4lter Typ 8 entwickelt, erm\u00f6glicht er eine nahtlose Integration.<br \/>\nMit einem Fassungsverm\u00f6gen von 8 Litern bietet dieser Balg ausreichend Wasserspeicher und sorgt so f\u00fcr eine kontinuierliche und konstante Wasserversorgung.<br \/>\nLanglebiges und zuverl\u00e4ssiges Design f\u00fcr die Anforderungen im maritimen Bereich.<br \/>\nDer 8-Liter-Faltenbalg ist ein wichtiger Bestandteil des Wassersystems an Bord Ihres Bootes. Er sorgt daf\u00fcr, dass Sie immer ausreichend Wasser f\u00fcr verschiedene Anwendungen zur Verf\u00fcgung haben, von der Toilettensp\u00fclung bis zum Duschen und mehr. Entscheiden Sie sich f\u00fcr Zuverl\u00e4ssigkeit und Zuverl\u00e4ssigkeit mit dem 8-Liter-Faltenbalg f\u00fcr den Druckbeh\u00e4lter Typ 8.<\/p>\n","protected":false},"featured_media":401392,"comment_status":"open","ping_status":"closed","template":"","meta":[],"location":[6695,4160],"product_brand":[],"product_cat":[1312,24121],"product_tag":[],"class_list":{"0":"post-401396","1":"product","2":"type-product","3":"status-publish","4":"has-post-thumbnail","6":"location-exalto","7":"location-psh","8":"product_cat-elektrische-pumpen","9":"product_cat-hydrofoor","11":"first","12":"onbackorder","13":"sale","14":"taxable","15":"shipping-taxable","16":"purchasable","17":"product-type-simple"},"group_of_quantity":0,"min_quantity":0,"max_quantity":"","exclude_order_quantity_value_rules":"no","exclude_category_quantity_rules":"no","combine_variations":"no","locations":[{"id":6695,"name":"Exalto","slug":"exalto","quantity":""},{"id":4160,"name":"PSH","slug":"psh","quantity":""}],"_links":{"self":[{"href":"https:\/\/ab-marineservice.com\/de\/wp-json\/wp\/v2\/product\/401396","targetHints":{"allow":["GET"]}}],"collection":[{"href":"https:\/\/ab-marineservice.com\/de\/wp-json\/wp\/v2\/product"}],"about":[{"href":"https:\/\/ab-marineservice.com\/de\/wp-json\/wp\/v2\/types\/product"}],"replies":[{"embeddable":true,"href":"https:\/\/ab-marineservice.com\/de\/wp-json\/wp\/v2\/comments?post=401396"}],"wp:featuredmedia":[{"embeddable":true,"href":"https:\/\/ab-marineservice.com\/de\/wp-json\/wp\/v2\/media\/401392"}],"wp:attachment":[{"href":"https:\/\/ab-marineservice.com\/de\/wp-json\/wp\/v2\/media?parent=401396"}],"wp:term":[{"taxonomy":"location","embeddable":true,"href":"https:\/\/ab-marineservice.com\/de\/wp-json\/wp\/v2\/location?post=401396"},{"taxonomy":"product_brand","embeddable":true,"href":"https:\/\/ab-marineservice.com\/de\/wp-json\/wp\/v2\/product_brand?post=401396"},{"taxonomy":"product_cat","embeddable":true,"href":"https:\/\/ab-marineservice.com\/de\/wp-json\/wp\/v2\/product_cat?post=401396"},{"taxonomy":"product_tag","embeddable":true,"href":"https:\/\/ab-marineservice.com\/de\/wp-json\/wp\/v2\/product_tag?post=401396"}],"curies":[{"name":"wp","href":"https:\/\/api.w.org\/{rel}","templated":true}]}}