{"id":401652,"date":"2025-10-19T12:02:44","date_gmt":"2025-10-19T10:02:44","guid":{"rendered":"https:\/\/ab-marineservice.com\/product\/gps-tachometer-digital-schwarz-9-32v\/"},"modified":"2026-04-29T19:18:51","modified_gmt":"2026-04-29T17:18:51","slug":"gps-tachometer-digital-schwarz-9-32v","status":"publish","type":"product","link":"https:\/\/ab-marineservice.com\/de\/produkt\/gps-tachometer-digital-schwarz-9-32v\/","title":{"rendered":"GPS Tachometer digital schwarz 9-32V"},"content":{"rendered":"","protected":false},"excerpt":{"rendered":"<p>GPS Tachometer digital schwarz 9-32V<\/p>\n<p>Der digitale GPS-Tachometer, geeignet f\u00fcr Spannungen zwischen 9 und 32 Volt, liefert zuverl\u00e4ssige Messungen Ihrer Bootsgeschwindigkeit. Dank der integrierten GPS-Funktion sind Sie immer \u00fcber Ihre aktuelle Geschwindigkeit informiert, ohne externe Sensoren. Die schwarze Digitalanzeige verleiht Ihrem Armaturenbrett einen modernen Touch. Mit dem GPS-Tachometer sind Sie bei all Ihren Bootsabenteuern auf pr\u00e4zise und zuverl\u00e4ssige Leistung angewiesen.<\/p>\n<p><a href=\"https:\/\/shop.exalto.com\/uploads\/pdf\/Hollexinstrumenten_handleiding_01_27076.pdf\" target=\"_blank\" title=\"Handbuch Instrumente\"><\/a><\/p>\n","protected":false},"featured_media":401650,"comment_status":"open","ping_status":"closed","template":"","meta":[],"location":[6695],"product_brand":[],"product_cat":[1209,1256],"product_tag":[],"class_list":{"0":"post-401652","1":"product","2":"type-product","3":"status-publish","4":"has-post-thumbnail","6":"location-exalto","7":"product_cat-instrumente-und-sensoren","8":"product_cat-einbaumessgerate","10":"first","11":"instock","12":"sale","13":"taxable","14":"shipping-taxable","15":"purchasable","16":"product-type-simple"},"group_of_quantity":0,"min_quantity":0,"max_quantity":"","exclude_order_quantity_value_rules":"no","exclude_category_quantity_rules":"no","combine_variations":"no","locations":[{"id":6695,"name":"Exalto","slug":"exalto","quantity":""}],"_links":{"self":[{"href":"https:\/\/ab-marineservice.com\/de\/wp-json\/wp\/v2\/product\/401652","targetHints":{"allow":["GET"]}}],"collection":[{"href":"https:\/\/ab-marineservice.com\/de\/wp-json\/wp\/v2\/product"}],"about":[{"href":"https:\/\/ab-marineservice.com\/de\/wp-json\/wp\/v2\/types\/product"}],"replies":[{"embeddable":true,"href":"https:\/\/ab-marineservice.com\/de\/wp-json\/wp\/v2\/comments?post=401652"}],"wp:featuredmedia":[{"embeddable":true,"href":"https:\/\/ab-marineservice.com\/de\/wp-json\/wp\/v2\/media\/401650"}],"wp:attachment":[{"href":"https:\/\/ab-marineservice.com\/de\/wp-json\/wp\/v2\/media?parent=401652"}],"wp:term":[{"taxonomy":"location","embeddable":true,"href":"https:\/\/ab-marineservice.com\/de\/wp-json\/wp\/v2\/location?post=401652"},{"taxonomy":"product_brand","embeddable":true,"href":"https:\/\/ab-marineservice.com\/de\/wp-json\/wp\/v2\/product_brand?post=401652"},{"taxonomy":"product_cat","embeddable":true,"href":"https:\/\/ab-marineservice.com\/de\/wp-json\/wp\/v2\/product_cat?post=401652"},{"taxonomy":"product_tag","embeddable":true,"href":"https:\/\/ab-marineservice.com\/de\/wp-json\/wp\/v2\/product_tag?post=401652"}],"curies":[{"name":"wp","href":"https:\/\/api.w.org\/{rel}","templated":true}]}}