{"id":402673,"date":"2025-10-25T08:19:21","date_gmt":"2025-10-25T06:19:21","guid":{"rendered":"https:\/\/ab-marineservice.com\/product\/trimmmeter-weis-edelstahl-9-32v-0-190ohm\/"},"modified":"2026-04-29T19:18:00","modified_gmt":"2026-04-29T17:18:00","slug":"trimmmeter-weis-edelstahl-9-32v-0-190ohm","status":"publish","type":"product","link":"https:\/\/ab-marineservice.com\/de\/produkt\/trimmmeter-weis-edelstahl-9-32v-0-190ohm\/","title":{"rendered":"Trimmmeter wei\u00df\/Edelstahl 9-32V 0-190Ohm"},"content":{"rendered":"","protected":false},"excerpt":{"rendered":"<p>Trimmmeter wei\u00df\/Edelstahl 9-32V 0-190Ohm<\/p>\n<p>Das Trimmmessger\u00e4t misst pr\u00e4zise die Trimmung Ihres Bootes mit einem Widerstandsbereich von 0 bis 190 Ohm und ist f\u00fcr Spannungen zwischen 9 und 32 Volt geeignet. Das elegante wei\u00dfe Design mit Edelstahlakzenten verleiht Ihrem Armaturenbrett einen modernen Touch. Durch die pr\u00e4zise Einstellung der Trimmung Ihres Bootes mit diesem Messger\u00e4t sorgen Sie f\u00fcr optimale Leistung und Stabilit\u00e4t auf dem Wasser. Das zuverl\u00e4ssige und langlebige Trimmmessger\u00e4t ist ein unverzichtbares Werkzeug f\u00fcr ein reibungsloses und komfortables Bootserlebnis.<\/p>\n<p><a href=\"https:\/\/shop.exalto.com\/uploads\/pdf\/Hollexinstrumenten_handleiding_01_27076.pdf\" target=\"_blank\" title=\"Handbuch Instrumente\"><\/a><\/p>\n","protected":false},"featured_media":402671,"comment_status":"open","ping_status":"closed","template":"","meta":[],"location":[6695],"product_brand":[],"product_cat":[1209,1256],"product_tag":[],"class_list":{"0":"post-402673","1":"product","2":"type-product","3":"status-publish","4":"has-post-thumbnail","6":"location-exalto","7":"product_cat-instrumente-und-sensoren","8":"product_cat-einbaumessgerate","10":"first","11":"instock","12":"sale","13":"taxable","14":"shipping-taxable","15":"purchasable","16":"product-type-simple"},"group_of_quantity":0,"min_quantity":0,"max_quantity":"","exclude_order_quantity_value_rules":"no","exclude_category_quantity_rules":"no","combine_variations":"no","locations":[{"id":6695,"name":"Exalto","slug":"exalto","quantity":""}],"_links":{"self":[{"href":"https:\/\/ab-marineservice.com\/de\/wp-json\/wp\/v2\/product\/402673","targetHints":{"allow":["GET"]}}],"collection":[{"href":"https:\/\/ab-marineservice.com\/de\/wp-json\/wp\/v2\/product"}],"about":[{"href":"https:\/\/ab-marineservice.com\/de\/wp-json\/wp\/v2\/types\/product"}],"replies":[{"embeddable":true,"href":"https:\/\/ab-marineservice.com\/de\/wp-json\/wp\/v2\/comments?post=402673"}],"wp:featuredmedia":[{"embeddable":true,"href":"https:\/\/ab-marineservice.com\/de\/wp-json\/wp\/v2\/media\/402671"}],"wp:attachment":[{"href":"https:\/\/ab-marineservice.com\/de\/wp-json\/wp\/v2\/media?parent=402673"}],"wp:term":[{"taxonomy":"location","embeddable":true,"href":"https:\/\/ab-marineservice.com\/de\/wp-json\/wp\/v2\/location?post=402673"},{"taxonomy":"product_brand","embeddable":true,"href":"https:\/\/ab-marineservice.com\/de\/wp-json\/wp\/v2\/product_brand?post=402673"},{"taxonomy":"product_cat","embeddable":true,"href":"https:\/\/ab-marineservice.com\/de\/wp-json\/wp\/v2\/product_cat?post=402673"},{"taxonomy":"product_tag","embeddable":true,"href":"https:\/\/ab-marineservice.com\/de\/wp-json\/wp\/v2\/product_tag?post=402673"}],"curies":[{"name":"wp","href":"https:\/\/api.w.org\/{rel}","templated":true}]}}