{"id":402680,"date":"2025-10-25T08:33:45","date_gmt":"2025-10-25T06:33:45","guid":{"rendered":"https:\/\/ab-marineservice.com\/product\/trimmmeter-schwarz-9-32v-0-190ohm\/"},"modified":"2026-04-29T19:17:58","modified_gmt":"2026-04-29T17:17:58","slug":"trimmmeter-schwarz-9-32v-0-190ohm","status":"publish","type":"product","link":"https:\/\/ab-marineservice.com\/de\/produkt\/trimmmeter-schwarz-9-32v-0-190ohm\/","title":{"rendered":"Trimmmeter schwarz 9-32V 0-190Ohm"},"content":{"rendered":"","protected":false},"excerpt":{"rendered":"<p>Trimmmeter schwarz 9-32V 0-190Ohm<\/p>\n<p>Mit dem Trimmmeter, geeignet f\u00fcr Spannungen zwischen 9 und 32 Volt und einem Widerstandsbereich von 0 bis 190 Ohm, behalten Sie die volle Kontrolle \u00fcber die Trimmung Ihres Bootes. Das schwarze Design passt zu verschiedenen Armaturenbrettstilen und bietet ein elegantes und modernes Erscheinungsbild. Die pr\u00e4zisen Messungen helfen Ihnen, die Trimmung Ihres Bootes zu optimieren und so optimale Leistung und Stabilit\u00e4t auf dem Wasser zu gew\u00e4hrleisten. Das zuverl\u00e4ssige und langlebige Trimmmeter ist ein unverzichtbares Werkzeug f\u00fcr jeden ambitionierten Bootsfahrer, der Wert auf ein reibungsloses und komfortables Bootserlebnis legt.<\/p>\n<p><a href=\"https:\/\/shop.exalto.com\/uploads\/pdf\/Hollexinstrumenten_handleiding_01_27076.pdf\" target=\"_blank\" title=\"Handbuch Instrumente\"><\/a><\/p>\n","protected":false},"featured_media":402677,"comment_status":"open","ping_status":"closed","template":"","meta":[],"location":[6695],"product_brand":[],"product_cat":[1209,1256],"product_tag":[],"class_list":{"0":"post-402680","1":"product","2":"type-product","3":"status-publish","4":"has-post-thumbnail","6":"location-exalto","7":"product_cat-instrumente-und-sensoren","8":"product_cat-einbaumessgerate","10":"first","11":"instock","12":"sale","13":"taxable","14":"shipping-taxable","15":"purchasable","16":"product-type-simple"},"group_of_quantity":0,"min_quantity":0,"max_quantity":"","exclude_order_quantity_value_rules":"no","exclude_category_quantity_rules":"no","combine_variations":"no","locations":[{"id":6695,"name":"Exalto","slug":"exalto","quantity":""}],"_links":{"self":[{"href":"https:\/\/ab-marineservice.com\/de\/wp-json\/wp\/v2\/product\/402680","targetHints":{"allow":["GET"]}}],"collection":[{"href":"https:\/\/ab-marineservice.com\/de\/wp-json\/wp\/v2\/product"}],"about":[{"href":"https:\/\/ab-marineservice.com\/de\/wp-json\/wp\/v2\/types\/product"}],"replies":[{"embeddable":true,"href":"https:\/\/ab-marineservice.com\/de\/wp-json\/wp\/v2\/comments?post=402680"}],"wp:featuredmedia":[{"embeddable":true,"href":"https:\/\/ab-marineservice.com\/de\/wp-json\/wp\/v2\/media\/402677"}],"wp:attachment":[{"href":"https:\/\/ab-marineservice.com\/de\/wp-json\/wp\/v2\/media?parent=402680"}],"wp:term":[{"taxonomy":"location","embeddable":true,"href":"https:\/\/ab-marineservice.com\/de\/wp-json\/wp\/v2\/location?post=402680"},{"taxonomy":"product_brand","embeddable":true,"href":"https:\/\/ab-marineservice.com\/de\/wp-json\/wp\/v2\/product_brand?post=402680"},{"taxonomy":"product_cat","embeddable":true,"href":"https:\/\/ab-marineservice.com\/de\/wp-json\/wp\/v2\/product_cat?post=402680"},{"taxonomy":"product_tag","embeddable":true,"href":"https:\/\/ab-marineservice.com\/de\/wp-json\/wp\/v2\/product_tag?post=402680"}],"curies":[{"name":"wp","href":"https:\/\/api.w.org\/{rel}","templated":true}]}}