{"id":403179,"date":"2025-10-27T19:53:13","date_gmt":"2025-10-27T18:53:13","guid":{"rendered":"https:\/\/ab-marineservice.com\/product\/abwasserzahler-9-32v-weis-edelstahl-240-33ohm\/"},"modified":"2026-04-29T19:17:44","modified_gmt":"2026-04-29T17:17:44","slug":"abwasserzahler-9-32v-weis-edelstahl-240-33ohm","status":"publish","type":"product","link":"https:\/\/ab-marineservice.com\/de\/produkt\/abwasserzahler-9-32v-weis-edelstahl-240-33ohm\/","title":{"rendered":"Abwasserz\u00e4hler 9-32V wei\u00df\/Edelstahl 240-33Ohm"},"content":{"rendered":"","protected":false},"excerpt":{"rendered":"<p>Abwasserz\u00e4hler 9-32V wei\u00df\/Edelstahl 240-33Ohm<\/p>\n<p>Der Abwasserz\u00e4hler erm\u00f6glicht eine zuverl\u00e4ssige Wasserstandsmessung an Bord und ist mit Spannungen zwischen 9 und 32 Volt kompatibel. Mit seinem stilvollen wei\u00dfen Design und den edlen Edelstahlakzenten passt dieser Z\u00e4hler zu vielen Armaturenbrettstilen. Mit einem Messbereich von 240 bis 33 Ohm liefert dieser Z\u00e4hler pr\u00e4zise und sofortige Wasserstandsinformationen, sodass Sie Ihr System w\u00e4hrend der Fahrt sicher steuern k\u00f6nnen. Mit dem Abwasserz\u00e4hler an Bord sind Sie immer \u00fcber den Wasserstand informiert \u2013 unerl\u00e4sslich f\u00fcr ein reibungsloses und sorgenfreies Bootserlebnis.<\/p>\n","protected":false},"featured_media":403177,"comment_status":"open","ping_status":"closed","template":"","meta":[],"location":[6695],"product_brand":[],"product_cat":[1209,1256],"product_tag":[],"class_list":{"0":"post-403179","1":"product","2":"type-product","3":"status-publish","4":"has-post-thumbnail","6":"location-exalto","7":"product_cat-instrumente-und-sensoren","8":"product_cat-einbaumessgerate","10":"first","11":"instock","12":"sale","13":"taxable","14":"shipping-taxable","15":"purchasable","16":"product-type-simple"},"group_of_quantity":0,"min_quantity":0,"max_quantity":"","exclude_order_quantity_value_rules":"no","exclude_category_quantity_rules":"no","combine_variations":"no","locations":[{"id":6695,"name":"Exalto","slug":"exalto","quantity":""}],"_links":{"self":[{"href":"https:\/\/ab-marineservice.com\/de\/wp-json\/wp\/v2\/product\/403179","targetHints":{"allow":["GET"]}}],"collection":[{"href":"https:\/\/ab-marineservice.com\/de\/wp-json\/wp\/v2\/product"}],"about":[{"href":"https:\/\/ab-marineservice.com\/de\/wp-json\/wp\/v2\/types\/product"}],"replies":[{"embeddable":true,"href":"https:\/\/ab-marineservice.com\/de\/wp-json\/wp\/v2\/comments?post=403179"}],"wp:featuredmedia":[{"embeddable":true,"href":"https:\/\/ab-marineservice.com\/de\/wp-json\/wp\/v2\/media\/403177"}],"wp:attachment":[{"href":"https:\/\/ab-marineservice.com\/de\/wp-json\/wp\/v2\/media?parent=403179"}],"wp:term":[{"taxonomy":"location","embeddable":true,"href":"https:\/\/ab-marineservice.com\/de\/wp-json\/wp\/v2\/location?post=403179"},{"taxonomy":"product_brand","embeddable":true,"href":"https:\/\/ab-marineservice.com\/de\/wp-json\/wp\/v2\/product_brand?post=403179"},{"taxonomy":"product_cat","embeddable":true,"href":"https:\/\/ab-marineservice.com\/de\/wp-json\/wp\/v2\/product_cat?post=403179"},{"taxonomy":"product_tag","embeddable":true,"href":"https:\/\/ab-marineservice.com\/de\/wp-json\/wp\/v2\/product_tag?post=403179"}],"curies":[{"name":"wp","href":"https:\/\/api.w.org\/{rel}","templated":true}]}}