{"id":403416,"date":"2025-10-28T20:11:48","date_gmt":"2025-10-28T19:11:48","guid":{"rendered":"https:\/\/ab-marineservice.com\/product\/oldrucktransmitter-m10x10-0-5-bar\/"},"modified":"2025-10-28T20:11:48","modified_gmt":"2025-10-28T19:11:48","slug":"oldrucktransmitter-m10x10-0-5-bar","status":"publish","type":"product","link":"https:\/\/ab-marineservice.com\/de\/produkt\/oldrucktransmitter-m10x10-0-5-bar\/","title":{"rendered":"\u00d6ldrucktransmitter M10x1,0 0-5 bar"},"content":{"rendered":"","protected":false},"excerpt":{"rendered":"<p>\u00d6ldrucktransmitter M10x1,0 0-5 bar<\/p>\n<p>Diese \u00d6ldruckmessger\u00e4te liefern zuverl\u00e4ssige Messungen und eignen sich f\u00fcr verschiedene Motor- und Maschinenanwendungen. Ihre Pr\u00e4zision und Langlebigkeit tragen zur optimalen Leistung bei und sch\u00fctzen Ihre Ausr\u00fcstung.<\/p>\n","protected":false},"featured_media":403414,"comment_status":"open","ping_status":"closed","template":"","meta":[],"location":[6695],"product_brand":[],"product_cat":[1258,1262],"product_tag":[],"class_list":{"0":"post-403416","1":"product","2":"type-product","3":"status-publish","4":"has-post-thumbnail","6":"location-exalto","7":"product_cat-sensoren-adapter","8":"product_cat-oldrucksensoren","10":"first","11":"instock","12":"sale","13":"taxable","14":"shipping-taxable","15":"purchasable","16":"product-type-simple"},"group_of_quantity":0,"min_quantity":0,"max_quantity":"","exclude_order_quantity_value_rules":"no","exclude_category_quantity_rules":"no","combine_variations":"no","locations":[{"id":6695,"name":"Exalto","slug":"exalto","quantity":""}],"_links":{"self":[{"href":"https:\/\/ab-marineservice.com\/de\/wp-json\/wp\/v2\/product\/403416","targetHints":{"allow":["GET"]}}],"collection":[{"href":"https:\/\/ab-marineservice.com\/de\/wp-json\/wp\/v2\/product"}],"about":[{"href":"https:\/\/ab-marineservice.com\/de\/wp-json\/wp\/v2\/types\/product"}],"replies":[{"embeddable":true,"href":"https:\/\/ab-marineservice.com\/de\/wp-json\/wp\/v2\/comments?post=403416"}],"wp:featuredmedia":[{"embeddable":true,"href":"https:\/\/ab-marineservice.com\/de\/wp-json\/wp\/v2\/media\/403414"}],"wp:attachment":[{"href":"https:\/\/ab-marineservice.com\/de\/wp-json\/wp\/v2\/media?parent=403416"}],"wp:term":[{"taxonomy":"location","embeddable":true,"href":"https:\/\/ab-marineservice.com\/de\/wp-json\/wp\/v2\/location?post=403416"},{"taxonomy":"product_brand","embeddable":true,"href":"https:\/\/ab-marineservice.com\/de\/wp-json\/wp\/v2\/product_brand?post=403416"},{"taxonomy":"product_cat","embeddable":true,"href":"https:\/\/ab-marineservice.com\/de\/wp-json\/wp\/v2\/product_cat?post=403416"},{"taxonomy":"product_tag","embeddable":true,"href":"https:\/\/ab-marineservice.com\/de\/wp-json\/wp\/v2\/product_tag?post=403416"}],"curies":[{"name":"wp","href":"https:\/\/api.w.org\/{rel}","templated":true}]}}