{"id":403447,"date":"2025-10-28T20:54:01","date_gmt":"2025-10-28T19:54:01","guid":{"rendered":"https:\/\/ab-marineservice.com\/product\/oltemperatursensor-m14x15-150-wk-130\/"},"modified":"2025-10-28T20:54:01","modified_gmt":"2025-10-28T19:54:01","slug":"oltemperatursensor-m14x15-150-wk-130","status":"publish","type":"product","link":"https:\/\/ab-marineservice.com\/de\/produkt\/oltemperatursensor-m14x15-150-wk-130\/","title":{"rendered":"\u00d6ltemperatursensor M14x1,5 150\u00b0 WK 130\u00b0"},"content":{"rendered":"","protected":false},"excerpt":{"rendered":"<p>\u00d6ltemperatursensor M14x1,5 150\u00b0 WK 130\u00b0<\/p>\n<p>Der \u00d6ltemperatursensor mit M14x1,5-Gewindeanschluss ist f\u00fcr pr\u00e4zise \u00d6ltemperaturmessungen in verschiedenen Anwendungen konzipiert.<\/p>\n<p>Diese Sensoren liefern zuverl\u00e4ssige \u00d6ltemperaturmessungen, die f\u00fcr die Leistungs\u00fcberwachung und den Motorschutz unerl\u00e4sslich sind. Ihre robuste Konstruktion und die pr\u00e4zisen Messungen tragen zum effizienten Betrieb Ihres Fahrzeugs oder Ihrer Maschine bei.<\/p>\n","protected":false},"featured_media":403445,"comment_status":"open","ping_status":"closed","template":"","meta":[],"location":[6695],"product_brand":[],"product_cat":[1258,24266],"product_tag":[],"class_list":{"0":"post-403447","1":"product","2":"type-product","3":"status-publish","4":"has-post-thumbnail","6":"location-exalto","7":"product_cat-sensoren-adapter","8":"product_cat-oeltemperatursensor","10":"first","11":"instock","12":"sale","13":"taxable","14":"shipping-taxable","15":"purchasable","16":"product-type-simple"},"group_of_quantity":0,"min_quantity":0,"max_quantity":"","exclude_order_quantity_value_rules":"no","exclude_category_quantity_rules":"no","combine_variations":"no","locations":[{"id":6695,"name":"Exalto","slug":"exalto","quantity":""}],"_links":{"self":[{"href":"https:\/\/ab-marineservice.com\/de\/wp-json\/wp\/v2\/product\/403447","targetHints":{"allow":["GET"]}}],"collection":[{"href":"https:\/\/ab-marineservice.com\/de\/wp-json\/wp\/v2\/product"}],"about":[{"href":"https:\/\/ab-marineservice.com\/de\/wp-json\/wp\/v2\/types\/product"}],"replies":[{"embeddable":true,"href":"https:\/\/ab-marineservice.com\/de\/wp-json\/wp\/v2\/comments?post=403447"}],"wp:featuredmedia":[{"embeddable":true,"href":"https:\/\/ab-marineservice.com\/de\/wp-json\/wp\/v2\/media\/403445"}],"wp:attachment":[{"href":"https:\/\/ab-marineservice.com\/de\/wp-json\/wp\/v2\/media?parent=403447"}],"wp:term":[{"taxonomy":"location","embeddable":true,"href":"https:\/\/ab-marineservice.com\/de\/wp-json\/wp\/v2\/location?post=403447"},{"taxonomy":"product_brand","embeddable":true,"href":"https:\/\/ab-marineservice.com\/de\/wp-json\/wp\/v2\/product_brand?post=403447"},{"taxonomy":"product_cat","embeddable":true,"href":"https:\/\/ab-marineservice.com\/de\/wp-json\/wp\/v2\/product_cat?post=403447"},{"taxonomy":"product_tag","embeddable":true,"href":"https:\/\/ab-marineservice.com\/de\/wp-json\/wp\/v2\/product_tag?post=403447"}],"curies":[{"name":"wp","href":"https:\/\/api.w.org\/{rel}","templated":true}]}}