{"id":404109,"date":"2025-11-02T06:54:16","date_gmt":"2025-11-02T05:54:16","guid":{"rendered":"https:\/\/ab-marineservice.com\/product\/pyro-sensor\/"},"modified":"2025-11-02T06:54:16","modified_gmt":"2025-11-02T05:54:16","slug":"pyro-sensor","status":"publish","type":"product","link":"https:\/\/ab-marineservice.com\/de\/produkt\/pyro-sensor\/","title":{"rendered":"Pyro Sensor"},"content":{"rendered":"","protected":false},"excerpt":{"rendered":"<p>Der Pyro-Sensor ist ein hochentwickelter Sensor zur Temperatur\u00fcberwachung in maritimen Umgebungen. Dieser Sensor zeichnet sich durch Zuverl\u00e4ssigkeit und Pr\u00e4zision aus.<\/p>\n","protected":false},"featured_media":404107,"comment_status":"open","ping_status":"closed","template":"","meta":[],"location":[6695],"product_brand":[],"product_cat":[1258,24266],"product_tag":[],"class_list":{"0":"post-404109","1":"product","2":"type-product","3":"status-publish","4":"has-post-thumbnail","6":"location-exalto","7":"product_cat-sensoren-adapter","8":"product_cat-oeltemperatursensor","10":"first","11":"instock","12":"sale","13":"taxable","14":"shipping-taxable","15":"purchasable","16":"product-type-simple"},"group_of_quantity":0,"min_quantity":0,"max_quantity":"","exclude_order_quantity_value_rules":"no","exclude_category_quantity_rules":"no","combine_variations":"no","locations":[{"id":6695,"name":"Exalto","slug":"exalto","quantity":""}],"_links":{"self":[{"href":"https:\/\/ab-marineservice.com\/de\/wp-json\/wp\/v2\/product\/404109","targetHints":{"allow":["GET"]}}],"collection":[{"href":"https:\/\/ab-marineservice.com\/de\/wp-json\/wp\/v2\/product"}],"about":[{"href":"https:\/\/ab-marineservice.com\/de\/wp-json\/wp\/v2\/types\/product"}],"replies":[{"embeddable":true,"href":"https:\/\/ab-marineservice.com\/de\/wp-json\/wp\/v2\/comments?post=404109"}],"wp:featuredmedia":[{"embeddable":true,"href":"https:\/\/ab-marineservice.com\/de\/wp-json\/wp\/v2\/media\/404107"}],"wp:attachment":[{"href":"https:\/\/ab-marineservice.com\/de\/wp-json\/wp\/v2\/media?parent=404109"}],"wp:term":[{"taxonomy":"location","embeddable":true,"href":"https:\/\/ab-marineservice.com\/de\/wp-json\/wp\/v2\/location?post=404109"},{"taxonomy":"product_brand","embeddable":true,"href":"https:\/\/ab-marineservice.com\/de\/wp-json\/wp\/v2\/product_brand?post=404109"},{"taxonomy":"product_cat","embeddable":true,"href":"https:\/\/ab-marineservice.com\/de\/wp-json\/wp\/v2\/product_cat?post=404109"},{"taxonomy":"product_tag","embeddable":true,"href":"https:\/\/ab-marineservice.com\/de\/wp-json\/wp\/v2\/product_tag?post=404109"}],"curies":[{"name":"wp","href":"https:\/\/api.w.org\/{rel}","templated":true}]}}