{"id":404115,"date":"2025-11-02T07:01:29","date_gmt":"2025-11-02T06:01:29","guid":{"rendered":"https:\/\/ab-marineservice.com\/product\/ruderwinkelgeber-1-inst-0-190ohm\/"},"modified":"2025-11-02T07:01:29","modified_gmt":"2025-11-02T06:01:29","slug":"ruderwinkelgeber-1-inst-0-190ohm","status":"publish","type":"product","link":"https:\/\/ab-marineservice.com\/de\/produkt\/ruderwinkelgeber-1-inst-0-190ohm\/","title":{"rendered":"Ruderwinkelgeber 1-inst 0-190Ohm"},"content":{"rendered":"","protected":false},"excerpt":{"rendered":"<p>Ruderwinkelgeber 1-inst 0-190Ohm<\/p>\n<p>Der Ruderr\u00fcckmeldesensor mit Einzelplatzinstallation und einem Widerstandsbereich von 0 bis 190 Ohm liefert pr\u00e4zise Messwerte der Ruderposition Ihres Schiffes. Dieser fortschrittliche Sensor ist auf zuverl\u00e4ssige Leistung ausgelegt und eignet sich f\u00fcr eine Vielzahl von Anwendungen, bei denen die \u00dcberwachung des Ruderwinkels unerl\u00e4sslich ist.<\/p>\n<p>Dank seiner robusten Bauweise und pr\u00e4zisen Messungen tr\u00e4gt dieser Ruderr\u00fcckmeldesensor zu einer sicheren und effizienten Navigation bei und erm\u00f6glicht Ihnen, unter verschiedensten Bedingungen souver\u00e4n zu navigieren.<\/p>\n","protected":false},"featured_media":404113,"comment_status":"open","ping_status":"closed","template":"","meta":[],"location":[6695],"product_brand":[],"product_cat":[1258,24266],"product_tag":[],"class_list":{"0":"post-404115","1":"product","2":"type-product","3":"status-publish","4":"has-post-thumbnail","6":"location-exalto","7":"product_cat-sensoren-adapter","8":"product_cat-oeltemperatursensor","10":"first","11":"instock","12":"sale","13":"taxable","14":"shipping-taxable","15":"purchasable","16":"product-type-simple"},"group_of_quantity":0,"min_quantity":0,"max_quantity":"","exclude_order_quantity_value_rules":"no","exclude_category_quantity_rules":"no","combine_variations":"no","locations":[{"id":6695,"name":"Exalto","slug":"exalto","quantity":""}],"_links":{"self":[{"href":"https:\/\/ab-marineservice.com\/de\/wp-json\/wp\/v2\/product\/404115","targetHints":{"allow":["GET"]}}],"collection":[{"href":"https:\/\/ab-marineservice.com\/de\/wp-json\/wp\/v2\/product"}],"about":[{"href":"https:\/\/ab-marineservice.com\/de\/wp-json\/wp\/v2\/types\/product"}],"replies":[{"embeddable":true,"href":"https:\/\/ab-marineservice.com\/de\/wp-json\/wp\/v2\/comments?post=404115"}],"wp:featuredmedia":[{"embeddable":true,"href":"https:\/\/ab-marineservice.com\/de\/wp-json\/wp\/v2\/media\/404113"}],"wp:attachment":[{"href":"https:\/\/ab-marineservice.com\/de\/wp-json\/wp\/v2\/media?parent=404115"}],"wp:term":[{"taxonomy":"location","embeddable":true,"href":"https:\/\/ab-marineservice.com\/de\/wp-json\/wp\/v2\/location?post=404115"},{"taxonomy":"product_brand","embeddable":true,"href":"https:\/\/ab-marineservice.com\/de\/wp-json\/wp\/v2\/product_brand?post=404115"},{"taxonomy":"product_cat","embeddable":true,"href":"https:\/\/ab-marineservice.com\/de\/wp-json\/wp\/v2\/product_cat?post=404115"},{"taxonomy":"product_tag","embeddable":true,"href":"https:\/\/ab-marineservice.com\/de\/wp-json\/wp\/v2\/product_tag?post=404115"}],"curies":[{"name":"wp","href":"https:\/\/api.w.org\/{rel}","templated":true}]}}