{"id":404127,"date":"2025-11-02T07:15:32","date_gmt":"2025-11-02T06:15:32","guid":{"rendered":"https:\/\/ab-marineservice.com\/product\/wassertemperatursensor-m14x15-120-mv\/"},"modified":"2025-11-02T07:28:29","modified_gmt":"2025-11-02T06:28:29","slug":"wassertemperatursensor-m14x15-120-mv","status":"publish","type":"product","link":"https:\/\/ab-marineservice.com\/de\/produkt\/wassertemperatursensor-m14x15-120-mv\/","title":{"rendered":"Wassertemperatursensor M14x1,5 120\u00b0 MV"},"content":{"rendered":"","protected":false},"excerpt":{"rendered":"<p>Wassertemperatursensor M14x1,5 120\u00b0 MV<\/p>\n<p>Der Wassertemperatursensor mit M14x1,5-Gewindeanschluss und einem Messbereich bis 120 \u00b0C ist f\u00fcr pr\u00e4zise Wassertemperaturmessungen in verschiedenen maritimen Anwendungen konzipiert.<\/p>\n<p>Diese Sensoren liefern zuverl\u00e4ssige Wassertemperaturdaten, die f\u00fcr die \u00dcberwachung der Motorleistung und die Vermeidung von \u00dcberhitzung unerl\u00e4sslich sind. Ihre robuste Bauweise und die genauen Messwerte tragen zum sicheren und effizienten Betrieb Ihres Schiffes bei.<\/p>\n","protected":false},"featured_media":404125,"comment_status":"open","ping_status":"closed","template":"","meta":[],"location":[6695],"product_brand":[],"product_cat":[1258,1264],"product_tag":[],"class_list":{"0":"post-404127","1":"product","2":"type-product","3":"status-publish","4":"has-post-thumbnail","6":"location-exalto","7":"product_cat-sensoren-adapter","8":"product_cat-temperatursensoren-wasser","10":"first","11":"instock","12":"sale","13":"taxable","14":"shipping-taxable","15":"purchasable","16":"product-type-simple"},"group_of_quantity":0,"min_quantity":0,"max_quantity":"","exclude_order_quantity_value_rules":"no","exclude_category_quantity_rules":"no","combine_variations":"no","locations":[{"id":6695,"name":"Exalto","slug":"exalto","quantity":""}],"_links":{"self":[{"href":"https:\/\/ab-marineservice.com\/de\/wp-json\/wp\/v2\/product\/404127","targetHints":{"allow":["GET"]}}],"collection":[{"href":"https:\/\/ab-marineservice.com\/de\/wp-json\/wp\/v2\/product"}],"about":[{"href":"https:\/\/ab-marineservice.com\/de\/wp-json\/wp\/v2\/types\/product"}],"replies":[{"embeddable":true,"href":"https:\/\/ab-marineservice.com\/de\/wp-json\/wp\/v2\/comments?post=404127"}],"wp:featuredmedia":[{"embeddable":true,"href":"https:\/\/ab-marineservice.com\/de\/wp-json\/wp\/v2\/media\/404125"}],"wp:attachment":[{"href":"https:\/\/ab-marineservice.com\/de\/wp-json\/wp\/v2\/media?parent=404127"}],"wp:term":[{"taxonomy":"location","embeddable":true,"href":"https:\/\/ab-marineservice.com\/de\/wp-json\/wp\/v2\/location?post=404127"},{"taxonomy":"product_brand","embeddable":true,"href":"https:\/\/ab-marineservice.com\/de\/wp-json\/wp\/v2\/product_brand?post=404127"},{"taxonomy":"product_cat","embeddable":true,"href":"https:\/\/ab-marineservice.com\/de\/wp-json\/wp\/v2\/product_cat?post=404127"},{"taxonomy":"product_tag","embeddable":true,"href":"https:\/\/ab-marineservice.com\/de\/wp-json\/wp\/v2\/product_tag?post=404127"}],"curies":[{"name":"wp","href":"https:\/\/api.w.org\/{rel}","templated":true}]}}