{"id":404340,"date":"2025-11-03T20:22:41","date_gmt":"2025-11-03T19:22:41","guid":{"rendered":"https:\/\/ab-marineservice.com\/product\/ofenschlauch-gerade-17x25mm\/"},"modified":"2025-12-24T14:02:15","modified_gmt":"2025-12-24T13:02:15","slug":"ofenschlauch-gerade-17x25mm","status":"publish","type":"product","link":"https:\/\/ab-marineservice.com\/de\/produkt\/ofenschlauch-gerade-17x25mm\/","title":{"rendered":"Flexibler K\u00fchlwasserschlauch (warm) 17x25mm"},"content":{"rendered":"","protected":false},"excerpt":{"rendered":"<p>Ofenschlauch gerade 17x25mm<\/p>\n<p>Besonders strapazierf\u00e4higer Heizungsschlauch f\u00fcr gerade und gebogene Verbindungen. Dank seiner elastischen Verst\u00e4rkung kann der Schlauch an Rohre mit bis zu 4 mm gr\u00f6\u00dferem Innendurchmesser als dem Nenndurchmesser angeschlossen werden. Seine robuste und dennoch flexible Konstruktion erm\u00f6glicht mittlere Biegeradien. Die elastische Textilverst\u00e4rkung gew\u00e4hrleistet Widerstandsf\u00e4higkeit gegen Innendruck und erm\u00f6glicht den einfachen Anschluss an gr\u00f6\u00dfere Fittings. Innenwand und Mantel sind best\u00e4ndig gegen Ozon, K\u00e4ltemittel und Temperaturen von -50 \u00b0C bis +100 \u00b0C, kurzzeitig bis +110 \u00b0C, DIN 73411, Klasse A (Toleranzen ausgenommen).<\/p>\n<p>Datenblatt: <a href=\"https:\/\/ab-marineservice.com\/wp-content\/uploads\/2025\/11\/Rechte-EPDM-verwarmingsslang.pdf\">Gerade EPDM Heizschlauch<\/a><\/p>\n","protected":false},"featured_media":405124,"comment_status":"open","ping_status":"closed","template":"","meta":[],"location":[4275,4276],"product_brand":[],"product_cat":[1348,24398],"product_tag":[],"class_list":{"0":"post-404340","1":"product","2":"type-product","3":"status-publish","4":"has-post-thumbnail","6":"location-aes-emmeloord","7":"location-aes-lemmer","8":"product_cat-kuhlwasserschlauche","9":"product_cat-kuhlwasserschlauch","10":"product_shipping_class-paket-0-10-kg","12":"first","13":"instock","14":"sale","15":"taxable","16":"shipping-taxable","17":"purchasable","18":"product-type-simple"},"group_of_quantity":0,"min_quantity":0,"max_quantity":"","exclude_order_quantity_value_rules":"no","exclude_category_quantity_rules":"no","combine_variations":"no","locations":[{"id":4275,"name":"AES Emmeloord","slug":"aes-emmeloord","quantity":""},{"id":4276,"name":"AES Lemmer","slug":"aes-lemmer","quantity":""}],"_links":{"self":[{"href":"https:\/\/ab-marineservice.com\/de\/wp-json\/wp\/v2\/product\/404340","targetHints":{"allow":["GET"]}}],"collection":[{"href":"https:\/\/ab-marineservice.com\/de\/wp-json\/wp\/v2\/product"}],"about":[{"href":"https:\/\/ab-marineservice.com\/de\/wp-json\/wp\/v2\/types\/product"}],"replies":[{"embeddable":true,"href":"https:\/\/ab-marineservice.com\/de\/wp-json\/wp\/v2\/comments?post=404340"}],"wp:featuredmedia":[{"embeddable":true,"href":"https:\/\/ab-marineservice.com\/de\/wp-json\/wp\/v2\/media\/405124"}],"wp:attachment":[{"href":"https:\/\/ab-marineservice.com\/de\/wp-json\/wp\/v2\/media?parent=404340"}],"wp:term":[{"taxonomy":"location","embeddable":true,"href":"https:\/\/ab-marineservice.com\/de\/wp-json\/wp\/v2\/location?post=404340"},{"taxonomy":"product_brand","embeddable":true,"href":"https:\/\/ab-marineservice.com\/de\/wp-json\/wp\/v2\/product_brand?post=404340"},{"taxonomy":"product_cat","embeddable":true,"href":"https:\/\/ab-marineservice.com\/de\/wp-json\/wp\/v2\/product_cat?post=404340"},{"taxonomy":"product_tag","embeddable":true,"href":"https:\/\/ab-marineservice.com\/de\/wp-json\/wp\/v2\/product_tag?post=404340"}],"curies":[{"name":"wp","href":"https:\/\/api.w.org\/{rel}","templated":true}]}}