{"id":40499,"date":"2020-11-03T19:45:42","date_gmt":"2020-11-03T18:45:42","guid":{"rendered":"https:\/\/ab-marineservice.com\/product\/motorstutze-volvo-penta-d1-30-sole-mini\/"},"modified":"2026-03-01T07:03:59","modified_gmt":"2026-03-01T06:03:59","slug":"motorstutzensatz-volvo-penta-d1-30-sole-mini-23","status":"publish","type":"product","link":"https:\/\/ab-marineservice.com\/de\/produkt\/motorstutzensatz-volvo-penta-d1-30-sole-mini-23\/","title":{"rendered":"Motorst\u00fctzensatz Volvo Penta D1-30 \/ Sole mini 23"},"content":{"rendered":"<p>Bei diesem Motorst\u00fctzensatz handelt es sich um vier kompakte Schwingungsd\u00e4mpfer mit hoher D\u00e4mpfungsleistung gegen gro\u00dfe Auslenkungen.<\/p>\n<p>Aufgrund der Konstruktion und des hohen D\u00e4mpfungsverm\u00f6gens ist dieser Typ Motorst\u00fctze sehr gut geeignet f\u00fcr z.B. 1 oder 2 Zylinder Dieselmotoren.<br \/>\nMotoren mit 1 oder 2 Zylindern haben in der Regel einen gr\u00f6\u00dferen Hubraum pro Zylinder und sind schwerer ausgef\u00fchrt. Dadurch werden Schwingungen st\u00e4rker und manchmal mit gr\u00f6\u00dferer Auslenkung.<\/p>\n<p>Die richtige Motorst\u00fctze:<br \/>\nMit dem integrierten Fahrbegrenzer kann die Sto\u00dfbewegung um bis zu 5G reduziert werden.<br \/>\nDadurch bildet es den perfekten Puffer zwischen Motor und Motorfundament.<br \/>\nDas Resultat: St\u00f6rende Schwingungen werden somit enorm begrenzt und beim Segeln auf ein angenehmes Ma\u00df reduziert.<\/p>\n<p>Die H\u00f6he ist verstellbar durch einen Standard M16 <a href=\"https:\/\/ab-marineservice.com\/de\/produkt-kategorie\/motorteile\/motorstutzen\/einstellstifte\/\">Einstellstift<\/a>. Pr\u00fcfen Sie vor der Bestellung, ob dies auch die richtige Gr\u00f6\u00dfe f\u00fcr Ihr Motor ist. Ihr Motor hat bereits eine Vorgeschichte und m\u00f6glicherweise wurden \u00c4nderungen an den Motorst\u00fctzbeinen vorgenommen.<br \/>\nStimmt die Lochgr\u00f6\u00dfe mit Ihren St\u00fctzbeinen\/Armen nicht \u00fcberein, dann haben Sie die Wahl zwischen <a href=\"https:\/\/ab-marineservice.com\/de\/produkt\/einstellstift-m12-m12\/\">Stiftgr\u00f6\u00dfe M12<\/a> oder Stiftgr\u00f6\u00dfe M18. Diese k\u00f6nnen separat bestellt werden, oder wenn Sie es vor der Bestellung angeben, werden wir es anpassen.<\/p>\n<p>Mit diesem Motorst\u00fctzensatz speziell f\u00fcr Volvo Penta D1-30 und Sole mini 23 werden Sie mit der D\u00e4mpfung zufrieden sein. Sie k\u00f6nnen diese Motorst\u00fctzen ganz einfach bestellen, um nach der Montage vibrationsfrei zu touren.<\/p>\n<h4>Achtung!<\/h4>\n<p>Vergessen Sie bei der Montage der Motorst\u00fctzen nicht, die dicke Unterlegscheibe zwischen die Abdeckung und die d\u00fcnnere Kontermutter zu legen.<br \/>\nOhne diesen Ring besteht die Gefahr, dass sich der Einstellstift l\u00f6st oder die Motorst\u00fctze besch\u00e4digt wird.<\/p>\n<p>Bei Fragen zu diesem Produkt, dieser Teile oder dem Typ oder der Anwendung wenden Sie sich bitte an uns.<\/p>\n","protected":false},"excerpt":{"rendered":"<p>Umr\u00fcstsatz f\u00fcr folgende Motoren<\/p>\n<p>Volvo Penta D1-30<br \/>\nSole Mini 23<\/p>\n<p>2x Seite Wendegetriebe: 40 Shore A<br \/>\n2x Motor vorne: 60 Shore A<\/p>\n<p>Satz enth\u00e4lt vier passende St\u00fctzen mit M16-Schraube.<\/p>\n<p>Beachten Sie immer die Stichgr\u00f6\u00dfe des Fu\u00dfes (100 mm)<\/p>\n<p>Einstellung der Schwingungsd\u00e4mpfer: <a href=\"https:\/\/ab-marineservice.com\/wp-content\/uploads\/2025\/12\/Korrekte-Einstellung-von-flexiblen-Schwingungsdampfern-fur-einen-Schiffsmotor.pdf\">Bedingungen f\u00fcr die korrekte Einstellung<\/a><\/p>\n","protected":false},"featured_media":140315,"comment_status":"open","ping_status":"closed","template":"","meta":[],"location":[15440],"product_brand":[],"product_cat":[1222,1431,4075],"product_tag":[],"class_list":{"0":"post-40499","1":"product","2":"type-product","3":"status-publish","4":"has-post-thumbnail","6":"location-vce","7":"product_cat-motorteile","8":"product_cat-motorstutzen","9":"product_cat-motorspezifisch","10":"product_shipping_class-paket-0-10-kg","12":"first","13":"onbackorder","14":"sale","15":"taxable","16":"shipping-taxable","17":"purchasable","18":"product-type-simple"},"group_of_quantity":0,"min_quantity":0,"max_quantity":"","exclude_order_quantity_value_rules":"no","exclude_category_quantity_rules":"no","combine_variations":"no","locations":[{"id":15440,"name":"VCE","slug":"vce","quantity":""}],"_links":{"self":[{"href":"https:\/\/ab-marineservice.com\/de\/wp-json\/wp\/v2\/product\/40499","targetHints":{"allow":["GET"]}}],"collection":[{"href":"https:\/\/ab-marineservice.com\/de\/wp-json\/wp\/v2\/product"}],"about":[{"href":"https:\/\/ab-marineservice.com\/de\/wp-json\/wp\/v2\/types\/product"}],"replies":[{"embeddable":true,"href":"https:\/\/ab-marineservice.com\/de\/wp-json\/wp\/v2\/comments?post=40499"}],"wp:featuredmedia":[{"embeddable":true,"href":"https:\/\/ab-marineservice.com\/de\/wp-json\/wp\/v2\/media\/140315"}],"wp:attachment":[{"href":"https:\/\/ab-marineservice.com\/de\/wp-json\/wp\/v2\/media?parent=40499"}],"wp:term":[{"taxonomy":"location","embeddable":true,"href":"https:\/\/ab-marineservice.com\/de\/wp-json\/wp\/v2\/location?post=40499"},{"taxonomy":"product_brand","embeddable":true,"href":"https:\/\/ab-marineservice.com\/de\/wp-json\/wp\/v2\/product_brand?post=40499"},{"taxonomy":"product_cat","embeddable":true,"href":"https:\/\/ab-marineservice.com\/de\/wp-json\/wp\/v2\/product_cat?post=40499"},{"taxonomy":"product_tag","embeddable":true,"href":"https:\/\/ab-marineservice.com\/de\/wp-json\/wp\/v2\/product_tag?post=40499"}],"curies":[{"name":"wp","href":"https:\/\/api.w.org\/{rel}","templated":true}]}}