{"id":405254,"date":"2025-11-08T08:34:18","date_gmt":"2025-11-08T07:34:18","guid":{"rendered":"https:\/\/ab-marineservice.com\/product\/propellerwellensystem-set-k1-mit-o25mm\/"},"modified":"2026-05-14T08:26:10","modified_gmt":"2026-05-14T06:26:10","slug":"polyester-propellerwellensystem-mit-25mm-x-2000mm","status":"publish","type":"product","link":"https:\/\/ab-marineservice.com\/de\/produkt\/polyester-propellerwellensystem-mit-25mm-x-2000mm\/","title":{"rendered":"Polyester Propellerwellensystem mit 25mm x 2000mm"},"content":{"rendered":"","protected":false},"excerpt":{"rendered":"<p>Polyester Propellerwellen-System mit 25mm x 2000mm<\/p>\n<p><strong>Dieses Paket enth\u00e4lt:<\/strong><\/p>\n<ul>\n<li>Polyester Propellerwellenrohr \u00d843x35mm f\u00fcr \u00d825mm-Welle, L=1200mm, inklusive Lagerbuchse<\/li>\n<li>Radice Schwimmendes Gummi-Innenlager mit Wasserzulauf, \u00d825mm &amp; Geh\u00e4use \u00d842mm<\/li>\n<li>Propellerwelle Edelstahl Duplex, \u00d825x2000mm mit Kappenmutter\/Zinkanode\/Keil, Konus 1:10<\/li>\n<\/ul>\n","protected":false},"featured_media":405252,"comment_status":"open","ping_status":"closed","template":"","meta":[],"location":[],"product_brand":[],"product_cat":[5397,24476],"product_tag":[],"class_list":{"0":"post-405254","1":"product","2":"type-product","3":"status-publish","4":"has-post-thumbnail","6":"product_cat-propeller-shaft-system-de","7":"product_cat-kompletter-propellerwellensatz","8":"product_shipping_class-paket-0-10-kg","10":"first","11":"outofstock","12":"sale","13":"taxable","14":"shipping-taxable","15":"purchasable","16":"product-type-simple"},"group_of_quantity":0,"min_quantity":0,"max_quantity":"","exclude_order_quantity_value_rules":"no","exclude_category_quantity_rules":"no","combine_variations":"no","locations":[{"id":15420,"name":"Allpa","slug":"allpa","quantity":""}],"_links":{"self":[{"href":"https:\/\/ab-marineservice.com\/de\/wp-json\/wp\/v2\/product\/405254","targetHints":{"allow":["GET"]}}],"collection":[{"href":"https:\/\/ab-marineservice.com\/de\/wp-json\/wp\/v2\/product"}],"about":[{"href":"https:\/\/ab-marineservice.com\/de\/wp-json\/wp\/v2\/types\/product"}],"replies":[{"embeddable":true,"href":"https:\/\/ab-marineservice.com\/de\/wp-json\/wp\/v2\/comments?post=405254"}],"wp:featuredmedia":[{"embeddable":true,"href":"https:\/\/ab-marineservice.com\/de\/wp-json\/wp\/v2\/media\/405252"}],"wp:attachment":[{"href":"https:\/\/ab-marineservice.com\/de\/wp-json\/wp\/v2\/media?parent=405254"}],"wp:term":[{"taxonomy":"location","embeddable":true,"href":"https:\/\/ab-marineservice.com\/de\/wp-json\/wp\/v2\/location?post=405254"},{"taxonomy":"product_brand","embeddable":true,"href":"https:\/\/ab-marineservice.com\/de\/wp-json\/wp\/v2\/product_brand?post=405254"},{"taxonomy":"product_cat","embeddable":true,"href":"https:\/\/ab-marineservice.com\/de\/wp-json\/wp\/v2\/product_cat?post=405254"},{"taxonomy":"product_tag","embeddable":true,"href":"https:\/\/ab-marineservice.com\/de\/wp-json\/wp\/v2\/product_tag?post=405254"}],"curies":[{"name":"wp","href":"https:\/\/api.w.org\/{rel}","templated":true}]}}