{"id":405260,"date":"2025-11-08T08:40:45","date_gmt":"2025-11-08T07:40:45","guid":{"rendered":"https:\/\/ab-marineservice.com\/product\/propellerwellensystem-set-k1-mit-o30-mm\/"},"modified":"2026-02-26T17:06:31","modified_gmt":"2026-02-26T16:06:31","slug":"polyester-propellerwellensystem-mit-30-mm-x-2000mm","status":"publish","type":"product","link":"https:\/\/ab-marineservice.com\/de\/produkt\/polyester-propellerwellensystem-mit-30-mm-x-2000mm\/","title":{"rendered":"Polyester Propellerwellensystem mit 30 mm x 2000mm"},"content":{"rendered":"","protected":false},"excerpt":{"rendered":"<p>Polyester Propellerwellen-System mit 30mm x 2000mm<\/p>\n<p><strong>Dieses Paket enth\u00e4lt:<\/strong><\/p>\n<ul>\n<li>Gummi Propellerwellen-Dichtung mit Wasser- und Fettzulauf, 30x49mm, EVO<\/li>\n<li>Polyester Propellerwellenrohr \u00d849x40mm f\u00fcr \u00d830mm-Welle, L=1200mm, inklusive Lagerbuchse<\/li>\n<li>Propellerwelle Edelstahl Duplex, \u00d830x2000mm mit Kappenmutter\/Zinkanode\/Keil, Konus 1:10<\/li>\n<\/ul>\n","protected":false},"featured_media":405258,"comment_status":"open","ping_status":"closed","template":"","meta":[],"location":[15420],"product_brand":[],"product_cat":[5397,24476],"product_tag":[],"class_list":{"0":"post-405260","1":"product","2":"type-product","3":"status-publish","4":"has-post-thumbnail","6":"location-allpa","7":"product_cat-propeller-shaft-system-de","8":"product_cat-kompletter-propellerwellensatz","9":"product_shipping_class-paket-0-10-kg","11":"first","12":"onbackorder","13":"sale","14":"taxable","15":"shipping-taxable","16":"purchasable","17":"product-type-simple"},"group_of_quantity":0,"min_quantity":0,"max_quantity":"","exclude_order_quantity_value_rules":"no","exclude_category_quantity_rules":"no","combine_variations":"no","locations":[{"id":15420,"name":"Allpa","slug":"allpa","quantity":""}],"_links":{"self":[{"href":"https:\/\/ab-marineservice.com\/de\/wp-json\/wp\/v2\/product\/405260","targetHints":{"allow":["GET"]}}],"collection":[{"href":"https:\/\/ab-marineservice.com\/de\/wp-json\/wp\/v2\/product"}],"about":[{"href":"https:\/\/ab-marineservice.com\/de\/wp-json\/wp\/v2\/types\/product"}],"replies":[{"embeddable":true,"href":"https:\/\/ab-marineservice.com\/de\/wp-json\/wp\/v2\/comments?post=405260"}],"wp:featuredmedia":[{"embeddable":true,"href":"https:\/\/ab-marineservice.com\/de\/wp-json\/wp\/v2\/media\/405258"}],"wp:attachment":[{"href":"https:\/\/ab-marineservice.com\/de\/wp-json\/wp\/v2\/media?parent=405260"}],"wp:term":[{"taxonomy":"location","embeddable":true,"href":"https:\/\/ab-marineservice.com\/de\/wp-json\/wp\/v2\/location?post=405260"},{"taxonomy":"product_brand","embeddable":true,"href":"https:\/\/ab-marineservice.com\/de\/wp-json\/wp\/v2\/product_brand?post=405260"},{"taxonomy":"product_cat","embeddable":true,"href":"https:\/\/ab-marineservice.com\/de\/wp-json\/wp\/v2\/product_cat?post=405260"},{"taxonomy":"product_tag","embeddable":true,"href":"https:\/\/ab-marineservice.com\/de\/wp-json\/wp\/v2\/product_tag?post=405260"}],"curies":[{"name":"wp","href":"https:\/\/api.w.org\/{rel}","templated":true}]}}