{"id":405328,"date":"2025-11-08T09:39:43","date_gmt":"2025-11-08T08:39:43","guid":{"rendered":"https:\/\/ab-marineservice.com\/product\/propellerwellensystem-set-k3-mit-o25-mm\/"},"modified":"2026-02-26T16:59:05","modified_gmt":"2026-02-26T15:59:05","slug":"messing-propellerwellensystem-mit-25mm-x-2000mm","status":"publish","type":"product","link":"https:\/\/ab-marineservice.com\/de\/produkt\/messing-propellerwellensystem-mit-25mm-x-2000mm\/","title":{"rendered":"Messing Propellerwellensystem mit 25mm x 2000mm"},"content":{"rendered":"","protected":false},"excerpt":{"rendered":"<p>Messing Propellerwellen-System mit 25mm x 2000mm<\/p>\n<p><strong>Dieses Paket enth\u00e4lt:<\/strong><\/p>\n<ul>\n<li>Messing Propellerwellenrohr L=1500mm (40x35mm); f\u00fcr Welle \u00d825mm; mit 1 x 9052026 Montageflansch + 1 x 308006 Lagerbuchse, 1x Drehwerk<\/li>\n<li>Bronzener Montageflansch f\u00fcr Propellerwellenrohr \u00d840mm (f\u00fcr Propellerwelle \u00d825mm)<\/li>\n<li>Edelstahl Sichernring f\u00fcr Kappenmutter f\u00fcr Propellerwelle \u00d825mm<\/li>\n<li>Zinkanode f\u00fcr Kappenmutter f\u00fcr Propellerwelle \u00d825mm<\/li>\n<li>Keil f\u00fcr Propellerwelle Sole (lh) 6x6x40 aisi 316<\/li>\n<li>Kappenmutter 25mm (m16*1.5)<\/li>\n<li>Radice Schwimmendes Gummi-Innenlager mit Wasserzulauf, \u00d825mm &amp; Geh\u00e4use \u00d839mm<\/li>\n<\/ul>\n","protected":false},"featured_media":405326,"comment_status":"open","ping_status":"closed","template":"","meta":[],"location":[15420],"product_brand":[],"product_cat":[5397,24476],"product_tag":[],"class_list":{"0":"post-405328","1":"product","2":"type-product","3":"status-publish","4":"has-post-thumbnail","6":"location-allpa","7":"product_cat-propeller-shaft-system-de","8":"product_cat-kompletter-propellerwellensatz","9":"product_shipping_class-paket-0-10-kg","11":"first","12":"onbackorder","13":"sale","14":"taxable","15":"shipping-taxable","16":"purchasable","17":"product-type-simple"},"group_of_quantity":0,"min_quantity":0,"max_quantity":"","exclude_order_quantity_value_rules":"no","exclude_category_quantity_rules":"no","combine_variations":"no","locations":[{"id":15420,"name":"Allpa","slug":"allpa","quantity":""}],"_links":{"self":[{"href":"https:\/\/ab-marineservice.com\/de\/wp-json\/wp\/v2\/product\/405328","targetHints":{"allow":["GET"]}}],"collection":[{"href":"https:\/\/ab-marineservice.com\/de\/wp-json\/wp\/v2\/product"}],"about":[{"href":"https:\/\/ab-marineservice.com\/de\/wp-json\/wp\/v2\/types\/product"}],"replies":[{"embeddable":true,"href":"https:\/\/ab-marineservice.com\/de\/wp-json\/wp\/v2\/comments?post=405328"}],"wp:featuredmedia":[{"embeddable":true,"href":"https:\/\/ab-marineservice.com\/de\/wp-json\/wp\/v2\/media\/405326"}],"wp:attachment":[{"href":"https:\/\/ab-marineservice.com\/de\/wp-json\/wp\/v2\/media?parent=405328"}],"wp:term":[{"taxonomy":"location","embeddable":true,"href":"https:\/\/ab-marineservice.com\/de\/wp-json\/wp\/v2\/location?post=405328"},{"taxonomy":"product_brand","embeddable":true,"href":"https:\/\/ab-marineservice.com\/de\/wp-json\/wp\/v2\/product_brand?post=405328"},{"taxonomy":"product_cat","embeddable":true,"href":"https:\/\/ab-marineservice.com\/de\/wp-json\/wp\/v2\/product_cat?post=405328"},{"taxonomy":"product_tag","embeddable":true,"href":"https:\/\/ab-marineservice.com\/de\/wp-json\/wp\/v2\/product_tag?post=405328"}],"curies":[{"name":"wp","href":"https:\/\/api.w.org\/{rel}","templated":true}]}}