{"id":405371,"date":"2025-11-08T14:22:43","date_gmt":"2025-11-08T13:22:43","guid":{"rendered":"https:\/\/ab-marineservice.com\/product\/propellerwellensystem-set-k5-mit-o35-mm\/"},"modified":"2026-02-26T16:56:20","modified_gmt":"2026-02-26T15:56:20","slug":"messing-propellerwellensystem-mit-35-mm-x-2000-mm","status":"publish","type":"product","link":"https:\/\/ab-marineservice.com\/de\/produkt\/messing-propellerwellensystem-mit-35-mm-x-2000-mm\/","title":{"rendered":"Messing Propellerwellensystem mit 35 mm x 2000 mm"},"content":{"rendered":"","protected":false},"excerpt":{"rendered":"<p>Messing Propellerwellen-System mit 35mm x 2000mm<\/p>\n<p><strong>Dieses Paket enth\u00e4lt:<\/strong><\/p>\n<ul>\n<li>Bronzenes Au\u00dfenlager mit Gegenflansch, f\u00fcr Propellerwelle \u00d835mm &amp; Geh\u00e4use<\/li>\n<li>\u00d850mm Bronze flexibles Innenlager, f\u00fcr Propellerwelle \u00d835mm &amp; Geh\u00e4use \u00d850mm<\/li>\n<li>Messing Propellerwellenrohr \u00d850x43mm, f\u00fcr Propellerwelle \u00d835mm (ohne Gewinde)<\/li>\n<li>Propellerwelle Edelstahl Duplex, \u00d835x2000mm mit Kappenmutter\/Zinkanode\/Keil, Konus 1:10<\/li>\n<\/ul>\n","protected":false},"featured_media":405369,"comment_status":"open","ping_status":"closed","template":"","meta":[],"location":[15420],"product_brand":[],"product_cat":[5397,24476],"product_tag":[],"class_list":{"0":"post-405371","1":"product","2":"type-product","3":"status-publish","4":"has-post-thumbnail","6":"location-allpa","7":"product_cat-propeller-shaft-system-de","8":"product_cat-kompletter-propellerwellensatz","9":"product_shipping_class-paket-0-10-kg","11":"first","12":"onbackorder","13":"sale","14":"taxable","15":"shipping-taxable","16":"purchasable","17":"product-type-simple"},"group_of_quantity":0,"min_quantity":0,"max_quantity":"","exclude_order_quantity_value_rules":"no","exclude_category_quantity_rules":"no","combine_variations":"no","locations":[{"id":15420,"name":"Allpa","slug":"allpa","quantity":""}],"_links":{"self":[{"href":"https:\/\/ab-marineservice.com\/de\/wp-json\/wp\/v2\/product\/405371","targetHints":{"allow":["GET"]}}],"collection":[{"href":"https:\/\/ab-marineservice.com\/de\/wp-json\/wp\/v2\/product"}],"about":[{"href":"https:\/\/ab-marineservice.com\/de\/wp-json\/wp\/v2\/types\/product"}],"replies":[{"embeddable":true,"href":"https:\/\/ab-marineservice.com\/de\/wp-json\/wp\/v2\/comments?post=405371"}],"wp:featuredmedia":[{"embeddable":true,"href":"https:\/\/ab-marineservice.com\/de\/wp-json\/wp\/v2\/media\/405369"}],"wp:attachment":[{"href":"https:\/\/ab-marineservice.com\/de\/wp-json\/wp\/v2\/media?parent=405371"}],"wp:term":[{"taxonomy":"location","embeddable":true,"href":"https:\/\/ab-marineservice.com\/de\/wp-json\/wp\/v2\/location?post=405371"},{"taxonomy":"product_brand","embeddable":true,"href":"https:\/\/ab-marineservice.com\/de\/wp-json\/wp\/v2\/product_brand?post=405371"},{"taxonomy":"product_cat","embeddable":true,"href":"https:\/\/ab-marineservice.com\/de\/wp-json\/wp\/v2\/product_cat?post=405371"},{"taxonomy":"product_tag","embeddable":true,"href":"https:\/\/ab-marineservice.com\/de\/wp-json\/wp\/v2\/product_tag?post=405371"}],"curies":[{"name":"wp","href":"https:\/\/api.w.org\/{rel}","templated":true}]}}