{"id":405834,"date":"2025-11-11T15:49:38","date_gmt":"2025-11-11T14:49:38","guid":{"rendered":"https:\/\/ab-marineservice.com\/?post_type=product&#038;p=405834"},"modified":"2025-11-11T16:15:06","modified_gmt":"2025-11-11T15:15:06","slug":"martec-warmeaustausch-set-yanmar","status":"publish","type":"product","link":"https:\/\/ab-marineservice.com\/de\/produkt\/martec-warmeaustausch-set-yanmar\/","title":{"rendered":"Martec W\u00e4rmeaustausch-Set Yanmar"},"content":{"rendered":"","protected":false},"excerpt":{"rendered":"<p><strong>Produktinfo:<\/strong><br \/>\nKomplettes W\u00e4rmeaustausch-Set f\u00fcr Volvo Penta kleine Dieselmotoren.<br \/>\nZum Entziehen von Warmwasser, z. B. f\u00fcr ein Enteisungsger\u00e4t.<br \/>\nDieses Set umfasst das Entziehen von Wasser aus dem Motor \u00fcber ein T-St\u00fcck am Temperatursensor und ein T-St\u00fcck vor der R\u00fccklauf-Wasserumw\u00e4lzpumpe.<\/p>\n","protected":false},"featured_media":405838,"comment_status":"open","ping_status":"closed","template":"","meta":[],"location":[],"product_brand":[27719],"product_cat":[1310,1363,3445],"product_tag":[],"class_list":{"0":"post-405834","1":"product","2":"type-product","3":"status-publish","4":"has-post-thumbnail","6":"product_brand-martec","7":"product_cat-kuhlungsteile","8":"product_cat-warmetauscher","9":"product_cat-kuhlsystem-teile","10":"product_shipping_class-paket-0-10-kg","12":"first","13":"onbackorder","14":"sale","15":"taxable","16":"shipping-taxable","17":"purchasable","18":"product-type-simple"},"group_of_quantity":0,"min_quantity":0,"max_quantity":"","exclude_order_quantity_value_rules":"no","exclude_category_quantity_rules":"no","combine_variations":"no","locations":[],"_links":{"self":[{"href":"https:\/\/ab-marineservice.com\/de\/wp-json\/wp\/v2\/product\/405834","targetHints":{"allow":["GET"]}}],"collection":[{"href":"https:\/\/ab-marineservice.com\/de\/wp-json\/wp\/v2\/product"}],"about":[{"href":"https:\/\/ab-marineservice.com\/de\/wp-json\/wp\/v2\/types\/product"}],"replies":[{"embeddable":true,"href":"https:\/\/ab-marineservice.com\/de\/wp-json\/wp\/v2\/comments?post=405834"}],"wp:featuredmedia":[{"embeddable":true,"href":"https:\/\/ab-marineservice.com\/de\/wp-json\/wp\/v2\/media\/405838"}],"wp:attachment":[{"href":"https:\/\/ab-marineservice.com\/de\/wp-json\/wp\/v2\/media?parent=405834"}],"wp:term":[{"taxonomy":"location","embeddable":true,"href":"https:\/\/ab-marineservice.com\/de\/wp-json\/wp\/v2\/location?post=405834"},{"taxonomy":"product_brand","embeddable":true,"href":"https:\/\/ab-marineservice.com\/de\/wp-json\/wp\/v2\/product_brand?post=405834"},{"taxonomy":"product_cat","embeddable":true,"href":"https:\/\/ab-marineservice.com\/de\/wp-json\/wp\/v2\/product_cat?post=405834"},{"taxonomy":"product_tag","embeddable":true,"href":"https:\/\/ab-marineservice.com\/de\/wp-json\/wp\/v2\/product_tag?post=405834"}],"curies":[{"name":"wp","href":"https:\/\/api.w.org\/{rel}","templated":true}]}}