{"id":408400,"date":"2025-11-12T21:10:49","date_gmt":"2025-11-12T20:10:49","guid":{"rendered":"https:\/\/ab-marineservice.com\/product\/rheinstrom-obergehaeuse-fuer-m-pumpe\/"},"modified":"2025-12-05T13:39:56","modified_gmt":"2025-12-05T12:39:56","slug":"rheinstrom-gehauseoberteil-fur-m-pumpe","status":"publish","type":"product","link":"https:\/\/ab-marineservice.com\/de\/produkt\/rheinstrom-gehauseoberteil-fur-m-pumpe\/","title":{"rendered":"Rheinstrom Geh\u00e4useoberteil f\u00fcr M-Pumpe"},"content":{"rendered":"","protected":false},"excerpt":{"rendered":"<p data-start=\"1491\" data-end=\"1936\">Dieses Geh\u00e4useoberteil von Rheinstrom ist ein Original-Ersatzteil f\u00fcr die M-Pumpe, wie sie in <strong data-start=\"1630\" data-end=\"1682\">maritimen Anlagen an Bord von Booten und Yachten<\/strong> eingesetzt wird. Es dient zum Austausch eines besch\u00e4digten oder verschlissenen Oberteils, damit die Pumpe wieder zuverl\u00e4ssig arbeitet und die Lebensdauer des Systems verl\u00e4ngert wird. Ideal f\u00fcr \u00dcberholung oder Reparatur bestehender Pumpensysteme an Bord.<\/p>\n<p data-start=\"1938\" data-end=\"1958\"><strong data-start=\"1938\" data-end=\"1958\">Spezifikationen:<\/strong><\/p>\n<ul data-start=\"1960\" data-end=\"2115\">\n<li data-start=\"1960\" data-end=\"1984\">\n<p data-start=\"1962\" data-end=\"1984\">Produktcode: 0015005<\/p>\n<\/li>\n<li data-start=\"1985\" data-end=\"2013\">\n<p data-start=\"1987\" data-end=\"2013\">Verkaufseinheit: 1 St\u00fcck<\/p>\n<\/li>\n<li data-start=\"2014\" data-end=\"2039\">\n<p data-start=\"2016\" data-end=\"2039\">Typ: Pumpenersatzteil<\/p>\n<\/li>\n<li data-start=\"2040\" data-end=\"2115\">\n<p data-start=\"2042\" data-end=\"2115\">Anwendung: Geh\u00e4useoberteil f\u00fcr Rheinstrom M-Pumpe in maritimen Systemen<\/p>\n<\/li>\n<\/ul>\n","protected":false},"featured_media":0,"comment_status":"open","ping_status":"closed","template":"","meta":[],"location":[6695],"product_brand":[],"product_cat":[25017],"product_tag":[],"class_list":{"0":"post-408400","1":"product","2":"type-product","3":"status-publish","5":"location-exalto","6":"product_cat-exal","7":"product_shipping_class-paket-0-10-kg","9":"first","10":"instock","11":"sale","12":"taxable","13":"shipping-taxable","14":"purchasable","15":"product-type-simple"},"group_of_quantity":0,"min_quantity":0,"max_quantity":"","exclude_order_quantity_value_rules":"no","exclude_category_quantity_rules":"no","combine_variations":"no","locations":[{"id":6695,"name":"Exalto","slug":"exalto","quantity":""}],"_links":{"self":[{"href":"https:\/\/ab-marineservice.com\/de\/wp-json\/wp\/v2\/product\/408400","targetHints":{"allow":["GET"]}}],"collection":[{"href":"https:\/\/ab-marineservice.com\/de\/wp-json\/wp\/v2\/product"}],"about":[{"href":"https:\/\/ab-marineservice.com\/de\/wp-json\/wp\/v2\/types\/product"}],"replies":[{"embeddable":true,"href":"https:\/\/ab-marineservice.com\/de\/wp-json\/wp\/v2\/comments?post=408400"}],"wp:attachment":[{"href":"https:\/\/ab-marineservice.com\/de\/wp-json\/wp\/v2\/media?parent=408400"}],"wp:term":[{"taxonomy":"location","embeddable":true,"href":"https:\/\/ab-marineservice.com\/de\/wp-json\/wp\/v2\/location?post=408400"},{"taxonomy":"product_brand","embeddable":true,"href":"https:\/\/ab-marineservice.com\/de\/wp-json\/wp\/v2\/product_brand?post=408400"},{"taxonomy":"product_cat","embeddable":true,"href":"https:\/\/ab-marineservice.com\/de\/wp-json\/wp\/v2\/product_cat?post=408400"},{"taxonomy":"product_tag","embeddable":true,"href":"https:\/\/ab-marineservice.com\/de\/wp-json\/wp\/v2\/product_tag?post=408400"}],"curies":[{"name":"wp","href":"https:\/\/api.w.org\/{rel}","templated":true}]}}