{"id":408405,"date":"2025-11-12T21:10:49","date_gmt":"2025-11-12T20:10:49","guid":{"rendered":"https:\/\/ab-marineservice.com\/product\/rheinstrom-reparatursatz-master-y10s\/"},"modified":"2025-12-05T13:49:36","modified_gmt":"2025-12-05T12:49:36","slug":"rheinstrom-reparatursatz-master-y10s","status":"publish","type":"product","link":"https:\/\/ab-marineservice.com\/de\/produkt\/rheinstrom-reparatursatz-master-y10s\/","title":{"rendered":"Rheinstrom Reparatursatz Master Y10S"},"content":{"rendered":"","protected":false},"excerpt":{"rendered":"<p data-start=\"1453\" data-end=\"1931\">Dieser Rheinstrom Reparatursatz ist f\u00fcr die <strong data-start=\"1540\" data-end=\"1566\">Master-Ausf\u00fchrung Y10S<\/strong> vorgesehen und dient zur Wartung von Systemen in <strong data-start=\"1616\" data-end=\"1672\">maritimen Anwendungen an Bord von Booten und Yachten<\/strong>. Er erm\u00f6glicht den Austausch verschlissener Teile, sodass das Rheinstrom System wieder zuverl\u00e4ssig und effizient arbeitet, ohne dass sofort ein komplettes Neuteil erforderlich ist. Ideal f\u00fcr die regelm\u00e4\u00dfige Wartung von Pumpen- oder Toilettensystemen an Bord.<\/p>\n<p data-start=\"1933\" data-end=\"1953\"><strong data-start=\"1933\" data-end=\"1953\">Spezifikationen:<\/strong><\/p>\n<ul data-start=\"1955\" data-end=\"2009\">\n<li data-start=\"1955\" data-end=\"1980\">\n<p data-start=\"1957\" data-end=\"1980\">Produktcode: 0021096N<\/p>\n<\/li>\n<li data-start=\"1981\" data-end=\"2009\">\n<p data-start=\"1983\" data-end=\"2009\">Verkaufseinheit: 1 St\u00fcck<\/p>\n<\/li>\n<\/ul>\n","protected":false},"featured_media":415953,"comment_status":"open","ping_status":"closed","template":"","meta":[],"location":[6695],"product_brand":[],"product_cat":[25017],"product_tag":[],"class_list":{"0":"post-408405","1":"product","2":"type-product","3":"status-publish","4":"has-post-thumbnail","6":"location-exalto","7":"product_cat-exal","8":"product_shipping_class-paket-0-10-kg","10":"first","11":"instock","12":"sale","13":"taxable","14":"shipping-taxable","15":"purchasable","16":"product-type-simple"},"group_of_quantity":0,"min_quantity":0,"max_quantity":"","exclude_order_quantity_value_rules":"no","exclude_category_quantity_rules":"no","combine_variations":"no","locations":[{"id":6695,"name":"Exalto","slug":"exalto","quantity":""}],"_links":{"self":[{"href":"https:\/\/ab-marineservice.com\/de\/wp-json\/wp\/v2\/product\/408405","targetHints":{"allow":["GET"]}}],"collection":[{"href":"https:\/\/ab-marineservice.com\/de\/wp-json\/wp\/v2\/product"}],"about":[{"href":"https:\/\/ab-marineservice.com\/de\/wp-json\/wp\/v2\/types\/product"}],"replies":[{"embeddable":true,"href":"https:\/\/ab-marineservice.com\/de\/wp-json\/wp\/v2\/comments?post=408405"}],"wp:featuredmedia":[{"embeddable":true,"href":"https:\/\/ab-marineservice.com\/de\/wp-json\/wp\/v2\/media\/415953"}],"wp:attachment":[{"href":"https:\/\/ab-marineservice.com\/de\/wp-json\/wp\/v2\/media?parent=408405"}],"wp:term":[{"taxonomy":"location","embeddable":true,"href":"https:\/\/ab-marineservice.com\/de\/wp-json\/wp\/v2\/location?post=408405"},{"taxonomy":"product_brand","embeddable":true,"href":"https:\/\/ab-marineservice.com\/de\/wp-json\/wp\/v2\/product_brand?post=408405"},{"taxonomy":"product_cat","embeddable":true,"href":"https:\/\/ab-marineservice.com\/de\/wp-json\/wp\/v2\/product_cat?post=408405"},{"taxonomy":"product_tag","embeddable":true,"href":"https:\/\/ab-marineservice.com\/de\/wp-json\/wp\/v2\/product_tag?post=408405"}],"curies":[{"name":"wp","href":"https:\/\/api.w.org\/{rel}","templated":true}]}}