{"id":408406,"date":"2025-11-12T21:10:49","date_gmt":"2025-11-12T20:10:49","guid":{"rendered":"https:\/\/ab-marineservice.com\/product\/rheinstrom-toilettenschuessel-gross-weiss-rund\/"},"modified":"2025-12-05T14:04:34","modified_gmt":"2025-12-05T13:04:34","slug":"rheinstrom-wc-schussel-gros-rund-weis","status":"publish","type":"product","link":"https:\/\/ab-marineservice.com\/de\/produkt\/rheinstrom-wc-schussel-gros-rund-weis\/","title":{"rendered":"Rheinstrom WC-Sch\u00fcssel gro\u00df rund wei\u00df"},"content":{"rendered":"","protected":false},"excerpt":{"rendered":"<p data-start=\"1658\" data-end=\"2103\">Diese gro\u00dfe, runde WC-Sch\u00fcssel von Rheinstrom ist als Ersatzsch\u00fcssel f\u00fcr Marine-Toiletten an Bord von Booten und Yachten vorgesehen. Die wei\u00dfe Porzellansch\u00fcssel ist passend f\u00fcr die Rheinstrom-Modelle <strong data-start=\"1902\" data-end=\"1926\">Y2G, Y3G, Y4 und Y7G<\/strong> mit <strong data-start=\"1931\" data-end=\"1951\">rundem Anschluss<\/strong>. Ideal, wenn die vorhandene Sch\u00fcssel besch\u00e4digt, verf\u00e4rbt oder verschlissen ist und das Bord-WC wieder einen sauberen, gepflegten Eindruck machen soll.<\/p>\n<p data-start=\"2105\" data-end=\"2122\"><strong data-start=\"2105\" data-end=\"2122\">Geeignet f\u00fcr:<\/strong><\/p>\n<ul data-start=\"2124\" data-end=\"2221\">\n<li data-start=\"2124\" data-end=\"2142\">\n<p data-start=\"2126\" data-end=\"2142\">Rheinstrom Y2G<\/p>\n<\/li>\n<li data-start=\"2143\" data-end=\"2161\">\n<p data-start=\"2145\" data-end=\"2161\">Rheinstrom Y3G<\/p>\n<\/li>\n<li data-start=\"2162\" data-end=\"2179\">\n<p data-start=\"2164\" data-end=\"2179\">Rheinstrom Y4<\/p>\n<\/li>\n<li data-start=\"2180\" data-end=\"2221\">\n<p data-start=\"2182\" data-end=\"2221\">Rheinstrom Y7G<br data-start=\"2196\" data-end=\"2199\" \/><em data-start=\"2199\" data-end=\"2219\">(runder Anschluss)<\/em><\/p>\n<\/li>\n<\/ul>\n<p data-start=\"2223\" data-end=\"2243\"><strong data-start=\"2223\" data-end=\"2243\">Spezifikationen:<\/strong><\/p>\n<ul data-start=\"2245\" data-end=\"2338\">\n<li data-start=\"2245\" data-end=\"2269\">\n<p data-start=\"2247\" data-end=\"2269\">Produktcode: 0100001<\/p>\n<\/li>\n<li data-start=\"2270\" data-end=\"2298\">\n<p data-start=\"2272\" data-end=\"2298\">Verkaufseinheit: 1 St\u00fcck<\/p>\n<\/li>\n<li data-start=\"2299\" data-end=\"2314\">\n<p data-start=\"2301\" data-end=\"2314\">Farbe: Wei\u00df<\/p>\n<\/li>\n<li data-start=\"2315\" data-end=\"2338\">\n<p data-start=\"2317\" data-end=\"2338\">Material: Porzellan<\/p>\n<\/li>\n<\/ul>\n","protected":false},"featured_media":415958,"comment_status":"open","ping_status":"closed","template":"","meta":[],"location":[6695],"product_brand":[],"product_cat":[25017],"product_tag":[],"class_list":{"0":"post-408406","1":"product","2":"type-product","3":"status-publish","4":"has-post-thumbnail","6":"location-exalto","7":"product_cat-exal","8":"product_shipping_class-paket-0-10-kg","10":"first","11":"onbackorder","12":"sale","13":"taxable","14":"shipping-taxable","15":"purchasable","16":"product-type-simple"},"group_of_quantity":0,"min_quantity":0,"max_quantity":"","exclude_order_quantity_value_rules":"no","exclude_category_quantity_rules":"no","combine_variations":"no","locations":[{"id":6695,"name":"Exalto","slug":"exalto","quantity":""}],"_links":{"self":[{"href":"https:\/\/ab-marineservice.com\/de\/wp-json\/wp\/v2\/product\/408406","targetHints":{"allow":["GET"]}}],"collection":[{"href":"https:\/\/ab-marineservice.com\/de\/wp-json\/wp\/v2\/product"}],"about":[{"href":"https:\/\/ab-marineservice.com\/de\/wp-json\/wp\/v2\/types\/product"}],"replies":[{"embeddable":true,"href":"https:\/\/ab-marineservice.com\/de\/wp-json\/wp\/v2\/comments?post=408406"}],"wp:featuredmedia":[{"embeddable":true,"href":"https:\/\/ab-marineservice.com\/de\/wp-json\/wp\/v2\/media\/415958"}],"wp:attachment":[{"href":"https:\/\/ab-marineservice.com\/de\/wp-json\/wp\/v2\/media?parent=408406"}],"wp:term":[{"taxonomy":"location","embeddable":true,"href":"https:\/\/ab-marineservice.com\/de\/wp-json\/wp\/v2\/location?post=408406"},{"taxonomy":"product_brand","embeddable":true,"href":"https:\/\/ab-marineservice.com\/de\/wp-json\/wp\/v2\/product_brand?post=408406"},{"taxonomy":"product_cat","embeddable":true,"href":"https:\/\/ab-marineservice.com\/de\/wp-json\/wp\/v2\/product_cat?post=408406"},{"taxonomy":"product_tag","embeddable":true,"href":"https:\/\/ab-marineservice.com\/de\/wp-json\/wp\/v2\/product_tag?post=408406"}],"curies":[{"name":"wp","href":"https:\/\/api.w.org\/{rel}","templated":true}]}}