{"id":408407,"date":"2025-11-12T21:10:49","date_gmt":"2025-11-12T20:10:49","guid":{"rendered":"https:\/\/ab-marineservice.com\/product\/rheinstrom-toilettenschuessel-klein-weiss-rund\/"},"modified":"2025-12-05T14:10:21","modified_gmt":"2025-12-05T13:10:21","slug":"rheinstrom-wc-schussel-klein-rund-weis","status":"publish","type":"product","link":"https:\/\/ab-marineservice.com\/de\/produkt\/rheinstrom-wc-schussel-klein-rund-weis\/","title":{"rendered":"Rheinstrom WC-Sch\u00fcssel klein rund wei\u00df"},"content":{"rendered":"","protected":false},"excerpt":{"rendered":"<p data-start=\"1699\" data-end=\"2177\">Diese kleine, runde WC-Sch\u00fcssel von Rheinstrom ist als Ersatzsch\u00fcssel f\u00fcr Marine-Toiletten an Bord von Booten und Yachten vorgesehen. Die wei\u00dfe Porzellansch\u00fcssel ist passend f\u00fcr die Rheinstrom-Modelle <strong data-start=\"1945\" data-end=\"1962\">Y2, Y3 und Y7<\/strong> mit <strong data-start=\"1967\" data-end=\"1987\">rundem Anschluss<\/strong>. Ideal, wenn die vorhandene Sch\u00fcssel besch\u00e4digt, verf\u00e4rbt oder verschlissen ist und das Bord-WC \u2013 besonders in kleineren Nasszellen \u2013 wieder einen sauberen, gepflegten Eindruck machen soll.<\/p>\n<p data-start=\"2179\" data-end=\"2196\"><strong data-start=\"2179\" data-end=\"2196\">Geeignet f\u00fcr:<\/strong><\/p>\n<ul data-start=\"2198\" data-end=\"2274\">\n<li data-start=\"2198\" data-end=\"2215\">\n<p data-start=\"2200\" data-end=\"2215\">Rheinstrom Y2<\/p>\n<\/li>\n<li data-start=\"2216\" data-end=\"2233\">\n<p data-start=\"2218\" data-end=\"2233\">Rheinstrom Y3<\/p>\n<\/li>\n<li data-start=\"2234\" data-end=\"2274\">\n<p data-start=\"2236\" data-end=\"2274\">Rheinstrom Y7<br data-start=\"2249\" data-end=\"2252\" \/><em data-start=\"2252\" data-end=\"2272\">(runder Anschluss)<\/em><\/p>\n<\/li>\n<\/ul>\n<p data-start=\"2276\" data-end=\"2296\"><strong data-start=\"2276\" data-end=\"2296\">Spezifikationen:<\/strong><\/p>\n<ul data-start=\"2298\" data-end=\"2391\">\n<li data-start=\"2298\" data-end=\"2322\">\n<p data-start=\"2300\" data-end=\"2322\">Produktcode: 0100002<\/p>\n<\/li>\n<li data-start=\"2323\" data-end=\"2351\">\n<p data-start=\"2325\" data-end=\"2351\">Verkaufseinheit: 1 St\u00fcck<\/p>\n<\/li>\n<li data-start=\"2352\" data-end=\"2367\">\n<p data-start=\"2354\" data-end=\"2367\">Farbe: Wei\u00df<\/p>\n<\/li>\n<li data-start=\"2368\" data-end=\"2391\">\n<p data-start=\"2370\" data-end=\"2391\">Material: Porzellan<\/p>\n<\/li>\n<\/ul>\n<p data-start=\"2393\" data-end=\"2487\">\n","protected":false},"featured_media":415962,"comment_status":"open","ping_status":"closed","template":"","meta":[],"location":[6695],"product_brand":[],"product_cat":[25017],"product_tag":[],"class_list":{"0":"post-408407","1":"product","2":"type-product","3":"status-publish","4":"has-post-thumbnail","6":"location-exalto","7":"product_cat-exal","8":"product_shipping_class-paket-0-10-kg","10":"first","11":"instock","12":"sale","13":"taxable","14":"shipping-taxable","15":"purchasable","16":"product-type-simple"},"group_of_quantity":0,"min_quantity":0,"max_quantity":"","exclude_order_quantity_value_rules":"no","exclude_category_quantity_rules":"no","combine_variations":"no","locations":[{"id":6695,"name":"Exalto","slug":"exalto","quantity":""}],"_links":{"self":[{"href":"https:\/\/ab-marineservice.com\/de\/wp-json\/wp\/v2\/product\/408407","targetHints":{"allow":["GET"]}}],"collection":[{"href":"https:\/\/ab-marineservice.com\/de\/wp-json\/wp\/v2\/product"}],"about":[{"href":"https:\/\/ab-marineservice.com\/de\/wp-json\/wp\/v2\/types\/product"}],"replies":[{"embeddable":true,"href":"https:\/\/ab-marineservice.com\/de\/wp-json\/wp\/v2\/comments?post=408407"}],"wp:featuredmedia":[{"embeddable":true,"href":"https:\/\/ab-marineservice.com\/de\/wp-json\/wp\/v2\/media\/415962"}],"wp:attachment":[{"href":"https:\/\/ab-marineservice.com\/de\/wp-json\/wp\/v2\/media?parent=408407"}],"wp:term":[{"taxonomy":"location","embeddable":true,"href":"https:\/\/ab-marineservice.com\/de\/wp-json\/wp\/v2\/location?post=408407"},{"taxonomy":"product_brand","embeddable":true,"href":"https:\/\/ab-marineservice.com\/de\/wp-json\/wp\/v2\/product_brand?post=408407"},{"taxonomy":"product_cat","embeddable":true,"href":"https:\/\/ab-marineservice.com\/de\/wp-json\/wp\/v2\/product_cat?post=408407"},{"taxonomy":"product_tag","embeddable":true,"href":"https:\/\/ab-marineservice.com\/de\/wp-json\/wp\/v2\/product_tag?post=408407"}],"curies":[{"name":"wp","href":"https:\/\/api.w.org\/{rel}","templated":true}]}}