{"id":408415,"date":"2025-11-12T21:10:49","date_gmt":"2025-11-12T20:10:49","guid":{"rendered":"https:\/\/ab-marineservice.com\/product\/rheinstrom-messingbruecke-fuer-y1-y1v-y2\/"},"modified":"2025-12-08T14:39:55","modified_gmt":"2025-12-08T13:39:55","slug":"rheinstrom-messing-brucke-fur-y1-y1v-y2","status":"publish","type":"product","link":"https:\/\/ab-marineservice.com\/de\/produkt\/rheinstrom-messing-brucke-fur-y1-y1v-y2\/","title":{"rendered":"Rheinstrom Messing-Br\u00fccke f\u00fcr Y1 \/ Y1V \/ Y2"},"content":{"rendered":"","protected":false},"excerpt":{"rendered":"<p data-start=\"1444\" data-end=\"1914\"><strong data-start=\"1444\" data-end=\"1491\">Rheinstrom Messing-Br\u00fccke f\u00fcr Y1 \/ Y1V \/ Y2<\/strong><br data-start=\"1491\" data-end=\"1494\" \/>Diese Messing-Br\u00fccke von Rheinstrom ist ein Original-Ersatzteil f\u00fcr <strong data-start=\"1562\" data-end=\"1620\">Rheinstrom Marine-Toiletten der Modelle Y1, Y1V und Y2<\/strong>. Sie geh\u00f6rt zum inneren Mechanismus des Toilettensystems und sorgt f\u00fcr eine korrekte F\u00fchrung bzw. Verbindung von Bauteilen. Ideal zum Austausch eines verschlissenen, verbogenen oder besch\u00e4digten Originalteils, damit die Rheinstrom Toilette an Bord wieder zuverl\u00e4ssig und leichtg\u00e4ngig arbeitet.<\/p>\n<p data-start=\"1916\" data-end=\"1936\"><strong data-start=\"1916\" data-end=\"1936\">Spezifikationen:<\/strong><\/p>\n<ul data-start=\"1938\" data-end=\"1991\">\n<li data-start=\"1938\" data-end=\"1962\">\n<p data-start=\"1940\" data-end=\"1962\">Produktcode: 0101033<\/p>\n<\/li>\n<li data-start=\"1963\" data-end=\"1991\">\n<p data-start=\"1965\" data-end=\"1991\">Verkaufseinheit: 1 St\u00fcck<\/p>\n<\/li>\n<\/ul>\n","protected":false},"featured_media":416185,"comment_status":"open","ping_status":"closed","template":"","meta":[],"location":[6695],"product_brand":[],"product_cat":[25017],"product_tag":[],"class_list":{"0":"post-408415","1":"product","2":"type-product","3":"status-publish","4":"has-post-thumbnail","6":"location-exalto","7":"product_cat-exal","8":"product_shipping_class-paket-0-10-kg","10":"first","11":"instock","12":"sale","13":"taxable","14":"shipping-taxable","15":"purchasable","16":"product-type-simple"},"group_of_quantity":0,"min_quantity":0,"max_quantity":"","exclude_order_quantity_value_rules":"no","exclude_category_quantity_rules":"no","combine_variations":"no","locations":[{"id":6695,"name":"Exalto","slug":"exalto","quantity":""}],"_links":{"self":[{"href":"https:\/\/ab-marineservice.com\/de\/wp-json\/wp\/v2\/product\/408415","targetHints":{"allow":["GET"]}}],"collection":[{"href":"https:\/\/ab-marineservice.com\/de\/wp-json\/wp\/v2\/product"}],"about":[{"href":"https:\/\/ab-marineservice.com\/de\/wp-json\/wp\/v2\/types\/product"}],"replies":[{"embeddable":true,"href":"https:\/\/ab-marineservice.com\/de\/wp-json\/wp\/v2\/comments?post=408415"}],"wp:featuredmedia":[{"embeddable":true,"href":"https:\/\/ab-marineservice.com\/de\/wp-json\/wp\/v2\/media\/416185"}],"wp:attachment":[{"href":"https:\/\/ab-marineservice.com\/de\/wp-json\/wp\/v2\/media?parent=408415"}],"wp:term":[{"taxonomy":"location","embeddable":true,"href":"https:\/\/ab-marineservice.com\/de\/wp-json\/wp\/v2\/location?post=408415"},{"taxonomy":"product_brand","embeddable":true,"href":"https:\/\/ab-marineservice.com\/de\/wp-json\/wp\/v2\/product_brand?post=408415"},{"taxonomy":"product_cat","embeddable":true,"href":"https:\/\/ab-marineservice.com\/de\/wp-json\/wp\/v2\/product_cat?post=408415"},{"taxonomy":"product_tag","embeddable":true,"href":"https:\/\/ab-marineservice.com\/de\/wp-json\/wp\/v2\/product_tag?post=408415"}],"curies":[{"name":"wp","href":"https:\/\/api.w.org\/{rel}","templated":true}]}}