{"id":408416,"date":"2025-11-12T21:10:49","date_gmt":"2025-11-12T20:10:49","guid":{"rendered":"https:\/\/ab-marineservice.com\/product\/rheinstrom-ventilplatte-fuer-y1-y1v-y2\/"},"modified":"2025-12-08T14:48:07","modified_gmt":"2025-12-08T13:48:07","slug":"rheinstrom-ventilplatte-fur-y1-y1v-y2","status":"publish","type":"product","link":"https:\/\/ab-marineservice.com\/de\/produkt\/rheinstrom-ventilplatte-fur-y1-y1v-y2\/","title":{"rendered":"Rheinstrom Ventilplatte f\u00fcr Y1 \/ Y1V \/ Y2"},"content":{"rendered":"","protected":false},"excerpt":{"rendered":"<p data-start=\"1405\" data-end=\"1928\"><strong data-start=\"1405\" data-end=\"1450\">Rheinstrom Ventilplatte f\u00fcr Y1 \/ Y1V \/ Y2<\/strong><br data-start=\"1450\" data-end=\"1453\" \/>Diese Ventilplatte von Rheinstrom ist ein Original-Ersatzteil f\u00fcr <strong data-start=\"1519\" data-end=\"1577\">Rheinstrom Marine-Toiletten der Modelle Y1, Y1V und Y2<\/strong>. Sie geh\u00f6rt zum Pumpen- und Ventilsystem und sorgt f\u00fcr eine korrekte Steuerung des Durchflusses sowie f\u00fcr die zuverl\u00e4ssige Abdichtung von Wasser und Abwasser im Toilettensystem. Ideal zum Austausch einer verschlissenen, besch\u00e4digten oder verzogenen Ventilplatte, damit das Rheinstrom Toilettensystem an Bord wieder effizient und zuverl\u00e4ssig arbeitet.<\/p>\n<p data-start=\"1930\" data-end=\"1950\"><strong data-start=\"1930\" data-end=\"1950\">Spezifikationen:<\/strong><\/p>\n<ul data-start=\"1952\" data-end=\"2005\">\n<li data-start=\"1952\" data-end=\"1976\">\n<p data-start=\"1954\" data-end=\"1976\">Produktcode: 0101034<\/p>\n<\/li>\n<li data-start=\"1977\" data-end=\"2005\">\n<p data-start=\"1979\" data-end=\"2005\">Verkaufseinheit: 1 St\u00fcck<\/p>\n<\/li>\n<\/ul>\n","protected":false},"featured_media":416189,"comment_status":"open","ping_status":"closed","template":"","meta":[],"location":[6695],"product_brand":[],"product_cat":[25017],"product_tag":[],"class_list":{"0":"post-408416","1":"product","2":"type-product","3":"status-publish","4":"has-post-thumbnail","6":"location-exalto","7":"product_cat-exal","8":"product_shipping_class-paket-0-10-kg","10":"first","11":"onbackorder","12":"sale","13":"taxable","14":"shipping-taxable","15":"purchasable","16":"product-type-simple"},"group_of_quantity":0,"min_quantity":0,"max_quantity":"","exclude_order_quantity_value_rules":"no","exclude_category_quantity_rules":"no","combine_variations":"no","locations":[{"id":6695,"name":"Exalto","slug":"exalto","quantity":""}],"_links":{"self":[{"href":"https:\/\/ab-marineservice.com\/de\/wp-json\/wp\/v2\/product\/408416","targetHints":{"allow":["GET"]}}],"collection":[{"href":"https:\/\/ab-marineservice.com\/de\/wp-json\/wp\/v2\/product"}],"about":[{"href":"https:\/\/ab-marineservice.com\/de\/wp-json\/wp\/v2\/types\/product"}],"replies":[{"embeddable":true,"href":"https:\/\/ab-marineservice.com\/de\/wp-json\/wp\/v2\/comments?post=408416"}],"wp:featuredmedia":[{"embeddable":true,"href":"https:\/\/ab-marineservice.com\/de\/wp-json\/wp\/v2\/media\/416189"}],"wp:attachment":[{"href":"https:\/\/ab-marineservice.com\/de\/wp-json\/wp\/v2\/media?parent=408416"}],"wp:term":[{"taxonomy":"location","embeddable":true,"href":"https:\/\/ab-marineservice.com\/de\/wp-json\/wp\/v2\/location?post=408416"},{"taxonomy":"product_brand","embeddable":true,"href":"https:\/\/ab-marineservice.com\/de\/wp-json\/wp\/v2\/product_brand?post=408416"},{"taxonomy":"product_cat","embeddable":true,"href":"https:\/\/ab-marineservice.com\/de\/wp-json\/wp\/v2\/product_cat?post=408416"},{"taxonomy":"product_tag","embeddable":true,"href":"https:\/\/ab-marineservice.com\/de\/wp-json\/wp\/v2\/product_tag?post=408416"}],"curies":[{"name":"wp","href":"https:\/\/api.w.org\/{rel}","templated":true}]}}