{"id":408429,"date":"2025-11-12T21:12:12","date_gmt":"2025-11-12T20:12:12","guid":{"rendered":"https:\/\/ab-marineservice.com\/product\/rheinstrom-kolbenplatte-obere-bedienung-y2\/"},"modified":"2025-12-09T14:08:54","modified_gmt":"2025-12-09T13:08:54","slug":"rheinstrom-kolbenplatte-obere-bedienung-y2","status":"publish","type":"product","link":"https:\/\/ab-marineservice.com\/de\/produkt\/rheinstrom-kolbenplatte-obere-bedienung-y2\/","title":{"rendered":"Rheinstrom Kolbenplatte oben f\u00fcr Y2"},"content":{"rendered":"","protected":false},"excerpt":{"rendered":"<p data-start=\"1419\" data-end=\"1901\"><strong data-start=\"1419\" data-end=\"1458\">Rheinstrom Kolbenplatte oben f\u00fcr Y2<\/strong><br data-start=\"1458\" data-end=\"1461\" \/>Diese obere Kolbenplatte von Rheinstrom ist ein Original-Ersatzteil f\u00fcr <strong data-start=\"1533\" data-end=\"1579\">Rheinstrom Marine-Toiletten des Modells Y2<\/strong>. Sie geh\u00f6rt zum Pumpenmechanismus und sorgt zusammen mit den Dichtungen f\u00fcr eine effiziente F\u00f6rderung von Wasser und Abwasser w\u00e4hrend des Pumpvorgangs. Ideal zum Austausch einer verschlissenen, besch\u00e4digten oder korrodierten Kolbenplatte, damit das Rheinstrom Toilettensystem an Bord wieder kr\u00e4ftig und zuverl\u00e4ssig pumpt.<\/p>\n<p data-start=\"1903\" data-end=\"1923\"><strong data-start=\"1903\" data-end=\"1923\">Spezifikationen:<\/strong><\/p>\n<ul data-start=\"1925\" data-end=\"1978\">\n<li data-start=\"1925\" data-end=\"1949\">\n<p data-start=\"1927\" data-end=\"1949\">Produktcode: 0102048<\/p>\n<\/li>\n<li data-start=\"1950\" data-end=\"1978\">\n<p data-start=\"1952\" data-end=\"1978\">Verkaufseinheit: 1 St\u00fcck<\/p>\n<\/li>\n<\/ul>\n","protected":false},"featured_media":416631,"comment_status":"open","ping_status":"closed","template":"","meta":[],"location":[6695],"product_brand":[],"product_cat":[25017],"product_tag":[],"class_list":{"0":"post-408429","1":"product","2":"type-product","3":"status-publish","4":"has-post-thumbnail","6":"location-exalto","7":"product_cat-exal","8":"product_shipping_class-paket-0-10-kg","10":"first","11":"onbackorder","12":"sale","13":"taxable","14":"shipping-taxable","15":"purchasable","16":"product-type-simple"},"group_of_quantity":0,"min_quantity":0,"max_quantity":"","exclude_order_quantity_value_rules":"no","exclude_category_quantity_rules":"no","combine_variations":"no","locations":[{"id":6695,"name":"Exalto","slug":"exalto","quantity":""}],"_links":{"self":[{"href":"https:\/\/ab-marineservice.com\/de\/wp-json\/wp\/v2\/product\/408429","targetHints":{"allow":["GET"]}}],"collection":[{"href":"https:\/\/ab-marineservice.com\/de\/wp-json\/wp\/v2\/product"}],"about":[{"href":"https:\/\/ab-marineservice.com\/de\/wp-json\/wp\/v2\/types\/product"}],"replies":[{"embeddable":true,"href":"https:\/\/ab-marineservice.com\/de\/wp-json\/wp\/v2\/comments?post=408429"}],"wp:featuredmedia":[{"embeddable":true,"href":"https:\/\/ab-marineservice.com\/de\/wp-json\/wp\/v2\/media\/416631"}],"wp:attachment":[{"href":"https:\/\/ab-marineservice.com\/de\/wp-json\/wp\/v2\/media?parent=408429"}],"wp:term":[{"taxonomy":"location","embeddable":true,"href":"https:\/\/ab-marineservice.com\/de\/wp-json\/wp\/v2\/location?post=408429"},{"taxonomy":"product_brand","embeddable":true,"href":"https:\/\/ab-marineservice.com\/de\/wp-json\/wp\/v2\/product_brand?post=408429"},{"taxonomy":"product_cat","embeddable":true,"href":"https:\/\/ab-marineservice.com\/de\/wp-json\/wp\/v2\/product_cat?post=408429"},{"taxonomy":"product_tag","embeddable":true,"href":"https:\/\/ab-marineservice.com\/de\/wp-json\/wp\/v2\/product_tag?post=408429"}],"curies":[{"name":"wp","href":"https:\/\/api.w.org\/{rel}","templated":true}]}}