{"id":408432,"date":"2025-11-12T21:12:12","date_gmt":"2025-11-12T20:12:12","guid":{"rendered":"https:\/\/ab-marineservice.com\/product\/rheinstrom-fahrgestell-bronze-fuer-y2\/"},"modified":"2025-12-09T14:32:23","modified_gmt":"2025-12-09T13:32:23","slug":"rheinstrom-bronze-untergestell-fur-y2","status":"publish","type":"product","link":"https:\/\/ab-marineservice.com\/de\/produkt\/rheinstrom-bronze-untergestell-fur-y2\/","title":{"rendered":"Rheinstrom Bronze-Untergestell f\u00fcr Y2"},"content":{"rendered":"","protected":false},"excerpt":{"rendered":"<p data-start=\"1383\" data-end=\"1891\"><strong data-start=\"1383\" data-end=\"1424\">Rheinstrom Bronze-Untergestell f\u00fcr Y2<\/strong><br data-start=\"1424\" data-end=\"1427\" \/>Dieses Untergestell aus Bronze von Rheinstrom ist ein Original-Ersatzteil f\u00fcr <strong data-start=\"1505\" data-end=\"1551\">Rheinstrom Marine-Toiletten des Modells Y2<\/strong>. Es bildet die stabile Basis der Toilette und tr\u00e4gt die Pumpen- und Sch\u00fcsselkonstruktion, sodass die Einheit sicher auf Deck oder Boden montiert werden kann. Ideal zum Austausch eines besch\u00e4digten, korrodierten oder verzogenen Untergestells, damit die konstruktive Stabilit\u00e4t des Rheinstrom Toilettensystems an Bord wiederhergestellt wird.<\/p>\n<p data-start=\"1893\" data-end=\"1913\"><strong data-start=\"1893\" data-end=\"1913\">Spezifikationen:<\/strong><\/p>\n<ul data-start=\"1915\" data-end=\"1968\">\n<li data-start=\"1915\" data-end=\"1939\">\n<p data-start=\"1917\" data-end=\"1939\">Produktcode: 0102070<\/p>\n<\/li>\n<li data-start=\"1940\" data-end=\"1968\">\n<p data-start=\"1942\" data-end=\"1968\">Verkaufseinheit: 1 St\u00fcck<\/p>\n<\/li>\n<\/ul>\n","protected":false},"featured_media":416666,"comment_status":"open","ping_status":"closed","template":"","meta":[],"location":[6695],"product_brand":[],"product_cat":[25017],"product_tag":[],"class_list":{"0":"post-408432","1":"product","2":"type-product","3":"status-publish","4":"has-post-thumbnail","6":"location-exalto","7":"product_cat-exal","8":"product_shipping_class-paket-0-10-kg","10":"first","11":"onbackorder","12":"sale","13":"taxable","14":"shipping-taxable","15":"purchasable","16":"product-type-simple"},"group_of_quantity":0,"min_quantity":0,"max_quantity":"","exclude_order_quantity_value_rules":"no","exclude_category_quantity_rules":"no","combine_variations":"no","locations":[{"id":6695,"name":"Exalto","slug":"exalto","quantity":""}],"_links":{"self":[{"href":"https:\/\/ab-marineservice.com\/de\/wp-json\/wp\/v2\/product\/408432","targetHints":{"allow":["GET"]}}],"collection":[{"href":"https:\/\/ab-marineservice.com\/de\/wp-json\/wp\/v2\/product"}],"about":[{"href":"https:\/\/ab-marineservice.com\/de\/wp-json\/wp\/v2\/types\/product"}],"replies":[{"embeddable":true,"href":"https:\/\/ab-marineservice.com\/de\/wp-json\/wp\/v2\/comments?post=408432"}],"wp:featuredmedia":[{"embeddable":true,"href":"https:\/\/ab-marineservice.com\/de\/wp-json\/wp\/v2\/media\/416666"}],"wp:attachment":[{"href":"https:\/\/ab-marineservice.com\/de\/wp-json\/wp\/v2\/media?parent=408432"}],"wp:term":[{"taxonomy":"location","embeddable":true,"href":"https:\/\/ab-marineservice.com\/de\/wp-json\/wp\/v2\/location?post=408432"},{"taxonomy":"product_brand","embeddable":true,"href":"https:\/\/ab-marineservice.com\/de\/wp-json\/wp\/v2\/product_brand?post=408432"},{"taxonomy":"product_cat","embeddable":true,"href":"https:\/\/ab-marineservice.com\/de\/wp-json\/wp\/v2\/product_cat?post=408432"},{"taxonomy":"product_tag","embeddable":true,"href":"https:\/\/ab-marineservice.com\/de\/wp-json\/wp\/v2\/product_tag?post=408432"}],"curies":[{"name":"wp","href":"https:\/\/api.w.org\/{rel}","templated":true}]}}