{"id":410035,"date":"2025-11-12T23:03:44","date_gmt":"2025-11-12T22:03:44","guid":{"rendered":"https:\/\/ab-marineservice.com\/product\/hollex-deckkappe-messing-wasser-38mm-winde\/"},"modified":"2025-11-14T15:06:48","modified_gmt":"2025-11-14T14:06:48","slug":"messing-deckkappe-wasser-winde-38mm","status":"publish","type":"product","link":"https:\/\/ab-marineservice.com\/de\/produkt\/messing-deckkappe-wasser-winde-38mm\/","title":{"rendered":"Messing Deckkappe Wasser Winde 38mm"},"content":{"rendered":"","protected":false},"excerpt":{"rendered":"<p>Messing Deckkappe Wasser Winde 38mm<\/p>\n<p>Die Deckkappe Chrom\/Messing ist eine hochwertige und stilvolle Erg\u00e4nzung f\u00fcr Ihr Boot. Mit seinem ausgekl\u00fcgelten Design und den langlebigen Materialien bietet diese Deckskappe sowohl Funktionalit\u00e4t als auch \u00c4sthetik f\u00fcr Ihr Bootserlebnis. Erh\u00e4ltlich in zwei Gr\u00f6\u00dfen, 38mm und 50mm, und mit verschiedenen Designs, um Ihren Bed\u00fcrfnissen gerecht zu werden.<\/p>\n<p>Merkmale:<\/p>\n<p>Erh\u00e4ltlich in den Gr\u00f6\u00dfen 38mm und 50mm<br \/>\nMerkmale:<br \/>\nStandard<br \/>\nFuel: Inklusive Schl\u00fcsselschloss f\u00fcr zus\u00e4tzliche Sicherheit<br \/>\nWinch f\u00fcr Segelboot inklusive Windenschl\u00fcssel<br \/>\nDiese Deckkappe wird mit viel Liebe zum Detail und handwerklichem Geschick hergestellt, sodass sie den Herausforderungen der maritimen Umgebung standh\u00e4lt. Entscheiden Sie sich f\u00fcr die Deckkappe Chrom\/Messing und verbessern Sie sowohl die Funktionalit\u00e4t als auch das Aussehen Ihres Bootes<\/p>\n","protected":false},"featured_media":412332,"comment_status":"open","ping_status":"closed","template":"","meta":[],"location":[6695],"product_brand":[],"product_cat":[1608],"product_tag":[],"class_list":{"0":"post-410035","1":"product","2":"type-product","3":"status-publish","4":"has-post-thumbnail","6":"location-exalto","7":"product_cat-uncategorized","8":"product_shipping_class-paket-0-10-kg","10":"first","11":"instock","12":"sale","13":"taxable","14":"shipping-taxable","15":"purchasable","16":"product-type-simple"},"group_of_quantity":0,"min_quantity":0,"max_quantity":"","exclude_order_quantity_value_rules":"no","exclude_category_quantity_rules":"no","combine_variations":"no","locations":[{"id":6695,"name":"Exalto","slug":"exalto","quantity":""}],"_links":{"self":[{"href":"https:\/\/ab-marineservice.com\/de\/wp-json\/wp\/v2\/product\/410035","targetHints":{"allow":["GET"]}}],"collection":[{"href":"https:\/\/ab-marineservice.com\/de\/wp-json\/wp\/v2\/product"}],"about":[{"href":"https:\/\/ab-marineservice.com\/de\/wp-json\/wp\/v2\/types\/product"}],"replies":[{"embeddable":true,"href":"https:\/\/ab-marineservice.com\/de\/wp-json\/wp\/v2\/comments?post=410035"}],"wp:featuredmedia":[{"embeddable":true,"href":"https:\/\/ab-marineservice.com\/de\/wp-json\/wp\/v2\/media\/412332"}],"wp:attachment":[{"href":"https:\/\/ab-marineservice.com\/de\/wp-json\/wp\/v2\/media?parent=410035"}],"wp:term":[{"taxonomy":"location","embeddable":true,"href":"https:\/\/ab-marineservice.com\/de\/wp-json\/wp\/v2\/location?post=410035"},{"taxonomy":"product_brand","embeddable":true,"href":"https:\/\/ab-marineservice.com\/de\/wp-json\/wp\/v2\/product_brand?post=410035"},{"taxonomy":"product_cat","embeddable":true,"href":"https:\/\/ab-marineservice.com\/de\/wp-json\/wp\/v2\/product_cat?post=410035"},{"taxonomy":"product_tag","embeddable":true,"href":"https:\/\/ab-marineservice.com\/de\/wp-json\/wp\/v2\/product_tag?post=410035"}],"curies":[{"name":"wp","href":"https:\/\/api.w.org\/{rel}","templated":true}]}}