{"id":41165,"date":"2020-12-15T12:46:47","date_gmt":"2020-12-15T11:46:50","guid":{"rendered":"https:\/\/ab-marineservice.com\/?post_type=product&#038;p=41165"},"modified":"2025-05-23T16:21:58","modified_gmt":"2025-05-23T14:21:58","slug":"mastervolt-bosch-adapter-fur-alpha-pro-ii-iii","status":"publish","type":"product","link":"https:\/\/ab-marineservice.com\/de\/produkt\/mastervolt-bosch-adapter-fur-alpha-pro-ii-iii\/","title":{"rendered":"Mastervolt Bosch Adapter f\u00fcr ALPHA PRO II \/ III"},"content":{"rendered":"","protected":false},"excerpt":{"rendered":"<p>Beschreibung   Mastervolt Bosch Adapter F\u00fcr Alpha Pro II \/ III<br \/>\nEinheit: ST<br \/>\nGeeignet f\u00fcr: 45512000<br \/>\nMarke: Mastervolt<br \/>\nModel \/ Typ: Adapterkabel Alpha Pro II \/ III<\/p>\n<p>Der Alpha Pro Laderegler maximiert die Ausgangsleistung der Mastervolt Alpha Lichtmaschinen oder jeder anderen Lichtmaschine, indem die Lichtmaschine so reguliert wird, dass die Batterien die optimale Ladung erhalten. Die bew\u00e4hrte 3-Stufige Lademethode, die f\u00fcr s\u00e4mtliche Batterieladeger\u00e4te von Mastervolt verwendet wird, garantiert ein schnelles und sicheres Laden Ihrer Batterien. Der Laderegler ist geeignet sowohl f\u00fcr 12 V- als auch f\u00fcr 24 V-Anwendungen; mit einem einfachen W\u00e4hlschalter kann die richtige Spannung eingestellt werden. Der Ladereg\u00adler kann auch f\u00fcr jede andere Lichtmaschinen-Marke mit Standard-Boschanschluss verwendet werden, bei Verwendung eines Bosch-Adapterkabel (optional). Einfach zu bedienende LEDs auf dem Geh\u00e4use des Reglers zeigen die Lade-phase an. Der Alpha Pro ist MasterBus kompatibel, so dass einfache \u00dcberwachung \u00fcber einen MasterView-Touchscreen m\u00f6glich ist.  In einem MasterBus-System wird der Spannungsabfall \u00fcber das Batteriekabel und die Batterie\u00adtemperatur automatisch ausgeglichen. Der Alpha Pro tr\u00e4gt zu einer Reduzierung der Emssionen bei, denn er ben\u00f6tigt weniger Laufzeit, da er den Strom jeder Lichtmaschine maximiert. Eine Batterie kann auch bei sehr niedrigen Umdrehungen\/Minute schnell aufgeladen werden, vor allem, wenn sie an eine Lichtmaschine der Alpha-Serie angeschlossen ist. Durch den Anschluss der Alpha Lichtmaschine an einen Battery Mate oder einen Batterie-Trennschalter k\u00f6nnen verschiedene Batterieb\u00e4nke gleichzeitig geladen werden. \u2022 Geeignet f\u00fcr 12 und 24 V \u2022 Mit Plug-&#038;-Play-Anschlusskabel, ein Adapterkabel f\u00fcr Bosch Lichtmaschinen ist optional \u2022 Automatischer Spannungs- und Temperaturausgleich \u2022 MasterBus-kompatibel.<\/p>\n","protected":false},"featured_media":41169,"comment_status":"open","ping_status":"closed","template":"","meta":[],"location":[6695],"product_brand":[26253],"product_cat":[1229],"product_tag":[],"class_list":{"0":"post-41165","1":"product","2":"type-product","3":"status-publish","4":"has-post-thumbnail","6":"location-exalto","7":"product_brand-mastervolt","8":"product_cat-lichtmaschinen","9":"product_shipping_class-paket-0-10-kg","11":"first","12":"instock","13":"sale","14":"taxable","15":"shipping-taxable","16":"purchasable","17":"product-type-simple"},"group_of_quantity":0,"min_quantity":0,"max_quantity":"","exclude_order_quantity_value_rules":"no","exclude_category_quantity_rules":"no","combine_variations":"no","locations":[{"id":6695,"name":"Exalto","slug":"exalto","quantity":""}],"_links":{"self":[{"href":"https:\/\/ab-marineservice.com\/de\/wp-json\/wp\/v2\/product\/41165","targetHints":{"allow":["GET"]}}],"collection":[{"href":"https:\/\/ab-marineservice.com\/de\/wp-json\/wp\/v2\/product"}],"about":[{"href":"https:\/\/ab-marineservice.com\/de\/wp-json\/wp\/v2\/types\/product"}],"replies":[{"embeddable":true,"href":"https:\/\/ab-marineservice.com\/de\/wp-json\/wp\/v2\/comments?post=41165"}],"wp:featuredmedia":[{"embeddable":true,"href":"https:\/\/ab-marineservice.com\/de\/wp-json\/wp\/v2\/media\/41169"}],"wp:attachment":[{"href":"https:\/\/ab-marineservice.com\/de\/wp-json\/wp\/v2\/media?parent=41165"}],"wp:term":[{"taxonomy":"location","embeddable":true,"href":"https:\/\/ab-marineservice.com\/de\/wp-json\/wp\/v2\/location?post=41165"},{"taxonomy":"product_brand","embeddable":true,"href":"https:\/\/ab-marineservice.com\/de\/wp-json\/wp\/v2\/product_brand?post=41165"},{"taxonomy":"product_cat","embeddable":true,"href":"https:\/\/ab-marineservice.com\/de\/wp-json\/wp\/v2\/product_cat?post=41165"},{"taxonomy":"product_tag","embeddable":true,"href":"https:\/\/ab-marineservice.com\/de\/wp-json\/wp\/v2\/product_tag?post=41165"}],"curies":[{"name":"wp","href":"https:\/\/api.w.org\/{rel}","templated":true}]}}