{"id":413070,"date":"2025-11-19T14:28:20","date_gmt":"2025-11-19T13:28:20","guid":{"rendered":"https:\/\/ab-marineservice.com\/?post_type=product&#038;p=413070"},"modified":"2025-11-20T15:26:12","modified_gmt":"2025-11-20T14:26:12","slug":"batteriebetriebene-kraftstoffpumpe","status":"publish","type":"product","link":"https:\/\/ab-marineservice.com\/de\/produkt\/batteriebetriebene-kraftstoffpumpe\/","title":{"rendered":"Batteriebetriebene Kraftstoffpumpe"},"content":{"rendered":"","protected":false},"excerpt":{"rendered":"<p><strong>Anwendungsbereich:<\/strong><br \/>\nDie Pumpe kann \u00fcberall montiert werden; an einer Wand, auf einem Holzsockel, auf dem Dach usw.<br \/>\nGeeignet f\u00fcr Lebensmittel und Fl\u00fcssigkeiten in der Konservierung, \u00d6lproduktion usw.<br \/>\nEmpfohlene Verwendung: w\u00e4ssrige Lebensmittel, saure Lebensmittel mit pH &lt; 5, wie Wasser, Cidre, Obst- oder Gem\u00fcses\u00e4fte, Limonade, Sprudelwasser, Kaffee, Tee, fl\u00fcssige Schokolade, Bier, Wein, Brandy, Lik\u00f6re, Pflanzen\u00f6le, Milch, Essig usw.<\/p>\n<p><strong>Technische Informationen:<\/strong><br \/>\nBatteriebetriebene Pumpe f\u00fcr das schnelle und einfache Umf\u00fcllen von Diesel, Kerosin, leichten \u00d6len und wasserbasierten Fl\u00fcssigkeiten.<br \/>\nIdeal zum F\u00f6rdern kleiner Fl\u00fcssigkeitsmengen in Booten, Garagen und kleinen Werkst\u00e4tten.<br \/>\nSelbstansaugende Pumpe, betrieben mit einem batteriebetriebenen 3V-DC-Motor.<br \/>\nDie Pumpe wird durch Dr\u00fccken der Steuertaste oben bedient.<br \/>\nGeeignet f\u00fcr die Verwendung auf 20-Liter- \/ 5-Gallonen-F\u00e4ssern.<br \/>\nFunktioniert mit 2 Alkaline-Batterien der Gr\u00f6\u00dfe \u201cD\u201d (LR20) (nicht enthalten).<br \/>\nDurchschnittliche Laufzeit pro Batteriesatz: 396 Gallonen (1500 Liter).<br \/>\nWird geliefert mit einem 600 mm (23,5\u201d) langen, flexiblen, gerillten Abflussschlauch.<br \/>\nAufh\u00e4nge\u00f6se an der Oberseite f\u00fcr einfache Lagerung, wenn die Pumpe nicht verwendet wird.<\/p>\n<p>Benetzte Komponenten<br \/>\nPolypropylen, Polyethylen, NBR, Edelstahl, PVC und Acetal.<\/p>\n<p>Empfohlene Verwendung<br \/>\nGeeignet f\u00fcr Diesel, Kerosin, leichte \u00d6le, Wasser und andere wasserbasierte Medien, die mit den Pumpmaterialien kompatibel sind.<br \/>\nNur f\u00fcr leichte und nicht brennbare Fl\u00fcssigkeiten geeignet.<\/p>\n<p>Nicht verwenden mit<br \/>\nFl\u00fcssigkeiten, die nicht mit den verwendeten Materialien kompatibel sind.<br \/>\nNicht verwenden mit S\u00e4uren, Aceton, Benzol usw.<\/p>\n","protected":false},"featured_media":413073,"comment_status":"open","ping_status":"closed","template":"","meta":[],"location":[15428],"product_brand":[],"product_cat":[1222,1375,25159],"product_tag":[],"class_list":{"0":"post-413070","1":"product","2":"type-product","3":"status-publish","4":"has-post-thumbnail","6":"location-indi","7":"product_cat-motorteile","8":"product_cat-krafstoffpumpen","9":"product_cat-hochvolumen-kraftstoffpumpe","10":"product_shipping_class-paket-0-10-kg","12":"first","13":"onbackorder","14":"sale","15":"taxable","16":"shipping-taxable","17":"purchasable","18":"product-type-simple"},"group_of_quantity":0,"min_quantity":0,"max_quantity":"","exclude_order_quantity_value_rules":"no","exclude_category_quantity_rules":"no","combine_variations":"no","locations":[{"id":15428,"name":"INDI","slug":"indi","quantity":""}],"_links":{"self":[{"href":"https:\/\/ab-marineservice.com\/de\/wp-json\/wp\/v2\/product\/413070","targetHints":{"allow":["GET"]}}],"collection":[{"href":"https:\/\/ab-marineservice.com\/de\/wp-json\/wp\/v2\/product"}],"about":[{"href":"https:\/\/ab-marineservice.com\/de\/wp-json\/wp\/v2\/types\/product"}],"replies":[{"embeddable":true,"href":"https:\/\/ab-marineservice.com\/de\/wp-json\/wp\/v2\/comments?post=413070"}],"wp:featuredmedia":[{"embeddable":true,"href":"https:\/\/ab-marineservice.com\/de\/wp-json\/wp\/v2\/media\/413073"}],"wp:attachment":[{"href":"https:\/\/ab-marineservice.com\/de\/wp-json\/wp\/v2\/media?parent=413070"}],"wp:term":[{"taxonomy":"location","embeddable":true,"href":"https:\/\/ab-marineservice.com\/de\/wp-json\/wp\/v2\/location?post=413070"},{"taxonomy":"product_brand","embeddable":true,"href":"https:\/\/ab-marineservice.com\/de\/wp-json\/wp\/v2\/product_brand?post=413070"},{"taxonomy":"product_cat","embeddable":true,"href":"https:\/\/ab-marineservice.com\/de\/wp-json\/wp\/v2\/product_cat?post=413070"},{"taxonomy":"product_tag","embeddable":true,"href":"https:\/\/ab-marineservice.com\/de\/wp-json\/wp\/v2\/product_tag?post=413070"}],"curies":[{"name":"wp","href":"https:\/\/api.w.org\/{rel}","templated":true}]}}