{"id":419174,"date":"2026-01-07T09:53:49","date_gmt":"2026-01-07T08:53:49","guid":{"rendered":"https:\/\/ab-marineservice.com\/?post_type=product&#038;p=419174"},"modified":"2026-01-07T14:50:10","modified_gmt":"2026-01-07T13:50:10","slug":"motorhalterungssatz-ruggerini-mm150-mm190-mm191","status":"publish","type":"product","link":"https:\/\/ab-marineservice.com\/de\/produkt\/motorhalterungssatz-ruggerini-mm150-mm190-mm191\/","title":{"rendered":"Motorhalterungssatz Ruggerini MM150 MM190 MM191"},"content":{"rendered":"<p>Die Bestimmung der richtigen Motorhalterungen oder Schwingungsd\u00e4mpfer erfordert immer eine Berechnung; die Frequenz, Amplitude und die Anzahl der Zylinder des Motors spielen eine gro\u00dfe Rolle.<br \/>\nErsetzen Sie Motorhalterungen nur durch denselben Typ.<br \/>\nOder holen Sie sich vorher Rat ein, bevor Sie bestellen; wir ben\u00f6tigen die folgenden Informationen, soweit m\u00f6glich, um eine genaue Berechnung durchf\u00fchren zu k\u00f6nnen:<\/p>\n<p>Marke und Modell<br \/>\nMaximale Drehzahl<br \/>\nAnzahl der Zylinder<br \/>\nGewicht des Motors<br \/>\nDas Schubdrucklager ist installiert<br \/>\nFoto oder Skizze der Anordnung (Gewichtsverteilung)<\/p>\n<p>Lesen Sie mehr in unserem Blog (Link): <a href=\"https:\/\/ab-marineservice.com\/de\/eine-flexible-motorlagerung\/\">Eine flexible Motoraufstellung, homokinetisch?<\/a><\/p>\n<p>* Motorhalterungen (S\u00e4tze) werden basierend auf praktischer Erfahrung und nach umfangreicher Berechnung empfohlen.<br \/>\n* Materialarten, Einstellung und externe Faktoren k\u00f6nnen die Funktion beeinflussen, daher bleibt es immer eine Empfehlung.<\/p>\n","protected":false},"excerpt":{"rendered":"<p>Motorhalterung f\u00fcr optimale D\u00e4mpfung von kleinen bis mittelgro\u00dfen Motoren.<\/p>\n<p>A L\u00e4nge 93 mm<br \/>\nB H\u00f6he 34 mm<br \/>\nC Breite 64 mm<br \/>\nD Bohrung 76 mm<\/p>\n<p>Passt unter: Ruggerini MM150 \/ MM190 \/ MM191<\/p>\n<p>Justierung von flexiblen Schwingungsd\u00e4mpfern: <a href=\"https:\/\/ab-marineservice.com\/wp-content\/uploads\/2022\/08\/Correcte-afstelling-van-flexibele-trillingdempers-voor-een-scheepsmotor.pdf\">Bedingungen f\u00fcr die richtige Justierung<\/a><\/p>\n","protected":false},"featured_media":419178,"comment_status":"open","ping_status":"closed","template":"","meta":[],"location":[],"product_brand":[],"product_cat":[1222,1431,4075,2942],"product_tag":[],"class_list":{"0":"post-419174","1":"product","2":"type-product","3":"status-publish","4":"has-post-thumbnail","6":"product_cat-motorteile","7":"product_cat-motorstutzen","8":"product_cat-motorspezifisch","9":"product_cat-motorstutze-2-zylinder","10":"product_shipping_class-paket-0-10-kg","12":"first","13":"onbackorder","14":"taxable","15":"shipping-taxable","16":"purchasable","17":"product-type-simple"},"group_of_quantity":0,"min_quantity":0,"max_quantity":"","exclude_order_quantity_value_rules":"no","exclude_category_quantity_rules":"no","combine_variations":"no","locations":[],"_links":{"self":[{"href":"https:\/\/ab-marineservice.com\/de\/wp-json\/wp\/v2\/product\/419174","targetHints":{"allow":["GET"]}}],"collection":[{"href":"https:\/\/ab-marineservice.com\/de\/wp-json\/wp\/v2\/product"}],"about":[{"href":"https:\/\/ab-marineservice.com\/de\/wp-json\/wp\/v2\/types\/product"}],"replies":[{"embeddable":true,"href":"https:\/\/ab-marineservice.com\/de\/wp-json\/wp\/v2\/comments?post=419174"}],"wp:featuredmedia":[{"embeddable":true,"href":"https:\/\/ab-marineservice.com\/de\/wp-json\/wp\/v2\/media\/419178"}],"wp:attachment":[{"href":"https:\/\/ab-marineservice.com\/de\/wp-json\/wp\/v2\/media?parent=419174"}],"wp:term":[{"taxonomy":"location","embeddable":true,"href":"https:\/\/ab-marineservice.com\/de\/wp-json\/wp\/v2\/location?post=419174"},{"taxonomy":"product_brand","embeddable":true,"href":"https:\/\/ab-marineservice.com\/de\/wp-json\/wp\/v2\/product_brand?post=419174"},{"taxonomy":"product_cat","embeddable":true,"href":"https:\/\/ab-marineservice.com\/de\/wp-json\/wp\/v2\/product_cat?post=419174"},{"taxonomy":"product_tag","embeddable":true,"href":"https:\/\/ab-marineservice.com\/de\/wp-json\/wp\/v2\/product_tag?post=419174"}],"curies":[{"name":"wp","href":"https:\/\/api.w.org\/{rel}","templated":true}]}}