{"id":420007,"date":"2026-01-10T11:58:49","date_gmt":"2026-01-10T10:58:49","guid":{"rendered":"https:\/\/ab-marineservice.com\/?post_type=product&#038;p=420007"},"modified":"2026-01-13T18:51:36","modified_gmt":"2026-01-13T17:51:36","slug":"michigan-aqualube-gummilager-messing-22x35x88mm","status":"publish","type":"product","link":"https:\/\/ab-marineservice.com\/de\/produkt\/michigan-aqualube-gummilager-messing-22x35x88mm\/","title":{"rendered":"Michigan Aqualube Gummilager Messing 22x35x88mm"},"content":{"rendered":"<p><strong>Technische Daten:<\/strong><br \/>\nWellen Durchmesser: 22.00 mm<br \/>\nAu\u00dfendurchmesser: 35.00 mm<br \/>\nProduktl\u00e4nge: 88.00 mm<\/p>\n","protected":false},"excerpt":{"rendered":"<p>Michigan Aqualube Gummilager aus Messing, Abmessungen 22x35x88mm. Langlebiges Design f\u00fcr maritime Anwendungen, bietet zuverl\u00e4ssige D\u00e4mpfung und Schutz f\u00fcr Antriebssysteme.<\/p>\n","protected":false},"featured_media":420011,"comment_status":"open","ping_status":"closed","template":"","meta":[],"location":[],"product_brand":[],"product_cat":[3457,5397,25733,5618],"product_tag":[],"class_list":{"0":"post-420007","1":"product","2":"type-product","3":"status-publish","4":"has-post-thumbnail","6":"product_cat-antriebe","7":"product_cat-propeller-shaft-system-de","8":"product_cat-wellenlager","9":"product_cat-xl-lube-gummilager","10":"product_shipping_class-paket-0-10-kg","12":"first","13":"onbackorder","14":"sale","15":"taxable","16":"shipping-taxable","17":"purchasable","18":"product-type-simple"},"group_of_quantity":0,"min_quantity":0,"max_quantity":"","exclude_order_quantity_value_rules":"no","exclude_category_quantity_rules":"no","combine_variations":"no","locations":[{"id":6695,"name":"Exalto","slug":"exalto","quantity":""}],"_links":{"self":[{"href":"https:\/\/ab-marineservice.com\/de\/wp-json\/wp\/v2\/product\/420007","targetHints":{"allow":["GET"]}}],"collection":[{"href":"https:\/\/ab-marineservice.com\/de\/wp-json\/wp\/v2\/product"}],"about":[{"href":"https:\/\/ab-marineservice.com\/de\/wp-json\/wp\/v2\/types\/product"}],"replies":[{"embeddable":true,"href":"https:\/\/ab-marineservice.com\/de\/wp-json\/wp\/v2\/comments?post=420007"}],"wp:featuredmedia":[{"embeddable":true,"href":"https:\/\/ab-marineservice.com\/de\/wp-json\/wp\/v2\/media\/420011"}],"wp:attachment":[{"href":"https:\/\/ab-marineservice.com\/de\/wp-json\/wp\/v2\/media?parent=420007"}],"wp:term":[{"taxonomy":"location","embeddable":true,"href":"https:\/\/ab-marineservice.com\/de\/wp-json\/wp\/v2\/location?post=420007"},{"taxonomy":"product_brand","embeddable":true,"href":"https:\/\/ab-marineservice.com\/de\/wp-json\/wp\/v2\/product_brand?post=420007"},{"taxonomy":"product_cat","embeddable":true,"href":"https:\/\/ab-marineservice.com\/de\/wp-json\/wp\/v2\/product_cat?post=420007"},{"taxonomy":"product_tag","embeddable":true,"href":"https:\/\/ab-marineservice.com\/de\/wp-json\/wp\/v2\/product_tag?post=420007"}],"curies":[{"name":"wp","href":"https:\/\/api.w.org\/{rel}","templated":true}]}}