{"id":420030,"date":"2026-01-10T14:13:49","date_gmt":"2026-01-10T13:13:49","guid":{"rendered":"https:\/\/ab-marineservice.com\/?post_type=product&#038;p=420030"},"modified":"2026-01-13T18:51:25","modified_gmt":"2026-01-13T17:51:25","slug":"michigan-aqualube-gummilager-messing-30x40x58mm","status":"publish","type":"product","link":"https:\/\/ab-marineservice.com\/de\/produkt\/michigan-aqualube-gummilager-messing-30x40x58mm\/","title":{"rendered":"Michigan Aqualube Gummilager Messing 30x40x58mm"},"content":{"rendered":"<p><strong>Technische Daten:<\/strong><br \/>\nWellen Durchmesser: 30.00 mm<br \/>\nAu\u00dfendurchmesser: 40.00 mm<br \/>\nProduktl\u00e4nge: 158.00 mm<\/p>\n","protected":false},"excerpt":{"rendered":"<p>Michigan Aqualube Gummilager aus Messing, Abmessungen 30x40x58mm. Langlebiges Design f\u00fcr maritime Anwendungen, bietet zuverl\u00e4ssige D\u00e4mpfung und Schutz f\u00fcr Antriebssysteme.<\/p>\n","protected":false},"featured_media":420011,"comment_status":"open","ping_status":"closed","template":"","meta":[],"location":[6695],"product_brand":[],"product_cat":[3457,5397,25733,5618],"product_tag":[],"class_list":{"0":"post-420030","1":"product","2":"type-product","3":"status-publish","4":"has-post-thumbnail","6":"location-exalto","7":"product_cat-antriebe","8":"product_cat-propeller-shaft-system-de","9":"product_cat-wellenlager","10":"product_cat-xl-lube-gummilager","11":"product_shipping_class-paket-0-10-kg","13":"first","14":"instock","15":"sale","16":"taxable","17":"shipping-taxable","18":"purchasable","19":"product-type-simple"},"group_of_quantity":0,"min_quantity":0,"max_quantity":"","exclude_order_quantity_value_rules":"no","exclude_category_quantity_rules":"no","combine_variations":"no","locations":[{"id":6695,"name":"Exalto","slug":"exalto","quantity":""}],"_links":{"self":[{"href":"https:\/\/ab-marineservice.com\/de\/wp-json\/wp\/v2\/product\/420030","targetHints":{"allow":["GET"]}}],"collection":[{"href":"https:\/\/ab-marineservice.com\/de\/wp-json\/wp\/v2\/product"}],"about":[{"href":"https:\/\/ab-marineservice.com\/de\/wp-json\/wp\/v2\/types\/product"}],"replies":[{"embeddable":true,"href":"https:\/\/ab-marineservice.com\/de\/wp-json\/wp\/v2\/comments?post=420030"}],"wp:featuredmedia":[{"embeddable":true,"href":"https:\/\/ab-marineservice.com\/de\/wp-json\/wp\/v2\/media\/420011"}],"wp:attachment":[{"href":"https:\/\/ab-marineservice.com\/de\/wp-json\/wp\/v2\/media?parent=420030"}],"wp:term":[{"taxonomy":"location","embeddable":true,"href":"https:\/\/ab-marineservice.com\/de\/wp-json\/wp\/v2\/location?post=420030"},{"taxonomy":"product_brand","embeddable":true,"href":"https:\/\/ab-marineservice.com\/de\/wp-json\/wp\/v2\/product_brand?post=420030"},{"taxonomy":"product_cat","embeddable":true,"href":"https:\/\/ab-marineservice.com\/de\/wp-json\/wp\/v2\/product_cat?post=420030"},{"taxonomy":"product_tag","embeddable":true,"href":"https:\/\/ab-marineservice.com\/de\/wp-json\/wp\/v2\/product_tag?post=420030"}],"curies":[{"name":"wp","href":"https:\/\/api.w.org\/{rel}","templated":true}]}}