{"id":420111,"date":"2026-01-12T13:33:23","date_gmt":"2026-01-12T12:33:23","guid":{"rendered":"https:\/\/ab-marineservice.com\/?post_type=product&#038;p=420111"},"modified":"2026-01-13T18:50:33","modified_gmt":"2026-01-13T17:50:33","slug":"michigan-aqualube-gummilager-messing-50x66x200mm","status":"publish","type":"product","link":"https:\/\/ab-marineservice.com\/de\/produkt\/michigan-aqualube-gummilager-messing-50x66x200mm\/","title":{"rendered":"Michigan Aqualube Gummilager Messing 50x66x200mm"},"content":{"rendered":"<p><strong>Technische Daten:<\/strong><br \/>\nWellen Durchmesser: 50.00 mm<br \/>\nAu\u00dfendurchmesser: 66.00 mm<br \/>\nProduktl\u00e4nge: 200.00 mm<\/p>\n","protected":false},"excerpt":{"rendered":"<p>Michigan Aqualube Gummilager aus Messing, Abmessungen 50x66x200mm. Langlebiges Design f\u00fcr maritime Anwendungen, bietet zuverl\u00e4ssige D\u00e4mpfung und Schutz f\u00fcr Antriebssysteme.<\/p>\n","protected":false},"featured_media":420011,"comment_status":"open","ping_status":"closed","template":"","meta":[],"location":[6695],"product_brand":[],"product_cat":[3457,5397,25733,5618],"product_tag":[],"class_list":{"0":"post-420111","1":"product","2":"type-product","3":"status-publish","4":"has-post-thumbnail","6":"location-exalto","7":"product_cat-antriebe","8":"product_cat-propeller-shaft-system-de","9":"product_cat-wellenlager","10":"product_cat-xl-lube-gummilager","11":"product_shipping_class-paket-0-10-kg","13":"first","14":"onbackorder","15":"sale","16":"taxable","17":"shipping-taxable","18":"purchasable","19":"product-type-simple"},"group_of_quantity":0,"min_quantity":0,"max_quantity":"","exclude_order_quantity_value_rules":"no","exclude_category_quantity_rules":"no","combine_variations":"no","locations":[{"id":6695,"name":"Exalto","slug":"exalto","quantity":""}],"_links":{"self":[{"href":"https:\/\/ab-marineservice.com\/de\/wp-json\/wp\/v2\/product\/420111","targetHints":{"allow":["GET"]}}],"collection":[{"href":"https:\/\/ab-marineservice.com\/de\/wp-json\/wp\/v2\/product"}],"about":[{"href":"https:\/\/ab-marineservice.com\/de\/wp-json\/wp\/v2\/types\/product"}],"replies":[{"embeddable":true,"href":"https:\/\/ab-marineservice.com\/de\/wp-json\/wp\/v2\/comments?post=420111"}],"wp:featuredmedia":[{"embeddable":true,"href":"https:\/\/ab-marineservice.com\/de\/wp-json\/wp\/v2\/media\/420011"}],"wp:attachment":[{"href":"https:\/\/ab-marineservice.com\/de\/wp-json\/wp\/v2\/media?parent=420111"}],"wp:term":[{"taxonomy":"location","embeddable":true,"href":"https:\/\/ab-marineservice.com\/de\/wp-json\/wp\/v2\/location?post=420111"},{"taxonomy":"product_brand","embeddable":true,"href":"https:\/\/ab-marineservice.com\/de\/wp-json\/wp\/v2\/product_brand?post=420111"},{"taxonomy":"product_cat","embeddable":true,"href":"https:\/\/ab-marineservice.com\/de\/wp-json\/wp\/v2\/product_cat?post=420111"},{"taxonomy":"product_tag","embeddable":true,"href":"https:\/\/ab-marineservice.com\/de\/wp-json\/wp\/v2\/product_tag?post=420111"}],"curies":[{"name":"wp","href":"https:\/\/api.w.org\/{rel}","templated":true}]}}