{"id":420911,"date":"2026-01-15T15:00:51","date_gmt":"2026-01-15T14:00:51","guid":{"rendered":"https:\/\/ab-marineservice.com\/?post_type=product&#038;p=420911"},"modified":"2026-01-30T09:15:52","modified_gmt":"2026-01-30T08:15:52","slug":"michigan-aqualube-gummilager-spiralform-messing-60x80x240-mm","status":"publish","type":"product","link":"https:\/\/ab-marineservice.com\/de\/produkt\/michigan-aqualube-gummilager-spiralform-messing-60x80x240-mm\/","title":{"rendered":"Michigan Aqualube Gummilager Spiralform Messing 60x80x240 mm"},"content":{"rendered":"<p><strong>Technische Daten:<\/strong><br \/>\nWellen Durchmesser: 60.00 mm<br \/>\nAu\u00dfendurchmesser: 80.00 mm<br \/>\nProduktl\u00e4nge: 240.00 mm<\/p>\n","protected":false},"excerpt":{"rendered":"<p>Michigan Aqualube Gummilager Spiralform Messing, Abmessungen 60x80x240 mm. Langlebiges Design f\u00fcr maritime Anwendungen, bietet zuverl\u00e4ssige D\u00e4mpfung und Schutz f\u00fcr Antriebssysteme.<\/p>\n","protected":false},"featured_media":420906,"comment_status":"open","ping_status":"closed","template":"","meta":[],"location":[],"product_brand":[],"product_cat":[3457,5397,25733,5618],"product_tag":[],"class_list":{"0":"post-420911","1":"product","2":"type-product","3":"status-publish","4":"has-post-thumbnail","6":"product_cat-antriebe","7":"product_cat-propeller-shaft-system-de","8":"product_cat-wellenlager","9":"product_cat-xl-lube-gummilager","10":"product_shipping_class-paket-0-10-kg","12":"first","13":"instock","14":"taxable","15":"shipping-taxable","16":"product-type-simple"},"group_of_quantity":0,"min_quantity":0,"max_quantity":"","exclude_order_quantity_value_rules":"no","exclude_category_quantity_rules":"no","combine_variations":"no","locations":[],"_links":{"self":[{"href":"https:\/\/ab-marineservice.com\/de\/wp-json\/wp\/v2\/product\/420911","targetHints":{"allow":["GET"]}}],"collection":[{"href":"https:\/\/ab-marineservice.com\/de\/wp-json\/wp\/v2\/product"}],"about":[{"href":"https:\/\/ab-marineservice.com\/de\/wp-json\/wp\/v2\/types\/product"}],"replies":[{"embeddable":true,"href":"https:\/\/ab-marineservice.com\/de\/wp-json\/wp\/v2\/comments?post=420911"}],"wp:featuredmedia":[{"embeddable":true,"href":"https:\/\/ab-marineservice.com\/de\/wp-json\/wp\/v2\/media\/420906"}],"wp:attachment":[{"href":"https:\/\/ab-marineservice.com\/de\/wp-json\/wp\/v2\/media?parent=420911"}],"wp:term":[{"taxonomy":"location","embeddable":true,"href":"https:\/\/ab-marineservice.com\/de\/wp-json\/wp\/v2\/location?post=420911"},{"taxonomy":"product_brand","embeddable":true,"href":"https:\/\/ab-marineservice.com\/de\/wp-json\/wp\/v2\/product_brand?post=420911"},{"taxonomy":"product_cat","embeddable":true,"href":"https:\/\/ab-marineservice.com\/de\/wp-json\/wp\/v2\/product_cat?post=420911"},{"taxonomy":"product_tag","embeddable":true,"href":"https:\/\/ab-marineservice.com\/de\/wp-json\/wp\/v2\/product_tag?post=420911"}],"curies":[{"name":"wp","href":"https:\/\/api.w.org\/{rel}","templated":true}]}}