{"id":421264,"date":"2026-01-20T10:18:56","date_gmt":"2026-01-20T09:18:56","guid":{"rendered":"https:\/\/ab-marineservice.com\/?post_type=product&#038;p=421264"},"modified":"2026-01-30T09:15:44","modified_gmt":"2026-01-30T08:15:44","slug":"vesconite-hilube-lager-30x45x120mm","status":"publish","type":"product","link":"https:\/\/ab-marineservice.com\/de\/produkt\/vesconite-hilube-lager-30x45x120mm\/","title":{"rendered":"Vesconite HiLube Lager 30x45x120mm"},"content":{"rendered":"<p><strong>Technische Daten:<\/strong><br \/>\nWellendurchmesser: 30.00 mm<br \/>\nAu\u00dfendurchmesser: 45.00 mm<br \/>\nProduktl\u00e4nge: 120.00 mm<\/p>\n","protected":false},"excerpt":{"rendered":"<p>Vesconite HiLube Lager, Abmessungen 30x45x120mm. Langlebig und abriebfest, ideal f\u00fcr maritime Anwendungen, bietet zuverl\u00e4ssige D\u00e4mpfung und Schutz f\u00fcr Antriebssysteme.<\/p>\n","protected":false},"featured_media":421262,"comment_status":"open","ping_status":"closed","template":"","meta":[],"location":[6695],"product_brand":[],"product_cat":[3457,5397,25733,27232],"product_tag":[],"class_list":{"0":"post-421264","1":"product","2":"type-product","3":"status-publish","4":"has-post-thumbnail","6":"location-exalto","7":"product_cat-antriebe","8":"product_cat-propeller-shaft-system-de","9":"product_cat-wellenlager","10":"product_cat-vesconite-hilube-wassergeschmierte-lager","11":"product_shipping_class-paket-0-10-kg","13":"first","14":"instock","15":"sale","16":"taxable","17":"shipping-taxable","18":"purchasable","19":"product-type-simple"},"group_of_quantity":0,"min_quantity":0,"max_quantity":"","exclude_order_quantity_value_rules":"no","exclude_category_quantity_rules":"no","combine_variations":"no","locations":[{"id":6695,"name":"Exalto","slug":"exalto","quantity":""}],"_links":{"self":[{"href":"https:\/\/ab-marineservice.com\/de\/wp-json\/wp\/v2\/product\/421264","targetHints":{"allow":["GET"]}}],"collection":[{"href":"https:\/\/ab-marineservice.com\/de\/wp-json\/wp\/v2\/product"}],"about":[{"href":"https:\/\/ab-marineservice.com\/de\/wp-json\/wp\/v2\/types\/product"}],"replies":[{"embeddable":true,"href":"https:\/\/ab-marineservice.com\/de\/wp-json\/wp\/v2\/comments?post=421264"}],"wp:featuredmedia":[{"embeddable":true,"href":"https:\/\/ab-marineservice.com\/de\/wp-json\/wp\/v2\/media\/421262"}],"wp:attachment":[{"href":"https:\/\/ab-marineservice.com\/de\/wp-json\/wp\/v2\/media?parent=421264"}],"wp:term":[{"taxonomy":"location","embeddable":true,"href":"https:\/\/ab-marineservice.com\/de\/wp-json\/wp\/v2\/location?post=421264"},{"taxonomy":"product_brand","embeddable":true,"href":"https:\/\/ab-marineservice.com\/de\/wp-json\/wp\/v2\/product_brand?post=421264"},{"taxonomy":"product_cat","embeddable":true,"href":"https:\/\/ab-marineservice.com\/de\/wp-json\/wp\/v2\/product_cat?post=421264"},{"taxonomy":"product_tag","embeddable":true,"href":"https:\/\/ab-marineservice.com\/de\/wp-json\/wp\/v2\/product_tag?post=421264"}],"curies":[{"name":"wp","href":"https:\/\/api.w.org\/{rel}","templated":true}]}}