{"id":422785,"date":"2026-01-27T11:53:03","date_gmt":"2026-01-27T10:53:03","guid":{"rendered":"https:\/\/ab-marineservice.com\/product\/webasto-unite-22kw-wallbox\/"},"modified":"2026-01-30T09:14:49","modified_gmt":"2026-01-30T08:14:49","slug":"webasto-unite-22kw-wallbox","status":"publish","type":"product","link":"https:\/\/ab-marineservice.com\/de\/produkt\/webasto-unite-22kw-wallbox\/","title":{"rendered":"Webasto Unite 22kW Wallbox"},"content":{"rendered":"<p class=\"productDetailsSection__headline --headingLarge\">Webasto Unite MID 22 kW<\/p>\n<div id=\"productHighlights\" class=\"productHighlights\" data-v-ee9426f0=\"\" data-v-8e14bb8c=\"\" data-v-6466426b=\"\" data-prerenderer=\"productHighlights\">\n<section id=\"descriptionTitle__productHighlights\" class=\"descriptionBlock\" data-v-ee9426f0=\"\">\n<p class=\"descriptionBlock__title --headingLarge\">Highlights &#038; Details<\/p>\n<div class=\"productHighlights__block\" data-v-8e14bb8c=\"\">\n<ul class=\"--descriptionList\" data-v-8e14bb8c=\"\">\n<li class=\"--descriptionList__item --body\" data-v-8e14bb8c=\"\">Skalierbare Ladeleistung bis zu 22 kW<\/li>\n<li class=\"--descriptionList__item --body\" data-v-8e14bb8c=\"\">Ladebuchse (Typ 2) mit Verschluss f\u00fcr das Ladekabel<\/li>\n<li class=\"--descriptionList__item --body\" data-v-8e14bb8c=\"\">Sichere digitale Verwaltung \u00fcber das Webasto ChargeConnect Backend (Portal und App)<\/li>\n<li class=\"--descriptionList__item --body\" data-v-8e14bb8c=\"\">24\/7 Echtzeit\u00fcbertragung der Wallbox-Daten an Webasto ChargeConnect<\/li>\n<\/ul>\n<\/div>\n<\/section>\n<\/div>\n","protected":false},"excerpt":{"rendered":"<p>Mit der Webasto Unite Ladestation haben Sie eine zuverl\u00e4ssige Ladequelle f\u00fcr Ihr Elektrofahrzeug. Eine gute Investition sowohl f\u00fcr den privaten als auch f\u00fcr den gesch\u00e4ftlichen Gebrauch.<\/p>\n","protected":false},"featured_media":422777,"comment_status":"open","ping_status":"closed","template":"","meta":[],"location":[3905],"product_brand":[25905],"product_cat":[4606],"product_tag":[],"class_list":{"0":"post-422785","1":"product","2":"type-product","3":"status-publish","4":"has-post-thumbnail","6":"location-ab-marine-service","7":"product_brand-webasto","8":"product_cat-ev-charging-de","10":"first","11":"instock","12":"sale","13":"taxable","14":"shipping-taxable","15":"purchasable","16":"product-type-simple"},"group_of_quantity":0,"min_quantity":0,"max_quantity":"","exclude_order_quantity_value_rules":"no","exclude_category_quantity_rules":"no","combine_variations":"no","locations":[{"id":3905,"name":"AB Marine","slug":"ab-marine-service","quantity":""}],"_links":{"self":[{"href":"https:\/\/ab-marineservice.com\/de\/wp-json\/wp\/v2\/product\/422785","targetHints":{"allow":["GET"]}}],"collection":[{"href":"https:\/\/ab-marineservice.com\/de\/wp-json\/wp\/v2\/product"}],"about":[{"href":"https:\/\/ab-marineservice.com\/de\/wp-json\/wp\/v2\/types\/product"}],"replies":[{"embeddable":true,"href":"https:\/\/ab-marineservice.com\/de\/wp-json\/wp\/v2\/comments?post=422785"}],"wp:featuredmedia":[{"embeddable":true,"href":"https:\/\/ab-marineservice.com\/de\/wp-json\/wp\/v2\/media\/422777"}],"wp:attachment":[{"href":"https:\/\/ab-marineservice.com\/de\/wp-json\/wp\/v2\/media?parent=422785"}],"wp:term":[{"taxonomy":"location","embeddable":true,"href":"https:\/\/ab-marineservice.com\/de\/wp-json\/wp\/v2\/location?post=422785"},{"taxonomy":"product_brand","embeddable":true,"href":"https:\/\/ab-marineservice.com\/de\/wp-json\/wp\/v2\/product_brand?post=422785"},{"taxonomy":"product_cat","embeddable":true,"href":"https:\/\/ab-marineservice.com\/de\/wp-json\/wp\/v2\/product_cat?post=422785"},{"taxonomy":"product_tag","embeddable":true,"href":"https:\/\/ab-marineservice.com\/de\/wp-json\/wp\/v2\/product_tag?post=422785"}],"curies":[{"name":"wp","href":"https:\/\/api.w.org\/{rel}","templated":true}]}}