{"id":423227,"date":"2026-01-30T08:25:08","date_gmt":"2026-01-30T07:25:08","guid":{"rendered":"https:\/\/ab-marineservice.com\/?post_type=product&#038;p=423227"},"modified":"2026-01-30T09:14:01","modified_gmt":"2026-01-30T08:14:01","slug":"michigan-aqualube-gummilager-messing-22x125x88mm","status":"publish","type":"product","link":"https:\/\/ab-marineservice.com\/de\/produkt\/michigan-aqualube-gummilager-messing-22x125x88mm\/","title":{"rendered":"Michigan Aqualube Gummilager Messing 22&#215;1,25&#8243;x88mm"},"content":{"rendered":"<p><strong>Technische Daten:<\/strong><br \/>\nWellen Durchmesser: 22.00 mm<br \/>\nAu\u00dfendurchmesser: 1,25&#8243;<br \/>\nProduktl\u00e4nge: 88.00 mm<\/p>\n","protected":false},"excerpt":{"rendered":"<p>Michigan Aqualube Messing-Gummilager, Abmessungen 22&#215;1,25&#8243;x88mm. Robustes Design f\u00fcr maritime Anwendungen, bietet zuverl\u00e4ssige D\u00e4mpfung und Schutz f\u00fcr Antriebssysteme.<\/p>\n","protected":false},"featured_media":284410,"comment_status":"open","ping_status":"closed","template":"","meta":[],"location":[6695],"product_brand":[],"product_cat":[3457,5397,25733,5618],"product_tag":[],"class_list":{"0":"post-423227","1":"product","2":"type-product","3":"status-publish","4":"has-post-thumbnail","6":"location-exalto","7":"product_cat-antriebe","8":"product_cat-propeller-shaft-system-de","9":"product_cat-wellenlager","10":"product_cat-xl-lube-gummilager","11":"product_shipping_class-paket-0-10-kg","13":"first","14":"onbackorder","15":"sale","16":"taxable","17":"shipping-taxable","18":"purchasable","19":"product-type-simple"},"group_of_quantity":0,"min_quantity":0,"max_quantity":"","exclude_order_quantity_value_rules":"no","exclude_category_quantity_rules":"no","combine_variations":"no","locations":[{"id":6695,"name":"Exalto","slug":"exalto","quantity":""}],"_links":{"self":[{"href":"https:\/\/ab-marineservice.com\/de\/wp-json\/wp\/v2\/product\/423227","targetHints":{"allow":["GET"]}}],"collection":[{"href":"https:\/\/ab-marineservice.com\/de\/wp-json\/wp\/v2\/product"}],"about":[{"href":"https:\/\/ab-marineservice.com\/de\/wp-json\/wp\/v2\/types\/product"}],"replies":[{"embeddable":true,"href":"https:\/\/ab-marineservice.com\/de\/wp-json\/wp\/v2\/comments?post=423227"}],"wp:featuredmedia":[{"embeddable":true,"href":"https:\/\/ab-marineservice.com\/de\/wp-json\/wp\/v2\/media\/284410"}],"wp:attachment":[{"href":"https:\/\/ab-marineservice.com\/de\/wp-json\/wp\/v2\/media?parent=423227"}],"wp:term":[{"taxonomy":"location","embeddable":true,"href":"https:\/\/ab-marineservice.com\/de\/wp-json\/wp\/v2\/location?post=423227"},{"taxonomy":"product_brand","embeddable":true,"href":"https:\/\/ab-marineservice.com\/de\/wp-json\/wp\/v2\/product_brand?post=423227"},{"taxonomy":"product_cat","embeddable":true,"href":"https:\/\/ab-marineservice.com\/de\/wp-json\/wp\/v2\/product_cat?post=423227"},{"taxonomy":"product_tag","embeddable":true,"href":"https:\/\/ab-marineservice.com\/de\/wp-json\/wp\/v2\/product_tag?post=423227"}],"curies":[{"name":"wp","href":"https:\/\/api.w.org\/{rel}","templated":true}]}}