{"id":423826,"date":"2026-02-06T10:31:31","date_gmt":"2026-02-06T09:31:31","guid":{"rendered":"https:\/\/ab-marineservice.com\/?post_type=product&#038;p=423826"},"modified":"2026-02-19T12:22:53","modified_gmt":"2026-02-19T11:22:53","slug":"tank-93l-ohne-deckel-305x950mm","status":"publish","type":"product","link":"https:\/\/ab-marineservice.com\/de\/produkt\/tank-93l-ohne-deckel-305x950mm\/","title":{"rendered":"Tank 93L ohne Deckel &#8211; 305x950mm"},"content":{"rendered":"<p>Eine Serie fester Tanks geeignet f\u00fcr Wasser, Kraftstoff &#8211; Diesel oder Benzin, oder Abfall. Sie bestehen aus recycelbarem HDPE-Material und entsprechen den internationalen Normen ISO-21487, CE und RINA. Die Deckel sind separat erh\u00e4ltlich, je nach Verwendungszweck des Tanks, und werden mit allen relevanten Schlauchanschl\u00fcssen, Kappen und inneren Dichtungen geliefert. Die Deckel werden manuell an ihrem Platz geschraubt und mit einem Sperrstift gesichert, der verhindert, dass sie sich l\u00f6sen. Um den Tank zu reinigen, m\u00fcssen Sie nur den Sperrstift anheben und das Schott abschrauben, um leicht Zugang zum Inneren zu erhalten. Die Tankdeckelplatten sind auch geeignet, um sp\u00e4ter Sender f\u00fcr Messger\u00e4te zu montieren.<\/p>\n<p><strong>Technische Daten:<\/strong><br \/>\nMaterial: HDPE<br \/>\nProduktbreite: 360,00 mm<br \/>\nProdukh\u00f6he: 305,00 mm<br \/>\nProduktl\u00e4nge: 950,00 mm<br \/>\nTankinhalt: 93 Liter<br \/>\nForm: Rechteckig<\/p>\n","protected":false},"excerpt":{"rendered":"<p>Tank 93L ohne Deckel, aus HDPE-Material gefertigt. Rechteckige Form und ideal zur Aufbewahrung von Fl\u00fcssigkeiten, mit den Abmessungen 360 x 305 x 950 mm.<\/p>\n","protected":false},"featured_media":423802,"comment_status":"open","ping_status":"closed","template":"","meta":[],"location":[6695],"product_brand":[],"product_cat":[1312,27427,27426,1222,27391],"product_tag":[],"class_list":{"0":"post-423826","1":"product","2":"type-product","3":"status-publish","4":"has-post-thumbnail","6":"location-exalto","7":"product_cat-elektrische-pumpen","8":"product_cat-abwassertanks","9":"product_cat-wassertanks","10":"product_cat-motorteile","11":"product_cat-kraftstofftanks","12":"product_shipping_class-paket-0-10-kg","14":"first","15":"instock","16":"sale","17":"taxable","18":"shipping-taxable","19":"purchasable","20":"product-type-simple"},"group_of_quantity":0,"min_quantity":0,"max_quantity":"","exclude_order_quantity_value_rules":"no","exclude_category_quantity_rules":"no","combine_variations":"no","locations":[{"id":6695,"name":"Exalto","slug":"exalto","quantity":""}],"_links":{"self":[{"href":"https:\/\/ab-marineservice.com\/de\/wp-json\/wp\/v2\/product\/423826","targetHints":{"allow":["GET"]}}],"collection":[{"href":"https:\/\/ab-marineservice.com\/de\/wp-json\/wp\/v2\/product"}],"about":[{"href":"https:\/\/ab-marineservice.com\/de\/wp-json\/wp\/v2\/types\/product"}],"replies":[{"embeddable":true,"href":"https:\/\/ab-marineservice.com\/de\/wp-json\/wp\/v2\/comments?post=423826"}],"wp:featuredmedia":[{"embeddable":true,"href":"https:\/\/ab-marineservice.com\/de\/wp-json\/wp\/v2\/media\/423802"}],"wp:attachment":[{"href":"https:\/\/ab-marineservice.com\/de\/wp-json\/wp\/v2\/media?parent=423826"}],"wp:term":[{"taxonomy":"location","embeddable":true,"href":"https:\/\/ab-marineservice.com\/de\/wp-json\/wp\/v2\/location?post=423826"},{"taxonomy":"product_brand","embeddable":true,"href":"https:\/\/ab-marineservice.com\/de\/wp-json\/wp\/v2\/product_brand?post=423826"},{"taxonomy":"product_cat","embeddable":true,"href":"https:\/\/ab-marineservice.com\/de\/wp-json\/wp\/v2\/product_cat?post=423826"},{"taxonomy":"product_tag","embeddable":true,"href":"https:\/\/ab-marineservice.com\/de\/wp-json\/wp\/v2\/product_tag?post=423826"}],"curies":[{"name":"wp","href":"https:\/\/api.w.org\/{rel}","templated":true}]}}