{"id":425778,"date":"2026-02-18T11:58:01","date_gmt":"2026-02-18T10:58:01","guid":{"rendered":"https:\/\/ab-marineservice.com\/?post_type=product&#038;p=425778"},"modified":"2026-02-19T12:13:05","modified_gmt":"2026-02-19T11:13:05","slug":"kraftstofftankdeckel","status":"publish","type":"product","link":"https:\/\/ab-marineservice.com\/de\/produkt\/kraftstofftankdeckel\/","title":{"rendered":"Kraftstofftankdeckel"},"content":{"rendered":"<p><strong>Spezifikationen:<\/strong><br \/>\nGeeignet f\u00fcr: Kraftstoff<br \/>\nFarbe: Rot<br \/>\nMaterial: HDPE<br \/>\nForm: Rund<\/p>\n","protected":false},"excerpt":{"rendered":"<p>Hollex Kraftstofftankdeckel, entwickelt f\u00fcr eine sichere und zuverl\u00e4ssige Versiegelung von Kraftstofftanks. Sorgt f\u00fcr eine effiziente Funktion und verhindert Leckagen.<\/p>\n","protected":false},"featured_media":425782,"comment_status":"open","ping_status":"closed","template":"","meta":[],"location":[6695],"product_brand":[],"product_cat":[1222,27391],"product_tag":[],"class_list":{"0":"post-425778","1":"product","2":"type-product","3":"status-publish","4":"has-post-thumbnail","6":"location-exalto","7":"product_cat-motorteile","8":"product_cat-kraftstofftanks","9":"product_shipping_class-paket-0-10-kg","11":"first","12":"instock","13":"sale","14":"taxable","15":"shipping-taxable","16":"purchasable","17":"product-type-simple"},"group_of_quantity":0,"min_quantity":0,"max_quantity":"","exclude_order_quantity_value_rules":"no","exclude_category_quantity_rules":"no","combine_variations":"no","locations":[{"id":6695,"name":"Exalto","slug":"exalto","quantity":""}],"_links":{"self":[{"href":"https:\/\/ab-marineservice.com\/de\/wp-json\/wp\/v2\/product\/425778","targetHints":{"allow":["GET"]}}],"collection":[{"href":"https:\/\/ab-marineservice.com\/de\/wp-json\/wp\/v2\/product"}],"about":[{"href":"https:\/\/ab-marineservice.com\/de\/wp-json\/wp\/v2\/types\/product"}],"replies":[{"embeddable":true,"href":"https:\/\/ab-marineservice.com\/de\/wp-json\/wp\/v2\/comments?post=425778"}],"wp:featuredmedia":[{"embeddable":true,"href":"https:\/\/ab-marineservice.com\/de\/wp-json\/wp\/v2\/media\/425782"}],"wp:attachment":[{"href":"https:\/\/ab-marineservice.com\/de\/wp-json\/wp\/v2\/media?parent=425778"}],"wp:term":[{"taxonomy":"location","embeddable":true,"href":"https:\/\/ab-marineservice.com\/de\/wp-json\/wp\/v2\/location?post=425778"},{"taxonomy":"product_brand","embeddable":true,"href":"https:\/\/ab-marineservice.com\/de\/wp-json\/wp\/v2\/product_brand?post=425778"},{"taxonomy":"product_cat","embeddable":true,"href":"https:\/\/ab-marineservice.com\/de\/wp-json\/wp\/v2\/product_cat?post=425778"},{"taxonomy":"product_tag","embeddable":true,"href":"https:\/\/ab-marineservice.com\/de\/wp-json\/wp\/v2\/product_tag?post=425778"}],"curies":[{"name":"wp","href":"https:\/\/api.w.org\/{rel}","templated":true}]}}