{"id":425796,"date":"2026-02-18T12:23:48","date_gmt":"2026-02-18T11:23:48","guid":{"rendered":"https:\/\/ab-marineservice.com\/?post_type=product&#038;p=425796"},"modified":"2026-02-19T12:13:39","modified_gmt":"2026-02-19T11:13:39","slug":"blind-tankdeckel","status":"publish","type":"product","link":"https:\/\/ab-marineservice.com\/de\/produkt\/blind-tankdeckel\/","title":{"rendered":"Blind-Tankdeckel"},"content":{"rendered":"<p><strong>Spezifikationen:<\/strong><br \/>\nGeeignet f\u00fcr: Blind<br \/>\nFarbe: Wei\u00df<br \/>\nMaterial: HDPE<br \/>\nForm: Rund<\/p>\n","protected":false},"excerpt":{"rendered":"<p>Blind-Tankdeckel f\u00fcr das sichere und zuverl\u00e4ssige Verschlie\u00dfen von Tanks ohne Zugangsluke. Verhindert Leckagen und sorgt f\u00fcr eine sichere Versiegelung.<\/p>\n","protected":false},"featured_media":425800,"comment_status":"open","ping_status":"closed","template":"","meta":[],"location":[6695],"product_brand":[],"product_cat":[1312,27427,27426,1222,27391],"product_tag":[],"class_list":{"0":"post-425796","1":"product","2":"type-product","3":"status-publish","4":"has-post-thumbnail","6":"location-exalto","7":"product_cat-elektrische-pumpen","8":"product_cat-abwassertanks","9":"product_cat-wassertanks","10":"product_cat-motorteile","11":"product_cat-kraftstofftanks","12":"product_shipping_class-paket-0-10-kg","14":"first","15":"instock","16":"sale","17":"taxable","18":"shipping-taxable","19":"purchasable","20":"product-type-simple"},"group_of_quantity":0,"min_quantity":0,"max_quantity":"","exclude_order_quantity_value_rules":"no","exclude_category_quantity_rules":"no","combine_variations":"no","locations":[{"id":6695,"name":"Exalto","slug":"exalto","quantity":""}],"_links":{"self":[{"href":"https:\/\/ab-marineservice.com\/de\/wp-json\/wp\/v2\/product\/425796","targetHints":{"allow":["GET"]}}],"collection":[{"href":"https:\/\/ab-marineservice.com\/de\/wp-json\/wp\/v2\/product"}],"about":[{"href":"https:\/\/ab-marineservice.com\/de\/wp-json\/wp\/v2\/types\/product"}],"replies":[{"embeddable":true,"href":"https:\/\/ab-marineservice.com\/de\/wp-json\/wp\/v2\/comments?post=425796"}],"wp:featuredmedia":[{"embeddable":true,"href":"https:\/\/ab-marineservice.com\/de\/wp-json\/wp\/v2\/media\/425800"}],"wp:attachment":[{"href":"https:\/\/ab-marineservice.com\/de\/wp-json\/wp\/v2\/media?parent=425796"}],"wp:term":[{"taxonomy":"location","embeddable":true,"href":"https:\/\/ab-marineservice.com\/de\/wp-json\/wp\/v2\/location?post=425796"},{"taxonomy":"product_brand","embeddable":true,"href":"https:\/\/ab-marineservice.com\/de\/wp-json\/wp\/v2\/product_brand?post=425796"},{"taxonomy":"product_cat","embeddable":true,"href":"https:\/\/ab-marineservice.com\/de\/wp-json\/wp\/v2\/product_cat?post=425796"},{"taxonomy":"product_tag","embeddable":true,"href":"https:\/\/ab-marineservice.com\/de\/wp-json\/wp\/v2\/product_tag?post=425796"}],"curies":[{"name":"wp","href":"https:\/\/api.w.org\/{rel}","templated":true}]}}